{"id":5550,"date":"2025-11-21T21:33:19","date_gmt":"2025-11-21T20:33:19","guid":{"rendered":"https:\/\/kikaxdesign.hr\/?post_type=product&#038;p=5550"},"modified":"2026-01-05T13:21:11","modified_gmt":"2026-01-05T12:21:11","slug":"lakirana-drvena-kutija-za-noz-velika-kn-311v","status":"publish","type":"product","link":"https:\/\/kikaxdesign.hr\/it\/product\/lakirana-drvena-kutija-za-noz-velika-kn-311v\/","title":{"rendered":"Scatola portacoltelli in legno laccato grande KN-311V"},"content":{"rendered":"<p>Le scatole portacoltelli in legno sono realizzate appositamente per custodire coltelli unici fatti a mano e sono prodotte in due misure; il modello pi\u00f9 grande \u00e8 disponibile anche in una versione laccata di alta qualit\u00e0, realizzata in acero massello e con un inserto in spugna.<\/p>","protected":false},"excerpt":{"rendered":"<p>Scatola in legno massello di acero laccato di alta qualit\u00e0 per coltelli unici fatti a mano con inserto in spugna.<\/p>","protected":false},"featured_media":6552,"template":"","meta":{"_acf_changed":false},"product_brand":[],"product_cat":[101],"product_tag":[],"class_list":{"0":"post-5550","1":"product","2":"type-product","3":"status-publish","4":"has-post-thumbnail","6":"product_cat-drvene-kutije-za-nozeve","8":"first","9":"instock","10":"taxable","11":"shipping-taxable","12":"product-type-bundle"},"bundled_by":[],"bundle_stock_status":"instock","bundle_stock_quantity":"","bundle_virtual":false,"bundle_layout":"default","bundle_add_to_cart_form_location":"default","bundle_editable_in_cart":false,"bundle_sold_individually_context":"product","bundle_item_grouping":"parent","bundle_min_size":"","bundle_max_size":"","bundle_price":{"price":{"min":{"incl_tax":"9.00","excl_tax":"7.20"},"max":{"incl_tax":"18.95","excl_tax":"15.16"}},"regular_price":{"min":{"incl_tax":"9.00","excl_tax":"7.20"},"max":{"incl_tax":"18.95","excl_tax":"15.16"}}},"bundled_items":[{"bundled_item_id":1237,"product_id":5943,"menu_order":0,"quantity_min":1,"quantity_max":1,"quantity_default":1,"priced_individually":true,"shipped_individually":true,"override_title":false,"title":"Incisione CNC 3D","override_description":false,"description":"","optional":true,"hide_thumbnail":false,"discount":"","override_variations":false,"allowed_variations":[],"override_default_variation_attributes":false,"default_variation_attributes":[],"single_product_visibility":"visible","cart_visibility":"visible","order_visibility":"visible","single_product_price_visibility":"visible","cart_price_visibility":"visible","order_price_visibility":"visible","stock_status":"in_stock"}],"bundle_sell_ids":[],"exclude_global_add_ons":[],"addons":[],"acf":[],"_links":{"self":[{"href":"https:\/\/kikaxdesign.hr\/it\/wp-json\/wp\/v2\/product\/5550","targetHints":{"allow":["GET"]}}],"collection":[{"href":"https:\/\/kikaxdesign.hr\/it\/wp-json\/wp\/v2\/product"}],"about":[{"href":"https:\/\/kikaxdesign.hr\/it\/wp-json\/wp\/v2\/types\/product"}],"wp:featuredmedia":[{"embeddable":true,"href":"https:\/\/kikaxdesign.hr\/it\/wp-json\/wp\/v2\/media\/6552"}],"wp:attachment":[{"href":"https:\/\/kikaxdesign.hr\/it\/wp-json\/wp\/v2\/media?parent=5550"}],"wp:term":[{"taxonomy":"product_brand","embeddable":true,"href":"https:\/\/kikaxdesign.hr\/it\/wp-json\/wp\/v2\/product_brand?post=5550"},{"taxonomy":"product_cat","embeddable":true,"href":"https:\/\/kikaxdesign.hr\/it\/wp-json\/wp\/v2\/product_cat?post=5550"},{"taxonomy":"product_tag","embeddable":true,"href":"https:\/\/kikaxdesign.hr\/it\/wp-json\/wp\/v2\/product_tag?post=5550"}],"curies":[{"name":"wp","href":"https:\/\/api.w.org\/{rel}","templated":true}]}}