{"id":5140,"date":"2025-11-02T17:48:03","date_gmt":"2025-11-02T16:48:03","guid":{"rendered":"https:\/\/kikaxdesign.hr\/?post_type=product&#038;p=5140"},"modified":"2025-12-12T11:34:49","modified_gmt":"2025-12-12T10:34:49","slug":"drveni-usb-stick-smedi-usb128l","status":"publish","type":"product","link":"https:\/\/kikaxdesign.hr\/it\/product\/drveni-usb-stick-smedi-usb128l\/","title":{"rendered":"Chiavetta USB in legno marrone USB128L"},"content":{"rendered":"<p>Le chiavette USB in legno sono realizzate inserendo rinomati produttori di chiavette USB in custodie di legno. Si tratta di memorie Kingston 3.2 con elevate velocit\u00e0 di trasferimento e garanzia a vita. Oltre ai classici modelli &quot;quadrati&quot; pi\u00f9 venduti, leggermente pi\u00f9 larghi per facilitare il posizionamento del logo inciso al laser, sono disponibili anche modelli a forma di cuore e chiavette USB in un vero ramo di legno! Per i nostri classici modelli USB64, realizziamo anche una scatola di legno con uno slot spugnoso per la chiavetta, che riprende il design delle nostre scatole per fotolibri. L&#039;ultima serie di chiavette e scatole presenta un ulteriore marchio &quot;L&quot; e si riferisce a scatole e chiavette in legno di colore marrone.<\/p>","protected":false},"excerpt":{"rendered":"<p>Kingston 128 gb USB 3.2 memorija u boji palisandera<\/p>","protected":false},"featured_media":4793,"template":"","meta":{"_acf_changed":false},"product_brand":[],"product_cat":[85],"product_tag":[],"class_list":{"0":"post-5140","1":"product","2":"type-product","3":"status-publish","4":"has-post-thumbnail","6":"product_cat-drveni-stickovi-i-usb-kutije","8":"first","9":"instock","10":"taxable","11":"shipping-taxable","12":"product-type-bundle"},"bundled_by":[],"bundle_stock_status":"instock","bundle_stock_quantity":"","bundle_virtual":false,"bundle_layout":"default","bundle_add_to_cart_form_location":"default","bundle_editable_in_cart":false,"bundle_sold_individually_context":"product","bundle_item_grouping":"parent","bundle_min_size":"","bundle_max_size":"","bundle_price":{"price":{"min":{"incl_tax":"15.26","excl_tax":"12.21"},"max":{"incl_tax":"23.56","excl_tax":"18.85"}},"regular_price":{"min":{"incl_tax":"15.26","excl_tax":"12.21"},"max":{"incl_tax":"23.56","excl_tax":"18.85"}}},"bundled_items":[{"bundled_item_id":849,"product_id":3515,"menu_order":0,"quantity_min":1,"quantity_max":1,"quantity_default":1,"priced_individually":true,"shipped_individually":true,"override_title":false,"title":"Incisione laser di loghi o iscrizioni","override_description":false,"description":"","optional":true,"hide_thumbnail":false,"discount":"","override_variations":false,"allowed_variations":[],"override_default_variation_attributes":false,"default_variation_attributes":[],"single_product_visibility":"visible","cart_visibility":"visible","order_visibility":"visible","single_product_price_visibility":"visible","cart_price_visibility":"visible","order_price_visibility":"visible","stock_status":"in_stock"}],"bundle_sell_ids":[],"exclude_global_add_ons":[],"addons":[],"acf":[],"_links":{"self":[{"href":"https:\/\/kikaxdesign.hr\/it\/wp-json\/wp\/v2\/product\/5140","targetHints":{"allow":["GET"]}}],"collection":[{"href":"https:\/\/kikaxdesign.hr\/it\/wp-json\/wp\/v2\/product"}],"about":[{"href":"https:\/\/kikaxdesign.hr\/it\/wp-json\/wp\/v2\/types\/product"}],"wp:featuredmedia":[{"embeddable":true,"href":"https:\/\/kikaxdesign.hr\/it\/wp-json\/wp\/v2\/media\/4793"}],"wp:attachment":[{"href":"https:\/\/kikaxdesign.hr\/it\/wp-json\/wp\/v2\/media?parent=5140"}],"wp:term":[{"taxonomy":"product_brand","embeddable":true,"href":"https:\/\/kikaxdesign.hr\/it\/wp-json\/wp\/v2\/product_brand?post=5140"},{"taxonomy":"product_cat","embeddable":true,"href":"https:\/\/kikaxdesign.hr\/it\/wp-json\/wp\/v2\/product_cat?post=5140"},{"taxonomy":"product_tag","embeddable":true,"href":"https:\/\/kikaxdesign.hr\/it\/wp-json\/wp\/v2\/product_tag?post=5140"}],"curies":[{"name":"wp","href":"https:\/\/api.w.org\/{rel}","templated":true}]}}