{"id":4729,"date":"2025-10-13T10:24:42","date_gmt":"2025-10-13T08:24:42","guid":{"rendered":"https:\/\/kikaxdesign.hr\/?post_type=product&#038;p=4729"},"modified":"2026-01-14T12:11:29","modified_gmt":"2026-01-14T11:11:29","slug":"drvena-retro-kutija-za-1-bocu-k-504-2","status":"publish","type":"product","link":"https:\/\/kikaxdesign.hr\/it\/product\/drvena-retro-kutija-za-1-bocu-k-504-2\/","title":{"rendered":"Scatola retr\u00f2 in legno per 1 bottiglia K-504"},"content":{"rendered":"<p>Le scatole per bottiglie in legno retr\u00f2 sono l&#039;ultimo prodotto della nostra vasta gamma e rappresentano il nostro design e la nostra idea. Il loro scopo \u00e8 presentare il prodotto attraverso confezioni d&#039;epoca, che si tratti di vini d&#039;archivio che richiedono una scatola accattivante per il trasporto, o di confezioni uniche per regali aziendali. Le scatole sono anche specifiche per quanto riguarda il tipo di iscrizione, realizzata con una tecnica speciale, in vari colori. Sono realizzate esclusivamente in legno massello.<\/p>","protected":false},"excerpt":{"rendered":"<p>\u2013 scatola retr\u00f2 unica con coperchio brevettato rimovibile<\/p>","protected":false},"featured_media":6590,"template":"","meta":{"_acf_changed":false},"product_brand":[],"product_cat":[76,82],"product_tag":[],"class_list":{"0":"post-4729","1":"product","2":"type-product","3":"status-publish","4":"has-post-thumbnail","6":"product_cat-retro-linija-drvenih-kutija","7":"product_cat-retro-linija-kutija-i-sanduka","9":"first","10":"instock","11":"taxable","12":"shipping-taxable","13":"product-type-bundle"},"bundled_by":[],"bundle_stock_status":"instock","bundle_stock_quantity":"","bundle_virtual":false,"bundle_layout":"default","bundle_add_to_cart_form_location":"default","bundle_editable_in_cart":false,"bundle_sold_individually_context":"product","bundle_item_grouping":"parent","bundle_min_size":"","bundle_max_size":"","bundle_price":{"price":{"min":{"incl_tax":"13.98","excl_tax":"11.18"},"max":{"incl_tax":"23.53","excl_tax":"18.82"}},"regular_price":{"min":{"incl_tax":"13.98","excl_tax":"11.18"},"max":{"incl_tax":"23.53","excl_tax":"18.82"}}},"bundled_items":[{"bundled_item_id":1252,"product_id":5960,"menu_order":0,"quantity_min":1,"quantity_max":1,"quantity_default":1,"priced_individually":true,"shipped_individually":true,"override_title":false,"title":"Iscrizione stencil","override_description":false,"description":"","optional":true,"hide_thumbnail":false,"discount":"","override_variations":false,"allowed_variations":[],"override_default_variation_attributes":false,"default_variation_attributes":[],"single_product_visibility":"visible","cart_visibility":"visible","order_visibility":"visible","single_product_price_visibility":"visible","cart_price_visibility":"visible","order_price_visibility":"visible","stock_status":"in_stock"},{"bundled_item_id":784,"product_id":3513,"menu_order":1,"quantity_min":1,"quantity_max":1,"quantity_default":1,"priced_individually":true,"shipped_individually":false,"override_title":false,"title":"Riempimento con lana di legno decorativa","override_description":false,"description":"","optional":true,"hide_thumbnail":false,"discount":"","override_variations":false,"allowed_variations":[],"override_default_variation_attributes":false,"default_variation_attributes":[],"single_product_visibility":"visible","cart_visibility":"visible","order_visibility":"visible","single_product_price_visibility":"visible","cart_price_visibility":"visible","order_price_visibility":"visible","stock_status":"in_stock"}],"bundle_sell_ids":[],"exclude_global_add_ons":[],"addons":[],"acf":[],"_links":{"self":[{"href":"https:\/\/kikaxdesign.hr\/it\/wp-json\/wp\/v2\/product\/4729","targetHints":{"allow":["GET"]}}],"collection":[{"href":"https:\/\/kikaxdesign.hr\/it\/wp-json\/wp\/v2\/product"}],"about":[{"href":"https:\/\/kikaxdesign.hr\/it\/wp-json\/wp\/v2\/types\/product"}],"wp:featuredmedia":[{"embeddable":true,"href":"https:\/\/kikaxdesign.hr\/it\/wp-json\/wp\/v2\/media\/6590"}],"wp:attachment":[{"href":"https:\/\/kikaxdesign.hr\/it\/wp-json\/wp\/v2\/media?parent=4729"}],"wp:term":[{"taxonomy":"product_brand","embeddable":true,"href":"https:\/\/kikaxdesign.hr\/it\/wp-json\/wp\/v2\/product_brand?post=4729"},{"taxonomy":"product_cat","embeddable":true,"href":"https:\/\/kikaxdesign.hr\/it\/wp-json\/wp\/v2\/product_cat?post=4729"},{"taxonomy":"product_tag","embeddable":true,"href":"https:\/\/kikaxdesign.hr\/it\/wp-json\/wp\/v2\/product_tag?post=4729"}],"curies":[{"name":"wp","href":"https:\/\/api.w.org\/{rel}","templated":true}]}}