{"id":4631,"date":"2025-10-13T09:24:00","date_gmt":"2025-10-13T07:24:00","guid":{"rendered":"https:\/\/kikaxdesign.hr\/?post_type=product&#038;p=4631"},"modified":"2026-01-14T12:26:48","modified_gmt":"2026-01-14T11:26:48","slug":"transportna-drvena-kutija-za-12-butelja-k-106-12","status":"publish","type":"product","link":"https:\/\/kikaxdesign.hr\/it\/product\/transportna-drvena-kutija-za-12-butelja-k-106-12\/","title":{"rendered":"Cassa di legno per il trasporto di 12 bottiglie K-106-12"},"content":{"rendered":"<p>Le scatole in legno con coperchio scorrevole per bottiglie di vino rappresentano un&#039;alternativa alle classiche scatole con coperchio pieghevole. Il vantaggio \u00e8 la maniglia in materiale naturale (sisal) che rende la scatola in legno pratica da trasportare. I modelli pi\u00f9 grandi, da 6 e 12 bottiglie, grazie alla loro finitura di alta qualit\u00e0 (levigatura su tutti i lati), oltre allo scopo di trasportare bottiglie di vino, sono sempre pi\u00f9 utilizzati, con incisione del logo, come packaging per regali aziendali.<\/p>\n<p>Il segmento pi\u00f9 economico delle scatole \u00e8 chiuso da scatole in compensato di betulla o pioppo con maniglia sintetica, modelli KL-106 per una, due o tre bottiglie, senza divisori.<\/p>","protected":false},"excerpt":{"rendered":"<p>-sa odvojivim pregradama<\/p>","protected":false},"featured_media":6530,"template":"","meta":{"_acf_changed":false},"product_brand":[],"product_cat":[78],"product_tag":[],"class_list":{"0":"post-4631","1":"product","2":"type-product","3":"status-publish","4":"has-post-thumbnail","6":"product_cat-drvene-kutije-i-sanduci-sa-kliznim-poklopcem","8":"first","9":"instock","10":"taxable","11":"shipping-taxable","12":"product-type-bundle"},"bundled_by":[],"bundle_stock_status":"instock","bundle_stock_quantity":"","bundle_virtual":false,"bundle_layout":"default","bundle_add_to_cart_form_location":"default","bundle_editable_in_cart":false,"bundle_sold_individually_context":"product","bundle_item_grouping":"parent","bundle_min_size":"","bundle_max_size":"","bundle_price":{"price":{"min":{"incl_tax":"24.13","excl_tax":"19.30"},"max":{"incl_tax":"33.68","excl_tax":"26.94"}},"regular_price":{"min":{"incl_tax":"24.13","excl_tax":"19.30"},"max":{"incl_tax":"33.68","excl_tax":"26.94"}}},"bundled_items":[{"bundled_item_id":723,"product_id":3515,"menu_order":0,"quantity_min":1,"quantity_max":1,"quantity_default":1,"priced_individually":true,"shipped_individually":true,"override_title":false,"title":"Incisione laser di loghi o iscrizioni","override_description":false,"description":"","optional":true,"hide_thumbnail":false,"discount":"","override_variations":false,"allowed_variations":[],"override_default_variation_attributes":false,"default_variation_attributes":[],"single_product_visibility":"visible","cart_visibility":"visible","order_visibility":"visible","single_product_price_visibility":"visible","cart_price_visibility":"visible","order_price_visibility":"visible","stock_status":"in_stock"},{"bundled_item_id":724,"product_id":3513,"menu_order":1,"quantity_min":1,"quantity_max":1,"quantity_default":1,"priced_individually":true,"shipped_individually":false,"override_title":false,"title":"Riempimento con lana di legno decorativa","override_description":false,"description":"","optional":true,"hide_thumbnail":false,"discount":"","override_variations":false,"allowed_variations":[],"override_default_variation_attributes":false,"default_variation_attributes":[],"single_product_visibility":"visible","cart_visibility":"visible","order_visibility":"visible","single_product_price_visibility":"visible","cart_price_visibility":"visible","order_price_visibility":"visible","stock_status":"in_stock"}],"bundle_sell_ids":[],"exclude_global_add_ons":[],"addons":[],"acf":[],"_links":{"self":[{"href":"https:\/\/kikaxdesign.hr\/it\/wp-json\/wp\/v2\/product\/4631","targetHints":{"allow":["GET"]}}],"collection":[{"href":"https:\/\/kikaxdesign.hr\/it\/wp-json\/wp\/v2\/product"}],"about":[{"href":"https:\/\/kikaxdesign.hr\/it\/wp-json\/wp\/v2\/types\/product"}],"wp:featuredmedia":[{"embeddable":true,"href":"https:\/\/kikaxdesign.hr\/it\/wp-json\/wp\/v2\/media\/6530"}],"wp:attachment":[{"href":"https:\/\/kikaxdesign.hr\/it\/wp-json\/wp\/v2\/media?parent=4631"}],"wp:term":[{"taxonomy":"product_brand","embeddable":true,"href":"https:\/\/kikaxdesign.hr\/it\/wp-json\/wp\/v2\/product_brand?post=4631"},{"taxonomy":"product_cat","embeddable":true,"href":"https:\/\/kikaxdesign.hr\/it\/wp-json\/wp\/v2\/product_cat?post=4631"},{"taxonomy":"product_tag","embeddable":true,"href":"https:\/\/kikaxdesign.hr\/it\/wp-json\/wp\/v2\/product_tag?post=4631"}],"curies":[{"name":"wp","href":"https:\/\/api.w.org\/{rel}","templated":true}]}}