{"id":4557,"date":"2025-10-13T08:30:13","date_gmt":"2025-10-13T06:30:13","guid":{"rendered":"https:\/\/kikaxdesign.hr\/?post_type=product&#038;p=4557"},"modified":"2026-01-17T10:03:20","modified_gmt":"2026-01-17T09:03:20","slug":"drvena-kistrica-kl-118s-2","status":"publish","type":"product","link":"https:\/\/kikaxdesign.hr\/it\/product\/drvena-kistrica-kl-118s-2\/","title":{"rendered":"Spazzola in legno KL-118s"},"content":{"rendered":"<p>Le spazzole in legno (astucci) e le scatole decorative sono imballaggi multiuso, utilizzati principalmente per confezionare diverse confezioni per regali aziendali, dalle pi\u00f9 grandi (K-108v) alle pi\u00f9 piccole (K-118m). Produciamo anche il modello pi\u00f9 venduto K-108 in versione illuminata, il cui volume corrisponde al confezionamento di un massimo di 5 bottiglie. Completato con rafia o paglia, che pu\u00f2 essere consegnato anche in una confezione con scatole, e con incisione, che in questo caso viene applicata su una base in legno separata con contorni diversi, rappresenta un regalo aziendale davvero unico.<\/p>","protected":false},"excerpt":{"rendered":"<p>&#8211; srednja ki\u0161trica od \u0161perplo\u010de breze sa ru\u010dkama<\/p>","protected":false},"featured_media":4558,"template":"","meta":{"_acf_changed":false},"product_brand":[],"product_cat":[75],"product_tag":[],"class_list":{"0":"post-4557","1":"product","2":"type-product","3":"status-publish","4":"has-post-thumbnail","6":"product_cat-poklon-sanduci-i-kistrice","8":"first","9":"instock","10":"taxable","11":"shipping-taxable","12":"product-type-bundle"},"bundled_by":[],"bundle_stock_status":"instock","bundle_stock_quantity":"","bundle_virtual":false,"bundle_layout":"default","bundle_add_to_cart_form_location":"default","bundle_editable_in_cart":false,"bundle_sold_individually_context":"product","bundle_item_grouping":"parent","bundle_min_size":"","bundle_max_size":"","bundle_price":{"price":{"min":{"incl_tax":"5.00","excl_tax":"4.00"},"max":{"incl_tax":"14.55","excl_tax":"11.64"}},"regular_price":{"min":{"incl_tax":"5.00","excl_tax":"4.00"},"max":{"incl_tax":"14.55","excl_tax":"11.64"}}},"bundled_items":[{"bundled_item_id":673,"product_id":3515,"menu_order":0,"quantity_min":1,"quantity_max":1,"quantity_default":1,"priced_individually":true,"shipped_individually":true,"override_title":false,"title":"Incisione laser di loghi o iscrizioni","override_description":false,"description":"","optional":true,"hide_thumbnail":false,"discount":"","override_variations":false,"allowed_variations":[],"override_default_variation_attributes":false,"default_variation_attributes":[],"single_product_visibility":"visible","cart_visibility":"visible","order_visibility":"visible","single_product_price_visibility":"visible","cart_price_visibility":"visible","order_price_visibility":"visible","stock_status":"in_stock"},{"bundled_item_id":674,"product_id":3513,"menu_order":1,"quantity_min":1,"quantity_max":1,"quantity_default":1,"priced_individually":true,"shipped_individually":false,"override_title":false,"title":"Riempimento con lana di legno decorativa","override_description":false,"description":"","optional":true,"hide_thumbnail":false,"discount":"","override_variations":false,"allowed_variations":[],"override_default_variation_attributes":false,"default_variation_attributes":[],"single_product_visibility":"visible","cart_visibility":"visible","order_visibility":"visible","single_product_price_visibility":"visible","cart_price_visibility":"visible","order_price_visibility":"visible","stock_status":"in_stock"}],"bundle_sell_ids":[],"exclude_global_add_ons":[],"addons":[],"acf":[],"_links":{"self":[{"href":"https:\/\/kikaxdesign.hr\/it\/wp-json\/wp\/v2\/product\/4557","targetHints":{"allow":["GET"]}}],"collection":[{"href":"https:\/\/kikaxdesign.hr\/it\/wp-json\/wp\/v2\/product"}],"about":[{"href":"https:\/\/kikaxdesign.hr\/it\/wp-json\/wp\/v2\/types\/product"}],"wp:featuredmedia":[{"embeddable":true,"href":"https:\/\/kikaxdesign.hr\/it\/wp-json\/wp\/v2\/media\/4558"}],"wp:attachment":[{"href":"https:\/\/kikaxdesign.hr\/it\/wp-json\/wp\/v2\/media?parent=4557"}],"wp:term":[{"taxonomy":"product_brand","embeddable":true,"href":"https:\/\/kikaxdesign.hr\/it\/wp-json\/wp\/v2\/product_brand?post=4557"},{"taxonomy":"product_cat","embeddable":true,"href":"https:\/\/kikaxdesign.hr\/it\/wp-json\/wp\/v2\/product_cat?post=4557"},{"taxonomy":"product_tag","embeddable":true,"href":"https:\/\/kikaxdesign.hr\/it\/wp-json\/wp\/v2\/product_tag?post=4557"}],"curies":[{"name":"wp","href":"https:\/\/api.w.org\/{rel}","templated":true}]}}