{"id":4509,"date":"2025-10-13T01:02:36","date_gmt":"2025-10-12T23:02:36","guid":{"rendered":"https:\/\/kikaxdesign.hr\/?post_type=product&#038;p=4509"},"modified":"2026-01-14T10:25:18","modified_gmt":"2026-01-14T09:25:18","slug":"drvena-pandorina-kutija-k-320-2","status":"publish","type":"product","link":"https:\/\/kikaxdesign.hr\/it\/product\/drvena-pandorina-kutija-k-320-2\/","title":{"rendered":"Vaso di Pandora in legno K-320"},"content":{"rendered":"<p>Pandorina kutija je na\u0161 dizajn puzzle boxa, odli\u010dno prihva\u0107en od strane kupaca za razli\u010dite ro\u0111endane, ili pak druge poklon prigode. Idealna je podloga za cnc gravuru. Do enigmatski skrivene bravice i klju\u010di\u0107a dolazi se pokretanjem 3 poluge odre\u0111enim redoslijedom.<\/p>\n<p>Video redoslijeda otvaranja : <a href=\"https:\/\/www.youtube.com\/watch?v=ji3Ig4g_xdQ\">https:\/\/studio.youtube.com\/video\/ji3Ig4g_xdQ\/edit<\/a><\/p>","protected":false},"excerpt":{"rendered":"<p>Drvena kutija sa skirvenim mehanizmom otvaranja.<\/p>","protected":false},"featured_media":4510,"template":"","meta":{"_acf_changed":false},"product_brand":[],"product_cat":[74],"product_tag":[],"class_list":{"0":"post-4509","1":"product","2":"type-product","3":"status-publish","4":"has-post-thumbnail","6":"product_cat-ostali-drveni-promo-pokloni","8":"first","9":"instock","10":"taxable","11":"shipping-taxable","12":"product-type-bundle"},"bundled_by":[],"bundle_stock_status":"instock","bundle_stock_quantity":"","bundle_virtual":false,"bundle_layout":"default","bundle_add_to_cart_form_location":"default","bundle_editable_in_cart":false,"bundle_sold_individually_context":"product","bundle_item_grouping":"parent","bundle_min_size":"","bundle_max_size":"","bundle_price":{"price":{"min":{"incl_tax":"32.28","excl_tax":"25.82"},"max":{"incl_tax":"42.23","excl_tax":"33.78"}},"regular_price":{"min":{"incl_tax":"32.28","excl_tax":"25.82"},"max":{"incl_tax":"42.23","excl_tax":"33.78"}}},"bundled_items":[{"bundled_item_id":1220,"product_id":5943,"menu_order":0,"quantity_min":1,"quantity_max":1,"quantity_default":1,"priced_individually":true,"shipped_individually":true,"override_title":false,"title":"Incisione CNC 3D","override_description":false,"description":"","optional":true,"hide_thumbnail":false,"discount":"","override_variations":false,"allowed_variations":[],"override_default_variation_attributes":false,"default_variation_attributes":[],"single_product_visibility":"visible","cart_visibility":"visible","order_visibility":"visible","single_product_price_visibility":"visible","cart_price_visibility":"visible","order_price_visibility":"visible","stock_status":"in_stock"}],"bundle_sell_ids":[],"exclude_global_add_ons":[],"addons":[],"acf":[],"_links":{"self":[{"href":"https:\/\/kikaxdesign.hr\/it\/wp-json\/wp\/v2\/product\/4509","targetHints":{"allow":["GET"]}}],"collection":[{"href":"https:\/\/kikaxdesign.hr\/it\/wp-json\/wp\/v2\/product"}],"about":[{"href":"https:\/\/kikaxdesign.hr\/it\/wp-json\/wp\/v2\/types\/product"}],"wp:featuredmedia":[{"embeddable":true,"href":"https:\/\/kikaxdesign.hr\/it\/wp-json\/wp\/v2\/media\/4510"}],"wp:attachment":[{"href":"https:\/\/kikaxdesign.hr\/it\/wp-json\/wp\/v2\/media?parent=4509"}],"wp:term":[{"taxonomy":"product_brand","embeddable":true,"href":"https:\/\/kikaxdesign.hr\/it\/wp-json\/wp\/v2\/product_brand?post=4509"},{"taxonomy":"product_cat","embeddable":true,"href":"https:\/\/kikaxdesign.hr\/it\/wp-json\/wp\/v2\/product_cat?post=4509"},{"taxonomy":"product_tag","embeddable":true,"href":"https:\/\/kikaxdesign.hr\/it\/wp-json\/wp\/v2\/product_tag?post=4509"}],"curies":[{"name":"wp","href":"https:\/\/api.w.org\/{rel}","templated":true}]}}