{"id":4475,"date":"2025-10-13T00:43:11","date_gmt":"2025-10-12T22:43:11","guid":{"rendered":"https:\/\/kikaxdesign.hr\/?post_type=product&#038;p=4475"},"modified":"2026-01-14T09:48:36","modified_gmt":"2026-01-14T08:48:36","slug":"drvena-kutija-za-nakit-k-111n-2","status":"publish","type":"product","link":"https:\/\/kikaxdesign.hr\/it\/product\/drvena-kutija-za-nakit-k-111n-2\/","title":{"rendered":"Scatola portagioie in legno K-111n"},"content":{"rendered":"<p>Portagioie in legno con piedini intagliati e divisorio opzionale a 4 scomparti<\/p>","protected":false},"excerpt":{"rendered":"<p>Le scatole in legno e gli armadietti portagioie sono rappresentati da due scatole con coperchio incernierato, il modello pi\u00f9 piccolo K-111n, con gambe e 4 scomparti, e il modello pi\u00f9 grande K-111Na, con 15 o pi\u00f9 scomparti. Gli armadietti sono rappresentati dal mobile indipendente K-124, con 4 cassetti estraibili. La combinazione di mobile e scatola si manifesta nel modello K-127n, che contiene un cassetto estraibile e un coperchio incernierato nella parte superiore della scatola.<\/p>","protected":false},"featured_media":4476,"template":"","meta":{"_acf_changed":false},"product_brand":[],"product_cat":[73],"product_tag":[],"class_list":{"0":"post-4475","1":"product","2":"type-product","3":"status-publish","4":"has-post-thumbnail","6":"product_cat-natur-drvene-kutije","8":"first","9":"instock","10":"taxable","11":"shipping-taxable","12":"product-type-bundle"},"bundled_by":[],"bundle_stock_status":"instock","bundle_stock_quantity":"","bundle_virtual":false,"bundle_layout":"default","bundle_add_to_cart_form_location":"default","bundle_editable_in_cart":false,"bundle_sold_individually_context":"product","bundle_item_grouping":"parent","bundle_min_size":"","bundle_max_size":"","bundle_price":{"price":{"min":{"incl_tax":"6.91","excl_tax":"5.53"},"max":{"incl_tax":"16.46","excl_tax":"13.17"}},"regular_price":{"min":{"incl_tax":"6.91","excl_tax":"5.53"},"max":{"incl_tax":"16.46","excl_tax":"13.17"}}},"bundled_items":[{"bundled_item_id":613,"product_id":3515,"menu_order":0,"quantity_min":1,"quantity_max":1,"quantity_default":1,"priced_individually":true,"shipped_individually":true,"override_title":false,"title":"Incisione laser di loghi o iscrizioni","override_description":false,"description":"","optional":true,"hide_thumbnail":false,"discount":"","override_variations":false,"allowed_variations":[],"override_default_variation_attributes":false,"default_variation_attributes":[],"single_product_visibility":"visible","cart_visibility":"visible","order_visibility":"visible","single_product_price_visibility":"visible","cart_price_visibility":"visible","order_price_visibility":"visible","stock_status":"in_stock"},{"bundled_item_id":614,"product_id":3513,"menu_order":1,"quantity_min":1,"quantity_max":1,"quantity_default":1,"priced_individually":true,"shipped_individually":false,"override_title":false,"title":"Riempimento con lana di legno decorativa","override_description":false,"description":"","optional":true,"hide_thumbnail":false,"discount":"","override_variations":false,"allowed_variations":[],"override_default_variation_attributes":false,"default_variation_attributes":[],"single_product_visibility":"visible","cart_visibility":"visible","order_visibility":"visible","single_product_price_visibility":"visible","cart_price_visibility":"visible","order_price_visibility":"visible","stock_status":"in_stock"}],"bundle_sell_ids":[],"exclude_global_add_ons":[],"addons":[],"acf":[],"_links":{"self":[{"href":"https:\/\/kikaxdesign.hr\/it\/wp-json\/wp\/v2\/product\/4475","targetHints":{"allow":["GET"]}}],"collection":[{"href":"https:\/\/kikaxdesign.hr\/it\/wp-json\/wp\/v2\/product"}],"about":[{"href":"https:\/\/kikaxdesign.hr\/it\/wp-json\/wp\/v2\/types\/product"}],"wp:featuredmedia":[{"embeddable":true,"href":"https:\/\/kikaxdesign.hr\/it\/wp-json\/wp\/v2\/media\/4476"}],"wp:attachment":[{"href":"https:\/\/kikaxdesign.hr\/it\/wp-json\/wp\/v2\/media?parent=4475"}],"wp:term":[{"taxonomy":"product_brand","embeddable":true,"href":"https:\/\/kikaxdesign.hr\/it\/wp-json\/wp\/v2\/product_brand?post=4475"},{"taxonomy":"product_cat","embeddable":true,"href":"https:\/\/kikaxdesign.hr\/it\/wp-json\/wp\/v2\/product_cat?post=4475"},{"taxonomy":"product_tag","embeddable":true,"href":"https:\/\/kikaxdesign.hr\/it\/wp-json\/wp\/v2\/product_tag?post=4475"}],"curies":[{"name":"wp","href":"https:\/\/api.w.org\/{rel}","templated":true}]}}