{"id":4314,"date":"2025-10-12T22:56:37","date_gmt":"2025-10-12T20:56:37","guid":{"rendered":"https:\/\/kikaxdesign.hr\/?post_type=product&#038;p=4314"},"modified":"2025-12-03T12:52:59","modified_gmt":"2025-12-03T11:52:59","slug":"drvena-skrinjica-k-202n","status":"publish","type":"product","link":"https:\/\/kikaxdesign.hr\/it\/product\/drvena-skrinjica-k-202n\/","title":{"rendered":"Scatola di legno K-202n"},"content":{"rendered":"<p>Le casse dei pirati sono realizzate in pino massello, abbinato a compensato di pino o betulla. Impregnati con due tonalit\u00e0 di mordente, sono fissati con elementi metallici e chiodi decorativi. I modelli pi\u00f9 grandi sono spesso utilizzati come ulteriore guardaroba rustico per vestiti o altri oggetti, mentre i modelli pi\u00f9 piccoli sono pi\u00f9 adatti come regalo unico per compleanni, matrimoni e altre celebrazioni. In questa occasione, possiamo incidere le casse (su una targhetta dello stesso materiale incollata al coperchio) e incidere dediche, come ricordo duraturo. Gli interni della cassa sono in una versione naturale, non verniciati. Oltre alle dimensioni indicate nella tabella, che possono essere ordinate singolarmente, le casse possono essere realizzate anche su misura, ma solo in quantit\u00e0 superiori a 30 pezzi.<\/p>","protected":false},"excerpt":{"rendered":"<p>\u2013 un piccolo baule in stile pirata con un lucchetto<\/p>","protected":false},"featured_media":4315,"template":"","meta":{"_acf_changed":false},"product_brand":[],"product_cat":[108],"product_tag":[],"class_list":{"0":"post-4314","1":"product","2":"type-product","3":"status-publish","4":"has-post-thumbnail","6":"product_cat-gusarske-i-natur-skrinje","8":"first","9":"instock","10":"taxable","11":"shipping-taxable","12":"product-type-bundle"},"bundled_by":[],"bundle_stock_status":"instock","bundle_stock_quantity":"","bundle_virtual":false,"bundle_layout":"default","bundle_add_to_cart_form_location":"default","bundle_editable_in_cart":false,"bundle_sold_individually_context":"product","bundle_item_grouping":"parent","bundle_min_size":"","bundle_max_size":"","bundle_price":{"price":{"min":{"incl_tax":"20.00","excl_tax":"16.00"},"max":{"incl_tax":"29.55","excl_tax":"23.64"}},"regular_price":{"min":{"incl_tax":"20.00","excl_tax":"16.00"},"max":{"incl_tax":"29.55","excl_tax":"23.64"}}},"bundled_items":[{"bundled_item_id":497,"product_id":3515,"menu_order":0,"quantity_min":1,"quantity_max":1,"quantity_default":1,"priced_individually":true,"shipped_individually":true,"override_title":false,"title":"Laserska gravura","override_description":false,"description":"","optional":true,"hide_thumbnail":false,"discount":"","override_variations":false,"allowed_variations":[],"override_default_variation_attributes":false,"default_variation_attributes":[],"single_product_visibility":"visible","cart_visibility":"visible","order_visibility":"visible","single_product_price_visibility":"visible","cart_price_visibility":"visible","order_price_visibility":"visible","stock_status":"in_stock"},{"bundled_item_id":498,"product_id":3513,"menu_order":1,"quantity_min":1,"quantity_max":1,"quantity_default":1,"priced_individually":true,"shipped_individually":false,"override_title":false,"title":"Riempimento con lana di legno decorativa","override_description":false,"description":"","optional":true,"hide_thumbnail":false,"discount":"","override_variations":false,"allowed_variations":[],"override_default_variation_attributes":false,"default_variation_attributes":[],"single_product_visibility":"visible","cart_visibility":"visible","order_visibility":"visible","single_product_price_visibility":"visible","cart_price_visibility":"visible","order_price_visibility":"visible","stock_status":"in_stock"}],"bundle_sell_ids":[],"exclude_global_add_ons":[],"addons":[],"acf":[],"_links":{"self":[{"href":"https:\/\/kikaxdesign.hr\/it\/wp-json\/wp\/v2\/product\/4314","targetHints":{"allow":["GET"]}}],"collection":[{"href":"https:\/\/kikaxdesign.hr\/it\/wp-json\/wp\/v2\/product"}],"about":[{"href":"https:\/\/kikaxdesign.hr\/it\/wp-json\/wp\/v2\/types\/product"}],"wp:featuredmedia":[{"embeddable":true,"href":"https:\/\/kikaxdesign.hr\/it\/wp-json\/wp\/v2\/media\/4315"}],"wp:attachment":[{"href":"https:\/\/kikaxdesign.hr\/it\/wp-json\/wp\/v2\/media?parent=4314"}],"wp:term":[{"taxonomy":"product_brand","embeddable":true,"href":"https:\/\/kikaxdesign.hr\/it\/wp-json\/wp\/v2\/product_brand?post=4314"},{"taxonomy":"product_cat","embeddable":true,"href":"https:\/\/kikaxdesign.hr\/it\/wp-json\/wp\/v2\/product_cat?post=4314"},{"taxonomy":"product_tag","embeddable":true,"href":"https:\/\/kikaxdesign.hr\/it\/wp-json\/wp\/v2\/product_tag?post=4314"}],"curies":[{"name":"wp","href":"https:\/\/api.w.org\/{rel}","templated":true}]}}