{"id":4104,"date":"2025-10-12T16:27:05","date_gmt":"2025-10-12T14:27:05","guid":{"rendered":"https:\/\/kikaxdesign.hr\/?post_type=product&#038;p=4104"},"modified":"2025-12-12T11:22:58","modified_gmt":"2025-12-12T10:22:58","slug":"drvena-kutija-za-photobook-lakirana-k-311pbv","status":"publish","type":"product","link":"https:\/\/kikaxdesign.hr\/it\/product\/drvena-kutija-za-photobook-lakirana-k-311pbv\/","title":{"rendered":"Scatola per album fotografico in legno, laccata K-311Pbv"},"content":{"rendered":"<p>Le esclusive scatole laccate per fotolibri rappresentano il massimo livello qualitativo nel campo delle scatole per fotolibri. Sono disponibili in due dimensioni, con una pratica maniglia per il trasporto. Il modello nero della gamma permanente \u00e8 rifinito con una lacca nera opaca, mentre la variante bianca presenta una finitura laccata lucida applicata in pi\u00f9 strati. Le scatole sono dotate di serie di un rivestimento interno in velluto, con effetto finta pelle spazzolata, che ricopre la base e il coperchio della scatola. Le scatole sono assemblate con accessori di altissima qualit\u00e0, cerniere lucide e una cerniera cromata che mantiene il coperchio ad un angolo di circa 110 gradi quando \u00e8 aperto. Oltre all'incisione laser o CNC, \u00e8 anche possibile stampare una fotografia a colori o in bianco e nero degli sposi utilizzando la stampa UV.<\/p>","protected":false},"excerpt":{"rendered":"<p>-Scatola in legno massello di acero di alta qualit\u00e0 per un fotolibro 40\u00d730 cm<\/p>","protected":false},"featured_media":4105,"template":"","meta":{"_acf_changed":false},"product_brand":[],"product_cat":[141],"product_tag":[],"class_list":{"0":"post-4104","1":"product","2":"type-product","3":"status-publish","4":"has-post-thumbnail","6":"product_cat-lakirane-drvene-kutije-za-photobookove-kutije-za-bookove-drveni-program-za-fotografe-veleprodaja","8":"first","9":"instock","10":"taxable","11":"shipping-taxable","12":"product-type-bundle"},"bundled_by":[],"bundle_stock_status":"instock","bundle_stock_quantity":"","bundle_virtual":false,"bundle_layout":"default","bundle_add_to_cart_form_location":"default","bundle_editable_in_cart":false,"bundle_sold_individually_context":"product","bundle_item_grouping":"parent","bundle_min_size":"","bundle_max_size":"","bundle_price":{"price":{"min":{"incl_tax":"36.88","excl_tax":"29.50"},"max":{"incl_tax":"46.83","excl_tax":"37.46"}},"regular_price":{"min":{"incl_tax":"36.88","excl_tax":"29.50"},"max":{"incl_tax":"46.83","excl_tax":"37.46"}}},"bundled_items":[{"bundled_item_id":1243,"product_id":5943,"menu_order":0,"quantity_min":1,"quantity_max":1,"quantity_default":1,"priced_individually":true,"shipped_individually":true,"override_title":false,"title":"Incisione CNC 3D","override_description":false,"description":"","optional":true,"hide_thumbnail":false,"discount":"","override_variations":false,"allowed_variations":[],"override_default_variation_attributes":false,"default_variation_attributes":[],"single_product_visibility":"visible","cart_visibility":"visible","order_visibility":"visible","single_product_price_visibility":"visible","cart_price_visibility":"visible","order_price_visibility":"visible","stock_status":"in_stock"}],"bundle_sell_ids":[],"exclude_global_add_ons":[],"addons":[],"acf":[],"_links":{"self":[{"href":"https:\/\/kikaxdesign.hr\/it\/wp-json\/wp\/v2\/product\/4104","targetHints":{"allow":["GET"]}}],"collection":[{"href":"https:\/\/kikaxdesign.hr\/it\/wp-json\/wp\/v2\/product"}],"about":[{"href":"https:\/\/kikaxdesign.hr\/it\/wp-json\/wp\/v2\/types\/product"}],"wp:featuredmedia":[{"embeddable":true,"href":"https:\/\/kikaxdesign.hr\/it\/wp-json\/wp\/v2\/media\/4105"}],"wp:attachment":[{"href":"https:\/\/kikaxdesign.hr\/it\/wp-json\/wp\/v2\/media?parent=4104"}],"wp:term":[{"taxonomy":"product_brand","embeddable":true,"href":"https:\/\/kikaxdesign.hr\/it\/wp-json\/wp\/v2\/product_brand?post=4104"},{"taxonomy":"product_cat","embeddable":true,"href":"https:\/\/kikaxdesign.hr\/it\/wp-json\/wp\/v2\/product_cat?post=4104"},{"taxonomy":"product_tag","embeddable":true,"href":"https:\/\/kikaxdesign.hr\/it\/wp-json\/wp\/v2\/product_tag?post=4104"}],"curies":[{"name":"wp","href":"https:\/\/api.w.org\/{rel}","templated":true}]}}