{"id":3931,"date":"2025-10-12T09:06:02","date_gmt":"2025-10-12T07:06:02","guid":{"rendered":"https:\/\/kikaxdesign.hr\/?post_type=product&#038;p=3931"},"modified":"2026-01-14T13:58:09","modified_gmt":"2026-01-14T12:58:09","slug":"drvena-knjiga-k-313","status":"publish","type":"product","link":"https:\/\/kikaxdesign.hr\/it\/product\/drvena-knjiga-k-313\/","title":{"rendered":"Libro di legno K-313"},"content":{"rendered":"<p>Produciamo libri in legno con la nostra chiusura brevettata in due misure standard. Sono ideali come base per l'incisione CNC di iscrizioni.\u00a0 Servono come copertina unica per regalare un dono in denaro in una busta, in occasione di comunioni, battesimi, matrimoni, compleanni (il modello pi\u00f9 piccolo), o come fl\u00fbte da champagne per gli sposi novelli, o per qualsiasi altro contenuto leggermente pi\u00f9 grande con il modello pi\u00f9 grande.<\/p>\n<p>\u00c8 realizzato con la nostra chiusura metallica brevettata, che apre il libro con una cerniera simile a un segnalibro tirando verso destra prima di aprire la pagina. La chiusura avviene in modo opposto.<\/p>","protected":false},"excerpt":{"rendered":"<p>Produciamo libri in legno con la nostra chiusura brevettata in due misure standard. Sono ideali come base per l'incisione CNC di iscrizioni.\u00a0 Servono come copertina unica per regalare un dono in denaro in una busta, in occasione di comunioni, battesimi, matrimoni, compleanni (il modello pi\u00f9 piccolo), o come fl\u00fbte da champagne per gli sposi novelli, o per qualsiasi altro contenuto leggermente pi\u00f9 grande con il modello pi\u00f9 grande.<\/p>\n<p>\u00c8 realizzato con la nostra chiusura metallica brevettata, che apre il libro con una cerniera simile a un segnalibro tirando verso destra prima di aprire la pagina. La chiusura avviene in modo opposto.<\/p>","protected":false},"featured_media":4901,"template":"","meta":{"_acf_changed":false},"product_brand":[],"product_cat":[98],"product_tag":[],"class_list":{"0":"post-3931","1":"product","2":"type-product","3":"status-publish","4":"has-post-thumbnail","6":"product_cat-drvene-knjige","8":"first","9":"instock","10":"taxable","11":"shipping-taxable","12":"product-type-bundle"},"bundled_by":[],"bundle_stock_status":"instock","bundle_stock_quantity":"","bundle_virtual":false,"bundle_layout":"default","bundle_add_to_cart_form_location":"default","bundle_editable_in_cart":false,"bundle_sold_individually_context":"product","bundle_item_grouping":"parent","bundle_min_size":"","bundle_max_size":"","bundle_price":{"price":{"min":{"incl_tax":"16.21","excl_tax":"12.97"},"max":{"incl_tax":"26.16","excl_tax":"20.93"}},"regular_price":{"min":{"incl_tax":"16.21","excl_tax":"12.97"},"max":{"incl_tax":"26.16","excl_tax":"20.93"}}},"bundled_items":[{"bundled_item_id":1250,"product_id":5943,"menu_order":0,"quantity_min":1,"quantity_max":1,"quantity_default":1,"priced_individually":true,"shipped_individually":true,"override_title":false,"title":"Incisione CNC 3D","override_description":false,"description":"","optional":true,"hide_thumbnail":false,"discount":"","override_variations":false,"allowed_variations":[],"override_default_variation_attributes":false,"default_variation_attributes":[],"single_product_visibility":"visible","cart_visibility":"visible","order_visibility":"visible","single_product_price_visibility":"visible","cart_price_visibility":"visible","order_price_visibility":"visible","stock_status":"in_stock"}],"bundle_sell_ids":[],"exclude_global_add_ons":[],"addons":[],"acf":[],"_links":{"self":[{"href":"https:\/\/kikaxdesign.hr\/it\/wp-json\/wp\/v2\/product\/3931","targetHints":{"allow":["GET"]}}],"collection":[{"href":"https:\/\/kikaxdesign.hr\/it\/wp-json\/wp\/v2\/product"}],"about":[{"href":"https:\/\/kikaxdesign.hr\/it\/wp-json\/wp\/v2\/types\/product"}],"wp:featuredmedia":[{"embeddable":true,"href":"https:\/\/kikaxdesign.hr\/it\/wp-json\/wp\/v2\/media\/4901"}],"wp:attachment":[{"href":"https:\/\/kikaxdesign.hr\/it\/wp-json\/wp\/v2\/media?parent=3931"}],"wp:term":[{"taxonomy":"product_brand","embeddable":true,"href":"https:\/\/kikaxdesign.hr\/it\/wp-json\/wp\/v2\/product_brand?post=3931"},{"taxonomy":"product_cat","embeddable":true,"href":"https:\/\/kikaxdesign.hr\/it\/wp-json\/wp\/v2\/product_cat?post=3931"},{"taxonomy":"product_tag","embeddable":true,"href":"https:\/\/kikaxdesign.hr\/it\/wp-json\/wp\/v2\/product_tag?post=3931"}],"curies":[{"name":"wp","href":"https:\/\/api.w.org\/{rel}","templated":true}]}}