{"id":3836,"date":"2025-10-11T22:50:08","date_gmt":"2025-10-11T20:50:08","guid":{"rendered":"https:\/\/kikaxdesign.hr\/?post_type=product&#038;p=3836"},"modified":"2025-12-04T12:08:29","modified_gmt":"2025-12-04T11:08:29","slug":"drveni-kovceg-kr-111m","status":"publish","type":"product","link":"https:\/\/kikaxdesign.hr\/it\/product\/drveni-kovceg-kr-111m\/","title":{"rendered":"Scatola di legno KR-111m"},"content":{"rendered":"<p>Una scatola di legno, come quella per il prosciutto, \u00e8 un pratico imballaggio portatile. Una maniglia aggiuntiva su una scatola standard aggiunge una nuova dimensione all&#039;imballaggio in legno, sia esteticamente che praticamente. La scatola per il prosciutto, con i lati irregolari, \u00e8 unica sul mercato per funzione e design, e le sue dimensioni si adattano al volume anche dei prosciutti pi\u00f9 grandi, cos\u00ec come di bottiglie di vino aggiuntive.<\/p>","protected":false},"excerpt":{"rendered":"<p>Pratica custodia in legno per vari scopi<\/p>","protected":false},"featured_media":3837,"template":"","meta":{"_acf_changed":false},"product_brand":[],"product_cat":[70],"product_tag":[],"class_list":{"0":"post-3836","1":"product","2":"type-product","3":"status-publish","4":"has-post-thumbnail","6":"product_cat-drveni-kovcezi-i-kutije-za-prsut","8":"first","9":"instock","10":"taxable","11":"shipping-taxable","12":"product-type-bundle"},"bundled_by":[],"bundle_stock_status":"instock","bundle_stock_quantity":"","bundle_virtual":false,"bundle_layout":"default","bundle_add_to_cart_form_location":"default","bundle_editable_in_cart":false,"bundle_sold_individually_context":"product","bundle_item_grouping":"parent","bundle_min_size":"","bundle_max_size":"","bundle_price":{"price":{"min":{"incl_tax":"10.14","excl_tax":"8.11"},"max":{"incl_tax":"19.69","excl_tax":"15.75"}},"regular_price":{"min":{"incl_tax":"10.14","excl_tax":"8.11"},"max":{"incl_tax":"19.69","excl_tax":"15.75"}}},"bundled_items":[{"bundled_item_id":191,"product_id":3515,"menu_order":0,"quantity_min":1,"quantity_max":1,"quantity_default":1,"priced_individually":true,"shipped_individually":true,"override_title":false,"title":"CNC gravura","override_description":false,"description":"","optional":true,"hide_thumbnail":false,"discount":"","override_variations":false,"allowed_variations":[],"override_default_variation_attributes":false,"default_variation_attributes":[],"single_product_visibility":"visible","cart_visibility":"visible","order_visibility":"visible","single_product_price_visibility":"visible","cart_price_visibility":"visible","order_price_visibility":"visible","stock_status":"in_stock"},{"bundled_item_id":192,"product_id":3513,"menu_order":1,"quantity_min":1,"quantity_max":1,"quantity_default":1,"priced_individually":true,"shipped_individually":false,"override_title":false,"title":"Riempimento con lana di legno decorativa","override_description":false,"description":"","optional":true,"hide_thumbnail":false,"discount":"","override_variations":false,"allowed_variations":[],"override_default_variation_attributes":false,"default_variation_attributes":[],"single_product_visibility":"visible","cart_visibility":"visible","order_visibility":"visible","single_product_price_visibility":"visible","cart_price_visibility":"visible","order_price_visibility":"visible","stock_status":"in_stock"}],"bundle_sell_ids":[],"exclude_global_add_ons":[],"addons":[],"acf":[],"_links":{"self":[{"href":"https:\/\/kikaxdesign.hr\/it\/wp-json\/wp\/v2\/product\/3836","targetHints":{"allow":["GET"]}}],"collection":[{"href":"https:\/\/kikaxdesign.hr\/it\/wp-json\/wp\/v2\/product"}],"about":[{"href":"https:\/\/kikaxdesign.hr\/it\/wp-json\/wp\/v2\/types\/product"}],"wp:featuredmedia":[{"embeddable":true,"href":"https:\/\/kikaxdesign.hr\/it\/wp-json\/wp\/v2\/media\/3837"}],"wp:attachment":[{"href":"https:\/\/kikaxdesign.hr\/it\/wp-json\/wp\/v2\/media?parent=3836"}],"wp:term":[{"taxonomy":"product_brand","embeddable":true,"href":"https:\/\/kikaxdesign.hr\/it\/wp-json\/wp\/v2\/product_brand?post=3836"},{"taxonomy":"product_cat","embeddable":true,"href":"https:\/\/kikaxdesign.hr\/it\/wp-json\/wp\/v2\/product_cat?post=3836"},{"taxonomy":"product_tag","embeddable":true,"href":"https:\/\/kikaxdesign.hr\/it\/wp-json\/wp\/v2\/product_tag?post=3836"}],"curies":[{"name":"wp","href":"https:\/\/api.w.org\/{rel}","templated":true}]}}