{"id":6274,"date":"2025-12-22T13:46:37","date_gmt":"2025-12-22T12:46:37","guid":{"rendered":"https:\/\/kikaxdesign.hr\/?page_id=6274"},"modified":"2025-12-22T13:48:23","modified_gmt":"2025-12-22T12:48:23","slug":"opci-uvjeti-poslovanja","status":"publish","type":"page","link":"https:\/\/kikaxdesign.hr\/it\/opci-uvjeti-poslovanja\/","title":{"rendered":"Termini e condizioni generali"},"content":{"rendered":"<div data-elementor-type=\"wp-page\" data-elementor-id=\"6274\" class=\"elementor elementor-6274\" data-elementor-post-type=\"page\">\n\t\t\t\t\t\t<section data-particle_enable=\"false\" data-particle-mobile-disabled=\"false\" class=\"elementor-section elementor-top-section elementor-element elementor-element-71f073b elementor-section-boxed elementor-section-height-default elementor-section-height-default\" data-id=\"71f073b\" data-element_type=\"section\" data-settings=\"{&quot;background_background&quot;:&quot;gradient&quot;}\">\n\t\t\t\t\t\t\t<div class=\"elementor-background-overlay\"><\/div>\n\t\t\t\t\t\t\t<div class=\"elementor-container elementor-column-gap-default\">\n\t\t\t\t\t<div class=\"elementor-column elementor-col-50 elementor-top-column elementor-element elementor-element-c8bffc9\" data-id=\"c8bffc9\" data-element_type=\"column\">\n\t\t\t<div class=\"elementor-widget-wrap elementor-element-populated\">\n\t\t\t\t\t\t\t<\/div>\n\t\t<\/div>\n\t\t\t\t<div class=\"elementor-column elementor-col-50 elementor-top-column elementor-element elementor-element-c14c79f\" data-id=\"c14c79f\" data-element_type=\"column\">\n\t\t\t<div class=\"elementor-widget-wrap\">\n\t\t\t\t\t\t\t<\/div>\n\t\t<\/div>\n\t\t\t\t\t<\/div>\n\t\t<\/section>\n\t\t\t\t<section data-particle_enable=\"false\" data-particle-mobile-disabled=\"false\" class=\"elementor-section elementor-top-section elementor-element elementor-element-78b51273 elementor-section-boxed elementor-section-height-default elementor-section-height-default\" data-id=\"78b51273\" data-element_type=\"section\">\n\t\t\t\t\t\t<div class=\"elementor-container elementor-column-gap-default\">\n\t\t\t\t\t<div class=\"elementor-column elementor-col-100 elementor-top-column elementor-element elementor-element-1a99fa4d\" data-id=\"1a99fa4d\" data-element_type=\"column\">\n\t\t\t<div class=\"elementor-widget-wrap elementor-element-populated\">\n\t\t\t\t\t\t<div class=\"elementor-element elementor-element-1877ec05 elementor-widget elementor-widget-text-editor\" data-id=\"1877ec05\" data-element_type=\"widget\" data-widget_type=\"text-editor.default\">\n\t\t\t\t\t\t\t\t\t<p><h4>TERMINI E CONDIZIONI GENERALI DI CONTRATTO<\/h4>Le presenti Condizioni Generali regolano la procedura di ordinazione, pagamento, consegna e reclamo dei prodotti offerti sul sito web:<br>www.kikaxdesign.hr<br>Il venditore \u00e8 l&#039;impresa artigianale di souvenir &quot;Kikaxdesign&quot;, Brezje 45, Brezje, 40311 Lopatinec, OIB: 01990081486 (di seguito: l&#039;impresa artigianale), mentre l&#039;acquirente \u00e8 qualsiasi persona che ordina prodotti tramite il sito web www.kikaxdesign.hr.<br>________________________________________<br><h4>ORDINAZIONE E PAGAMENTO<\/h4>L&#039;acquirente pu\u00f2 effettuare il pagamento tramite:<br>1. servizi bancari online<br>2. pagamento con carta (Stripe \u2013 intermediario per l\u2019elaborazione delle carte)<br>Le spese di spedizione non sono incluse nel prezzo del prodotto, salvo diversa indicazione esplicita durante la procedura di acquisto.<br>La spedizione verr\u00e0 effettuata dopo che il pagamento sar\u00e0 visibile sul conto del laboratorio artigianale di souvenir &quot;Kikaxdesign&quot;.<br>________________________________________<br><h4>SICUREZZA DEI PAGAMENTI<\/h4>La riservatezza dei tuoi dati \u00e8 protetta e garantita dalla crittografia SSL. Le pagine di pagamento sono protette dal protocollo Secure Socket Layer (SSL) con crittografia dei dati a 128 bit.<br>Il negozio di souvenir &quot;Kikaxdesign&quot; non memorizza i dati delle carte di credito e non li rende accessibili a persone non autorizzate.<br>________________________________________<br><h4>CONSEGNA<\/h4>\u2022 I prodotti sono imballati in modo da ridurre al minimo la possibilit\u00e0 di danni durante il trasporto.<br>\u2022 L&#039;acquirente \u00e8 tenuto a verificare le condizioni della spedizione al momento del ricevimento e a segnalare immediatamente eventuali danni al corriere.<br>\u2022 L&#039;imbarcazione non \u00e8 responsabile per danni subiti durante la consegna dopo che la spedizione \u00e8 stata affidata al servizio di consegna, salvo nei casi in cui la consegna non sia possibile o diversamente indicato.<br>In caso di rifiuto di accettazione della spedizione senza giustificato motivo, Craft si riserva il diritto di addebitare le spese di spedizione sostenute.<br>________________________________________<br><h4>RECLAMI E RESI<\/h4>Il cliente ha il diritto di presentare reclamo in caso di difetto materiale o malfunzionamento del prodotto.<br>In caso di reclamo giustificato:<br>\u2022 il prodotto viene sostituito con uno nuovo o<br>\u2022 l&#039;importo pagato viene rimborsato<br>Le spese di restituzione della merce difettosa sono a carico del laboratorio artigianale di souvenir &quot;Kikaxdesign&quot;.<br>Le immagini dei prodotti sul sito web potrebbero differire leggermente dall&#039;aspetto reale del prodotto.<br>________________________________________<br><h4>RISOLUZIONE UNILATERALE DEL CONTRATTO<\/h4>Ai sensi della legge sulla tutela dei consumatori, l&#039;acquirente ha il diritto di recedere unilateralmente dal contratto entro 14 giorni, senza indicarne le ragioni.<br>La comunicazione di recesso deve essere inviata tramite e-mail o posta, specificando:<br>\u2022 nome e cognome<br>\u2022 indirizzi<br>\u2022 informazioni sui contatti<br>Il rimborso verr\u00e0 effettuato entro e non oltre 10 giorni dal ricevimento della merce restituita in buone condizioni.<br>Le spese di restituzione della merce sono a carico del cliente, salvo in caso di prodotto difettoso.<br>________________________________________<br><h4>RISOLUZIONE DELLE CONTROVERSIE ONLINE<\/h4>In conformit\u00e0 con la normativa UE, le controversie relative agli acquisti online possono essere risolte tramite la piattaforma ODR:<br>http:\/\/ec.europa.eu\/odr<br>________________________________________<\/p>\n<p><h4>PROTEZIONE DEI DATI PERSONALI<\/h4>L&#039;azienda artigianale per la realizzazione di souvenir &quot;Kikaxdesign&quot; si impegna a tutelare la privacy di tutti i clienti e a raccogliere solo i dati strettamente necessari alla realizzazione dell&#039;ordine.<br>Tutti i dati vengono conservati in conformit\u00e0 alle normative vigenti in materia di protezione dei dati personali.<br>________________________________________<br><h4>PRESENTAZIONE DI UN RECLAMO<\/h4>Il consumatore pu\u00f2 inviare un reclamo scritto al seguente indirizzo:<br>Laboratorio di creazione di souvenir &quot;Kikaxdesign&quot;\u201e<br>Brezje 45, Brezje<br>40311 Lopatinec<br>Croazia<br>kikaxdesign@gmail.com<br>La risposta al reclamo verr\u00e0 inviata entro 15 giorni.<br>________________________________________<br><h4>GIURISDIZIONE DEL TRIBUNALE<\/h4>In caso di controversia, il tribunale competente \u00e8 il tribunale municipale di \u010cakovec.<\/p>\t\t\t\t\t\t\t\t<\/div>\n\t\t\t\t\t<\/div>\n\t\t<\/div>\n\t\t\t\t\t<\/div>\n\t\t<\/section>\n\t\t\t\t<\/div>","protected":false},"excerpt":{"rendered":"<p>OP\u0106I UVJETI POSLOVANJA Ovim Op\u0107im uvjetima poslovanja utvr\u0111uju se postupak naru\u010divanja, pla\u0107anja, isporuke te reklamacije proizvoda koji su ponu\u0111eni na mre\u017enim stranicama:www.kikaxdesign.hrProdavatelj je Obrt za izradu suvenira \u201eKikaxdesign\u201c, Brezje 45, Brezje, 40311 Lopatinec, OIB: 01990081486 (u daljnjem tekstu: Obrt), a kupac je svaka osoba koja naru\u010duje proizvode putem web stranice www.kikaxdesign.hr.________________________________________ NARU\u010cIVANJE I PLA\u0106ANJE Kupac [&hellip;]<\/p>","protected":false},"author":1,"featured_media":0,"parent":0,"menu_order":0,"comment_status":"closed","ping_status":"closed","template":"elementor_header_footer","meta":{"_acf_changed":false,"footnotes":""},"class_list":["post-6274","page","type-page","status-publish","hentry"],"acf":[],"_links":{"self":[{"href":"https:\/\/kikaxdesign.hr\/it\/wp-json\/wp\/v2\/pages\/6274","targetHints":{"allow":["GET"]}}],"collection":[{"href":"https:\/\/kikaxdesign.hr\/it\/wp-json\/wp\/v2\/pages"}],"about":[{"href":"https:\/\/kikaxdesign.hr\/it\/wp-json\/wp\/v2\/types\/page"}],"author":[{"embeddable":true,"href":"https:\/\/kikaxdesign.hr\/it\/wp-json\/wp\/v2\/users\/1"}],"replies":[{"embeddable":true,"href":"https:\/\/kikaxdesign.hr\/it\/wp-json\/wp\/v2\/comments?post=6274"}],"version-history":[{"count":0,"href":"https:\/\/kikaxdesign.hr\/it\/wp-json\/wp\/v2\/pages\/6274\/revisions"}],"wp:attachment":[{"href":"https:\/\/kikaxdesign.hr\/it\/wp-json\/wp\/v2\/media?parent=6274"}],"curies":[{"name":"wp","href":"https:\/\/api.w.org\/{rel}","templated":true}]}}