{"id":6269,"date":"2025-12-22T12:58:53","date_gmt":"2025-12-22T11:58:53","guid":{"rendered":"https:\/\/kikaxdesign.hr\/?page_id=6269"},"modified":"2025-12-22T13:41:59","modified_gmt":"2025-12-22T12:41:59","slug":"politika-privatnosti-i-kolacici","status":"publish","type":"page","link":"https:\/\/kikaxdesign.hr\/it\/politika-privatnosti-i-kolacici\/","title":{"rendered":"Informativa sulla privacy e sui cookie"},"content":{"rendered":"<div data-elementor-type=\"wp-page\" data-elementor-id=\"6269\" class=\"elementor elementor-6269\" data-elementor-post-type=\"page\">\n\t\t\t\t\t\t<section data-particle_enable=\"false\" data-particle-mobile-disabled=\"false\" class=\"elementor-section elementor-top-section elementor-element elementor-element-71f073b elementor-section-boxed elementor-section-height-default elementor-section-height-default\" data-id=\"71f073b\" data-element_type=\"section\" data-settings=\"{&quot;background_background&quot;:&quot;gradient&quot;}\">\n\t\t\t\t\t\t\t<div class=\"elementor-background-overlay\"><\/div>\n\t\t\t\t\t\t\t<div class=\"elementor-container elementor-column-gap-default\">\n\t\t\t\t\t<div class=\"elementor-column elementor-col-50 elementor-top-column elementor-element elementor-element-c8bffc9\" data-id=\"c8bffc9\" data-element_type=\"column\">\n\t\t\t<div class=\"elementor-widget-wrap elementor-element-populated\">\n\t\t\t\t\t\t\t<\/div>\n\t\t<\/div>\n\t\t\t\t<div class=\"elementor-column elementor-col-50 elementor-top-column elementor-element elementor-element-c14c79f\" data-id=\"c14c79f\" data-element_type=\"column\">\n\t\t\t<div class=\"elementor-widget-wrap\">\n\t\t\t\t\t\t\t<\/div>\n\t\t<\/div>\n\t\t\t\t\t<\/div>\n\t\t<\/section>\n\t\t\t\t<section data-particle_enable=\"false\" data-particle-mobile-disabled=\"false\" class=\"elementor-section elementor-top-section elementor-element elementor-element-78b51273 elementor-section-boxed elementor-section-height-default elementor-section-height-default\" data-id=\"78b51273\" data-element_type=\"section\">\n\t\t\t\t\t\t<div class=\"elementor-container elementor-column-gap-default\">\n\t\t\t\t\t<div class=\"elementor-column elementor-col-100 elementor-top-column elementor-element elementor-element-1a99fa4d\" data-id=\"1a99fa4d\" data-element_type=\"column\">\n\t\t\t<div class=\"elementor-widget-wrap elementor-element-populated\">\n\t\t\t\t\t\t<div class=\"elementor-element elementor-element-1877ec05 elementor-widget elementor-widget-text-editor\" data-id=\"1877ec05\" data-element_type=\"widget\" data-widget_type=\"text-editor.default\">\n\t\t\t\t\t\t\t\t\t<p>(Informativa sul trattamento dei dati personali \u2013 GDPR)<\/p><p>Creazione di souvenir artigianali &quot;Kikaxdesign&quot;,<br \/>Brezje 45, Brezje, 40311 Lopatinec, Croazia<br \/>Partita IVA: 01990081486<br \/>(di seguito denominato: Commercio)<\/p><p>si impegna a proteggere la privacy e i dati personali dei propri clienti e utenti, raccogliendo solo i dati necessari all&#039;adempimento degli obblighi contrattuali, commerciali e legali.<\/p><p>Il negozio online Craft \u00e8 disponibile tramite il sito web ufficiale.<\/p><p>L&#039;attivit\u00e0 \u00e8 svolta in conformit\u00e0 alle normative vigenti nella Repubblica di Croazia e nell&#039;Unione Europea, tra cui il Regolamento (UE) 2016\/679 \u2013 Regolamento generale sulla protezione dei dati (GDPR).<\/p><h4>1. SCOPO E AMBITO DI APPLICAZIONE DELL&#039;INFORMATIVA SULLA PRIVACY<\/h4><p>La presente Informativa sulla privacy spiega come Kikaxdesign Souvenir Craft raccoglie, elabora e protegge i dati personali dei clienti, dei potenziali clienti e dei visitatori del sito web.<\/p><p>La politica si applica ai dati raccolti:<\/p><p>quando si acquista un prodotto<\/p><p>tramite modulo di contatto o e-mail<\/p><p>quando si comunica con gli utenti<\/p><p>utilizzando il sito web<\/p><h4>2. RESPONSABILE DEL TRATTAMENTO DEI DATI PERSONALI<\/h4><p>Il responsabile del trattamento dei dati personali \u00e8:<\/p><p>Laboratorio di creazione di souvenir &quot;Kikaxdesign&quot;\u201e<br \/>Brezje 45, Brezje<br \/>40311 Lopatinec<br \/>Croazia<\/p><p>\ud83d\udce7 E-mail per richieste relative alla privacy:<br \/>kikaxdesign@gmail.com<\/p><h4>3. DATI PERSONALI CHE RACCOGLIAMO<\/h4><p>I dati personali sono tutte le informazioni che si riferiscono a una persona fisica identificata o identificabile.<\/p><p>L&#039;imbarcazione pu\u00f2 raccogliere ed elaborare i seguenti dati:<\/p><p>nome e cognome<\/p><p>indirizzo di consegna<\/p><p>indirizzo e-mail<\/p><p>numero di telefono<\/p><p>informazioni su ordini e fatture<\/p><p>informazioni di pagamento (senza memorizzare i dettagli della carta)<\/p><p>dati provenienti da moduli compilati volontariamente<\/p><p>Il dispositivo non raccoglie categorie particolari di dati personali (sanitari, biometrici, politici, religiosi, ecc.).<\/p><h4>4. BASE GIURIDICA DEL TRATTAMENTO DEI DATI PERSONALI<\/h4><p>I dati personali vengono trattati sulla base di:<\/p><p>4.1 Obblighi contrattuali e legali<\/p><p>I dati sono necessari per l&#039;esecuzione del contratto di vendita (consegna, emissione fatture, conservazione documenti commerciali).<\/p><p>Se l&#039;utente non fornisce le informazioni richieste, Obrt non potr\u00e0 accettare l&#039;ordine.<\/p><p>4.2. Interesse legittimo<\/p><p>I dati potranno essere trattati per le seguenti finalit\u00e0:<\/p><p>miglioramenti dell&#039;esperienza utente<\/p><p>analisi statistica dell&#039;utilizzo del sito web<\/p><p>assistenza clienti pi\u00f9 rapida<\/p><p>4.3. Consenso dell&#039;utente<\/p><p>Il consenso viene utilizzato per:<\/p><p>notiziario<\/p><p>notifiche promozionali<\/p><p>Il consenso pu\u00f2 essere revocato in qualsiasi momento inviando una richiesta a<br \/>\ud83d\udce7 kikaxdesign@gmail.com<\/p><h4>5. PERIODO DI CONSERVAZIONE DEI DATI<\/h4><p>I dati personali vengono conservati:<\/p><p>in conformit\u00e0 agli obblighi di legge (normative contabili e fiscali)<\/p><p>per tutta la durata del rapporto contrattuale<\/p><p>non oltre 5 anni dalla fine del rapporto, salvo diversa disposizione di legge<\/p><h4>fino alla revoca del consenso (per finalit\u00e0 di marketing)<\/h4><h4>6. TRATTAMENTO DEI DATI CONTRATTUALI<\/h4><p>La Societ\u00e0 pu\u00f2 condividere le informazioni personali con terze parti di fiducia esclusivamente allo scopo di eseguire il servizio, ad esempio:<\/p><p>servizi di consegna<\/p><p>servizi di contabilit\u00e0<\/p><p>Fornitori di servizi IT e di hosting<\/p><p>processori di pagamento (ad esempio Stripe)<\/p><p>Tutti i responsabili del trattamento sono tenuti a conformarsi al GDPR.<\/p><h4>7. LIBERT\u00c0 DI SCELTA<\/h4><p>L&#039;utente decide quali dati condividere. Il mancato conferimento dei dati obbligatori potrebbe impedire l&#039;utilizzo di alcuni servizi del negozio online.<\/p><h4>8. RACCOLTA AUTOMATICA DI DATI NON PERSONALI<\/h4><p>Quando si visita il sito web, vengono raccolti automaticamente dati non personali (ad esempio, orario della visita, pagine visualizzate), che vengono utilizzati esclusivamente per statistiche e per il miglioramento del servizio.<\/p><h4>9. BISCOTTI<\/h4><p>Il sito web utilizza:<\/p><p>cookie necessari<\/p><p>cookie analitici e funzionali<\/p><p>L&#039;utente pu\u00f2 gestire i cookie attraverso le impostazioni del browser. Ulteriori informazioni sono disponibili nella Cookie Policy.<\/p><h4>10. SICUREZZA DEI DATI<\/h4><p>La societ\u00e0 applica misure tecniche e organizzative per proteggere i dati personali da accessi non autorizzati, perdite o usi impropri.<\/p><h4>11. DIRITTI DELL&#039;UTENTE<\/h4><p>Gli utenti hanno il diritto:<\/p><p>per accedere ai dati<\/p><p>per la correzione<\/p><p>alla cancellazione (&quot;diritto all&#039;oblio&quot;)<\/p><p>per limitare il trattamento<\/p><p>all&#039;obiezione<\/p><p>revocare il consenso<\/p><p>Per esercitare i tuoi diritti, contatta:<br \/>\ud83d\udce7 kikaxdesign@gmail.com<\/p><h4>12. DIRITTO DI RECLAMO<\/h4><p>L&#039;utente ha il diritto di proporre reclamo all&#039;autorit\u00e0 competente:<\/p><p>Agenzia per la protezione dei dati personali (AZOP)<br \/>Strada del villaggio 136<br \/>10000 Zagabria<br \/>www.azop.hr<\/p><h4>13. MODIFICHE ALLA PRIVACY POLICY<\/h4><p>Obrt si riserva il diritto di modificare la presente Informativa sulla privacy. Eventuali modifiche saranno pubblicate sul sito web.<\/p>\t\t\t\t\t\t\t\t<\/div>\n\t\t\t\t\t<\/div>\n\t\t<\/div>\n\t\t\t\t\t<\/div>\n\t\t<\/section>\n\t\t\t\t<\/div>","protected":false},"excerpt":{"rendered":"<p>(Politika obrade osobnih podataka \u2013 GDPR) Obrt za izradu suvenira \u201eKikaxdesign\u201c,Brezje 45, Brezje, 40311 Lopatinec, HrvatskaOIB: 01990081486(u daljnjem tekstu: Obrt) obvezuje se \u0161tititi privatnost i osobne podatke svojih kupaca i korisnika, prikupljaju\u0107i isklju\u010divo one podatke koji su nu\u017eni za ispunjenje ugovornih, poslovnih i zakonskih obveza. Web shop Obrta dostupan je putem slu\u017ebene internetske stranice. Obrt [&hellip;]<\/p>","protected":false},"author":1,"featured_media":0,"parent":0,"menu_order":0,"comment_status":"closed","ping_status":"closed","template":"elementor_header_footer","meta":{"_acf_changed":false,"footnotes":""},"class_list":["post-6269","page","type-page","status-publish","hentry"],"acf":[],"_links":{"self":[{"href":"https:\/\/kikaxdesign.hr\/it\/wp-json\/wp\/v2\/pages\/6269","targetHints":{"allow":["GET"]}}],"collection":[{"href":"https:\/\/kikaxdesign.hr\/it\/wp-json\/wp\/v2\/pages"}],"about":[{"href":"https:\/\/kikaxdesign.hr\/it\/wp-json\/wp\/v2\/types\/page"}],"author":[{"embeddable":true,"href":"https:\/\/kikaxdesign.hr\/it\/wp-json\/wp\/v2\/users\/1"}],"replies":[{"embeddable":true,"href":"https:\/\/kikaxdesign.hr\/it\/wp-json\/wp\/v2\/comments?post=6269"}],"version-history":[{"count":0,"href":"https:\/\/kikaxdesign.hr\/it\/wp-json\/wp\/v2\/pages\/6269\/revisions"}],"wp:attachment":[{"href":"https:\/\/kikaxdesign.hr\/it\/wp-json\/wp\/v2\/media?parent=6269"}],"curies":[{"name":"wp","href":"https:\/\/api.w.org\/{rel}","templated":true}]}}