{"id":6274,"date":"2025-12-22T13:46:37","date_gmt":"2025-12-22T12:46:37","guid":{"rendered":"https:\/\/kikaxdesign.hr\/?page_id=6274"},"modified":"2025-12-22T13:48:23","modified_gmt":"2025-12-22T12:48:23","slug":"opci-uvjeti-poslovanja","status":"publish","type":"page","link":"https:\/\/kikaxdesign.hr\/en\/opci-uvjeti-poslovanja\/","title":{"rendered":"General terms and conditions"},"content":{"rendered":"<div data-elementor-type=\"wp-page\" data-elementor-id=\"6274\" class=\"elementor elementor-6274\" data-elementor-post-type=\"page\">\n\t\t\t\t\t\t<section data-particle_enable=\"false\" data-particle-mobile-disabled=\"false\" class=\"elementor-section elementor-top-section elementor-element elementor-element-71f073b elementor-section-boxed elementor-section-height-default elementor-section-height-default\" data-id=\"71f073b\" data-element_type=\"section\" data-settings=\"{&quot;background_background&quot;:&quot;gradient&quot;}\">\n\t\t\t\t\t\t\t<div class=\"elementor-background-overlay\"><\/div>\n\t\t\t\t\t\t\t<div class=\"elementor-container elementor-column-gap-default\">\n\t\t\t\t\t<div class=\"elementor-column elementor-col-50 elementor-top-column elementor-element elementor-element-c8bffc9\" data-id=\"c8bffc9\" data-element_type=\"column\">\n\t\t\t<div class=\"elementor-widget-wrap elementor-element-populated\">\n\t\t\t\t\t\t\t<\/div>\n\t\t<\/div>\n\t\t\t\t<div class=\"elementor-column elementor-col-50 elementor-top-column elementor-element elementor-element-c14c79f\" data-id=\"c14c79f\" data-element_type=\"column\">\n\t\t\t<div class=\"elementor-widget-wrap\">\n\t\t\t\t\t\t\t<\/div>\n\t\t<\/div>\n\t\t\t\t\t<\/div>\n\t\t<\/section>\n\t\t\t\t<section data-particle_enable=\"false\" data-particle-mobile-disabled=\"false\" class=\"elementor-section elementor-top-section elementor-element elementor-element-78b51273 elementor-section-boxed elementor-section-height-default elementor-section-height-default\" data-id=\"78b51273\" data-element_type=\"section\">\n\t\t\t\t\t\t<div class=\"elementor-container elementor-column-gap-default\">\n\t\t\t\t\t<div class=\"elementor-column elementor-col-100 elementor-top-column elementor-element elementor-element-1a99fa4d\" data-id=\"1a99fa4d\" data-element_type=\"column\">\n\t\t\t<div class=\"elementor-widget-wrap elementor-element-populated\">\n\t\t\t\t\t\t<div class=\"elementor-element elementor-element-1877ec05 elementor-widget elementor-widget-text-editor\" data-id=\"1877ec05\" data-element_type=\"widget\" data-widget_type=\"text-editor.default\">\n\t\t\t\t\t\t\t\t\t<p><h4>GENERAL TERMS AND CONDITIONS OF BUSINESS<\/h4>These General Terms and Conditions determine the procedure for ordering, payment, delivery and complaints about products offered on the website:<br>www.kikaxdesign.hr<br>The seller is the souvenir making craft &quot;Kikaxdesign&quot;, Brezje 45, Brezje, 40311 Lopatinec, OIB: 01990081486 (hereinafter: the Craft), and the buyer is any person who orders products via the website www.kikaxdesign.hr.<br>________________________________________<br><h4>ORDERING AND PAYMENT<\/h4>The buyer can make payment via:<br>1. internet banking<br>2. card payment (Stripe \u2013 card processing intermediary)<br>Shipping costs are not included in the product price, unless otherwise clearly indicated during the purchase process.<br>The shipment is sent after the payment is visible on the account of the &quot;Kikaxdesign&quot; souvenir making workshop.<br>________________________________________<br><h4>PAYMENT SECURITY<\/h4>The confidentiality of your data is protected and ensured using SSL encryption. The payment pages are secured by the Secure Socket Layer (SSL) protocol with 128-bit data encryption.<br>The souvenir shop &quot;Kikaxdesign&quot; does not store credit card information, nor is it available to unauthorized persons.<br>________________________________________<br><h4>DELIVERY<\/h4>\u2022 Products are packaged in a way that minimizes the possibility of damage during transport.<br>\u2022 The buyer is obliged to check the condition of the shipment upon receipt and immediately report any damage to the delivery person.<br>\u2022 The craft is not responsible for damage incurred during delivery after the shipment has been handed over to the delivery service, except in cases where delivery is not possible or otherwise indicated.<br>In the event of refusal to accept the shipment without a justified reason, the Craft reserves the right to charge the incurred delivery costs.<br>________________________________________<br><h4>COMPLAINTS AND RETURNS<\/h4>The customer has the right to complain about the product in case of a material defect or malfunction of the product.<br>In case of a justified complaint:<br>\u2022 the product is replaced with a new one or<br>\u2022 the amount paid is refunded<br>The cost of returning defective goods is borne by the souvenir making workshop &quot;Kikaxdesign&quot;.<br>Product images on the website may differ slightly from the actual appearance of the product.<br>________________________________________<br><h4>UNILATERAL TERMINATION OF THE CONTRACT<\/h4>In accordance with the Consumer Protection Act, the buyer has the right to unilaterally terminate the contract within 14 days, without giving any reason.<br>Notice of termination must be sent via e-mail or mail, stating:<br>\u2022 first and last names<br>\u2022 addresses<br>\u2022 contact information<br>The refund will be made no later than 10 days after receipt of the returned goods in good condition.<br>The cost of returning the goods is borne by the customer, except in the case of a defective product.<br>________________________________________<br><h4>ONLINE DISPUTE RESOLUTION<\/h4>In accordance with EU regulations, disputes related to online purchases can be resolved through the ODR platform:<br>http:\/\/ec.europa.eu\/odr<br>________________________________________<\/p>\n<p><h4>PERSONAL DATA PROTECTION<\/h4>The craft for making souvenirs &quot;Kikaxdesign&quot; undertakes to protect the privacy of all customers and to collect only the necessary data necessary for the realization of the order.<br>All data is stored in accordance with applicable personal data protection regulations.<br>________________________________________<br><h4>SUBMITTING A COMPLAINT<\/h4>The consumer can send a written complaint to the following address:<br>Souvenir making workshop &quot;Kikaxdesign&quot;\u201e<br>Brezje 45, Brezje<br>40311 Lopatinec<br>Croatia<br>kikaxdesign@gmail.com<br>A response to the complaint will be submitted within 15 days.<br>________________________________________<br><h4>JURISDICTION OF THE COURT<\/h4>In the event of a dispute, the competent court is the Municipal Court in \u010cakovec.<\/p>\t\t\t\t\t\t\t\t<\/div>\n\t\t\t\t\t<\/div>\n\t\t<\/div>\n\t\t\t\t\t<\/div>\n\t\t<\/section>\n\t\t\t\t<\/div>","protected":false},"excerpt":{"rendered":"<p>OP\u0106I UVJETI POSLOVANJA Ovim Op\u0107im uvjetima poslovanja utvr\u0111uju se postupak naru\u010divanja, pla\u0107anja, isporuke te reklamacije proizvoda koji su ponu\u0111eni na mre\u017enim stranicama:www.kikaxdesign.hrProdavatelj je Obrt za izradu suvenira \u201eKikaxdesign\u201c, Brezje 45, Brezje, 40311 Lopatinec, OIB: 01990081486 (u daljnjem tekstu: Obrt), a kupac je svaka osoba koja naru\u010duje proizvode putem web stranice www.kikaxdesign.hr.________________________________________ NARU\u010cIVANJE I PLA\u0106ANJE Kupac [&hellip;]<\/p>","protected":false},"author":1,"featured_media":0,"parent":0,"menu_order":0,"comment_status":"closed","ping_status":"closed","template":"elementor_header_footer","meta":{"_acf_changed":false,"footnotes":""},"class_list":["post-6274","page","type-page","status-publish","hentry"],"acf":[],"_links":{"self":[{"href":"https:\/\/kikaxdesign.hr\/en\/wp-json\/wp\/v2\/pages\/6274","targetHints":{"allow":["GET"]}}],"collection":[{"href":"https:\/\/kikaxdesign.hr\/en\/wp-json\/wp\/v2\/pages"}],"about":[{"href":"https:\/\/kikaxdesign.hr\/en\/wp-json\/wp\/v2\/types\/page"}],"author":[{"embeddable":true,"href":"https:\/\/kikaxdesign.hr\/en\/wp-json\/wp\/v2\/users\/1"}],"replies":[{"embeddable":true,"href":"https:\/\/kikaxdesign.hr\/en\/wp-json\/wp\/v2\/comments?post=6274"}],"version-history":[{"count":0,"href":"https:\/\/kikaxdesign.hr\/en\/wp-json\/wp\/v2\/pages\/6274\/revisions"}],"wp:attachment":[{"href":"https:\/\/kikaxdesign.hr\/en\/wp-json\/wp\/v2\/media?parent=6274"}],"curies":[{"name":"wp","href":"https:\/\/api.w.org\/{rel}","templated":true}]}}