{"id":54,"date":"2025-07-09T11:02:46","date_gmt":"2025-07-09T09:02:46","guid":{"rendered":"https:\/\/kikaxdesign.hr\/?page_id=54"},"modified":"2025-12-18T14:46:42","modified_gmt":"2025-12-18T13:46:42","slug":"o_nama","status":"publish","type":"page","link":"https:\/\/kikaxdesign.hr\/en\/o_nama\/","title":{"rendered":"About us"},"content":{"rendered":"<div data-elementor-type=\"wp-page\" data-elementor-id=\"54\" class=\"elementor elementor-54\" data-elementor-post-type=\"page\">\n\t\t\t\t\t\t<section data-particle_enable=\"false\" data-particle-mobile-disabled=\"false\" class=\"elementor-section elementor-top-section elementor-element elementor-element-71f073b elementor-section-boxed elementor-section-height-default elementor-section-height-default\" data-id=\"71f073b\" data-element_type=\"section\" data-settings=\"{&quot;background_background&quot;:&quot;gradient&quot;}\">\n\t\t\t\t\t\t\t<div class=\"elementor-background-overlay\"><\/div>\n\t\t\t\t\t\t\t<div class=\"elementor-container elementor-column-gap-default\">\n\t\t\t\t\t<div class=\"elementor-column elementor-col-50 elementor-top-column elementor-element elementor-element-c8bffc9\" data-id=\"c8bffc9\" data-element_type=\"column\">\n\t\t\t<div class=\"elementor-widget-wrap elementor-element-populated\">\n\t\t\t\t\t\t\t<\/div>\n\t\t<\/div>\n\t\t\t\t<div class=\"elementor-column elementor-col-50 elementor-top-column elementor-element elementor-element-c14c79f\" data-id=\"c14c79f\" data-element_type=\"column\">\n\t\t\t<div class=\"elementor-widget-wrap\">\n\t\t\t\t\t\t\t<\/div>\n\t\t<\/div>\n\t\t\t\t\t<\/div>\n\t\t<\/section>\n\t\t\t\t<section data-particle_enable=\"false\" data-particle-mobile-disabled=\"false\" class=\"elementor-section elementor-top-section elementor-element elementor-element-78b51273 elementor-section-boxed elementor-section-height-default elementor-section-height-default\" data-id=\"78b51273\" data-element_type=\"section\">\n\t\t\t\t\t\t<div class=\"elementor-container elementor-column-gap-default\">\n\t\t\t\t\t<div class=\"elementor-column elementor-col-50 elementor-top-column elementor-element elementor-element-3dba16b1\" data-id=\"3dba16b1\" data-element_type=\"column\">\n\t\t\t<div class=\"elementor-widget-wrap elementor-element-populated\">\n\t\t\t\t\t\t<div class=\"elementor-element elementor-element-3819308b elementor-widget elementor-widget-heading\" data-id=\"3819308b\" data-element_type=\"widget\" data-widget_type=\"heading.default\">\n\t\t\t\t\t<h2 class=\"elementor-heading-title elementor-size-default\">Who we are and what we can do for you<\/h2>\t\t\t\t<\/div>\n\t\t\t\t<div class=\"elementor-element elementor-element-db9c601 elementor-widget elementor-widget-image\" data-id=\"db9c601\" data-element_type=\"widget\" data-widget_type=\"image.default\">\n\t\t\t\t\t\t\t\t\t\t\t\t\t\t\t<img fetchpriority=\"high\" decoding=\"async\" width=\"1000\" height=\"614\" src=\"https:\/\/kikaxdesign.hr\/wp-content\/uploads\/2025\/12\/Ured-recolored.jpg\" class=\"attachment-full size-full wp-image-5930\" alt=\"\" srcset=\"https:\/\/kikaxdesign.hr\/wp-content\/uploads\/2025\/12\/Ured-recolored.jpg 1000w, https:\/\/kikaxdesign.hr\/wp-content\/uploads\/2025\/12\/Ured-recolored-600x368.jpg 600w, https:\/\/kikaxdesign.hr\/wp-content\/uploads\/2025\/12\/Ured-recolored-300x184.jpg 300w, https:\/\/kikaxdesign.hr\/wp-content\/uploads\/2025\/12\/Ured-recolored-768x472.jpg 768w\" sizes=\"(max-width: 1000px) 100vw, 1000px\" \/>\t\t\t\t\t\t\t\t\t\t\t\t\t\t\t<\/div>\n\t\t\t\t<div class=\"elementor-element elementor-element-83217d2 elementor-widget__width-initial elementor-widget elementor-widget-image\" data-id=\"83217d2\" data-element_type=\"widget\" data-widget_type=\"image.default\">\n\t\t\t\t\t\t\t\t\t\t\t\t\t\t\t<img decoding=\"async\" width=\"800\" height=\"534\" src=\"https:\/\/kikaxdesign.hr\/wp-content\/uploads\/2025\/12\/primjer1.jpg\" class=\"attachment-large size-large wp-image-5973\" alt=\"\" srcset=\"https:\/\/kikaxdesign.hr\/wp-content\/uploads\/2025\/12\/primjer1.jpg 1024w, https:\/\/kikaxdesign.hr\/wp-content\/uploads\/2025\/12\/primjer1-600x400.jpg 600w, https:\/\/kikaxdesign.hr\/wp-content\/uploads\/2025\/12\/primjer1-300x200.jpg 300w, https:\/\/kikaxdesign.hr\/wp-content\/uploads\/2025\/12\/primjer1-768x512.jpg 768w\" sizes=\"(max-width: 800px) 100vw, 800px\" \/>\t\t\t\t\t\t\t\t\t\t\t\t\t\t\t<\/div>\n\t\t\t\t\t<\/div>\n\t\t<\/div>\n\t\t\t\t<div class=\"elementor-column elementor-col-50 elementor-top-column elementor-element elementor-element-1a99fa4d\" data-id=\"1a99fa4d\" data-element_type=\"column\">\n\t\t\t<div class=\"elementor-widget-wrap elementor-element-populated\">\n\t\t\t\t\t\t<div class=\"elementor-element elementor-element-1d0c23cf elementor-widget elementor-widget-text-editor\" data-id=\"1d0c23cf\" data-element_type=\"widget\" data-widget_type=\"text-editor.default\">\n\t\t\t\t\t\t\t\t\t<p><strong><em>KIKAXDESIGN is a craft with an eighteen-year tradition in the production of wooden boxes and is the only such specialized craft for the production of wooden boxes in Croatia and the region.<\/em><\/strong><\/p><p>We are fully dedicated to creating top-quality wooden boxes in which your products will be presented in a quality manner, giving them added value.<\/p>\t\t\t\t\t\t\t\t<\/div>\n\t\t\t\t<div class=\"elementor-element elementor-element-1877ec05 elementor-widget elementor-widget-text-editor\" data-id=\"1877ec05\" data-element_type=\"widget\" data-widget_type=\"text-editor.default\">\n\t\t\t\t\t\t\t\t\t<p>As a family business that is very flexible and easily adaptable to all customer needs - from special orders in small batches to fast delivery of large quantities of goods to order, we will be happy to turn all your ideas into reality. In addition, we always have a range of our best-selling wooden boxes for immediate delivery in our own warehouse. On top of that, we also offer the service of developing a pre-production sample for your product, creating a prototype and putting it into mass production.<\/p><p>We pay special attention to the high quality of our boxes, in which some models feature a very large share of handwork by our craftsmen, and therefore they can be classified as almost unique products. We are proud of the high-quality \"zinc\" connection of the box body, which guarantees stability, strength and durability of our boxes. In addition, we use only high-quality chrome-plated metal fittings, protected from corrosion, which we mount with screws and not nails to prevent the lid from moving even after thousands of opening and closing cycles. For our boxes, we use wood from Croatian forests, and therefore we can say that all our products are fully ''Made in Croatia''.<strong>.<\/strong>\u201c&quot;.<\/p><p>We produce boxes and other wooden products in our own modern 240 square meter hall, with a rounded finishing line, CO2 laser machines, which can cut solid wood up to 15 mm or plywood 8 mm, for maximum product dimensions of 160\u00d7120 cm, CNC 3D engraving with a working surface of 80x70 cm, and other professional machines necessary for wood processing.<\/p><p>We deliver goods by package delivery services (GLS; DPD) to the home address for smaller packages, while we pack larger quantities of goods and send them on pallets (lagermax).<\/p><p>In addition to covering the Croatian market, we export our products to several European countries, from Latvia, Finland, France, Switzerland, England, Germany, to neighboring Italy, Austria and Slovenia. Many years of successful business cooperation with some of the most renowned Croatian and foreign companies speak for themselves about the quality of our services and products, our dedication to work and delivery of goods within the agreed deadlines and quality.<\/p>\t\t\t\t\t\t\t\t<\/div>\n\t\t\t\t<div class=\"elementor-element elementor-element-fac2c89 elementor-widget elementor-widget-image-carousel\" data-id=\"fac2c89\" data-element_type=\"widget\" data-settings=\"{&quot;slides_to_show&quot;:&quot;4&quot;,&quot;navigation&quot;:&quot;none&quot;,&quot;image_spacing_custom&quot;:{&quot;unit&quot;:&quot;px&quot;,&quot;size&quot;:50,&quot;sizes&quot;:[]},&quot;autoplay&quot;:&quot;yes&quot;,&quot;pause_on_hover&quot;:&quot;yes&quot;,&quot;pause_on_interaction&quot;:&quot;yes&quot;,&quot;autoplay_speed&quot;:5000,&quot;infinite&quot;:&quot;yes&quot;,&quot;speed&quot;:500,&quot;image_spacing_custom_tablet&quot;:{&quot;unit&quot;:&quot;px&quot;,&quot;size&quot;:&quot;&quot;,&quot;sizes&quot;:[]},&quot;image_spacing_custom_mobile&quot;:{&quot;unit&quot;:&quot;px&quot;,&quot;size&quot;:&quot;&quot;,&quot;sizes&quot;:[]}}\" data-widget_type=\"image-carousel.default\">\n\t\t\t\t\t\t\t<div class=\"elementor-image-carousel-wrapper swiper\" role=\"region\" aria-roledescription=\"carousel\" aria-label=\"Image Carousel\" dir=\"ltr\">\n\t\t\t<div class=\"elementor-image-carousel swiper-wrapper\" aria-live=\"off\">\n\t\t\t\t\t\t\t\t<div class=\"swiper-slide\" role=\"group\" aria-roledescription=\"slide\" aria-label=\"1 von 6\"><figure class=\"swiper-slide-inner\"><img decoding=\"async\" class=\"swiper-slide-image\" src=\"https:\/\/kikaxdesign.hr\/wp-content\/uploads\/2025\/07\/JAMESON-01.png\" alt=\"JAMESON-01\" \/><\/figure><\/div><div class=\"swiper-slide\" role=\"group\" aria-roledescription=\"slide\" aria-label=\"2 von 6\"><figure class=\"swiper-slide-inner\"><img decoding=\"async\" class=\"swiper-slide-image\" src=\"https:\/\/kikaxdesign.hr\/wp-content\/uploads\/2025\/07\/ELASTOMERI-01.png\" alt=\"ELASTOMERI-01\" \/><\/figure><\/div><div class=\"swiper-slide\" role=\"group\" aria-roledescription=\"slide\" aria-label=\"3 von 6\"><figure class=\"swiper-slide-inner\"><img decoding=\"async\" class=\"swiper-slide-image\" src=\"https:\/\/kikaxdesign.hr\/wp-content\/uploads\/2025\/07\/AURA-01.png\" alt=\"AURA-01\" \/><\/figure><\/div><div class=\"swiper-slide\" role=\"group\" aria-roledescription=\"slide\" aria-label=\"4 von 6\"><figure class=\"swiper-slide-inner\"><img decoding=\"async\" class=\"swiper-slide-image\" src=\"https:\/\/kikaxdesign.hr\/wp-content\/uploads\/2025\/07\/Gavrilovic-01.png\" alt=\"Gavrilovic-01\" \/><\/figure><\/div><div class=\"swiper-slide\" role=\"group\" aria-roledescription=\"slide\" aria-label=\"5 von 6\"><figure class=\"swiper-slide-inner\"><img decoding=\"async\" class=\"swiper-slide-image\" src=\"https:\/\/kikaxdesign.hr\/wp-content\/uploads\/2025\/07\/OSIJEK-KOTEKS-01.png\" alt=\"OSIJEK-KOTEKS-01\" \/><\/figure><\/div><div class=\"swiper-slide\" role=\"group\" aria-roledescription=\"slide\" aria-label=\"6 von 6\"><figure class=\"swiper-slide-inner\"><img decoding=\"async\" class=\"swiper-slide-image\" src=\"https:\/\/kikaxdesign.hr\/wp-content\/uploads\/2025\/07\/ltf-logo-313.png\" alt=\"ltf-logo-313\" \/><\/figure><\/div>\t\t\t<\/div>\n\t\t\t\t\t\t\t\n\t\t\t\t\t\t\t\t\t<\/div>\n\t\t\t\t\t\t<\/div>\n\t\t\t\t\t<\/div>\n\t\t<\/div>\n\t\t\t\t\t<\/div>\n\t\t<\/section>\n\t\t\t\t<\/div>","protected":false},"excerpt":{"rendered":"<p>Tko smo i \u0161to sve mo\u017eemo u\u010diniti za Vas KIKAXDESIGN je obrt sa osamnaestogodi\u0161njom tradicijom u proizvodnji drvenih kutija i jedini je takav specijalizirani obrt za proizvodnju drvenih kutija u Hrvatskoj i regiji. U potpunosti smo posve\u0107eni izradi vrhunskih drvenih kutija u kojima \u0107e Va\u0161i proizvodi biti kvalitetno prezentirani \u0161to \u0107e im dati dodanu vrijednost. [&hellip;]<\/p>","protected":false},"author":1,"featured_media":0,"parent":0,"menu_order":0,"comment_status":"closed","ping_status":"closed","template":"elementor_header_footer","meta":{"_acf_changed":false,"footnotes":""},"class_list":["post-54","page","type-page","status-publish","hentry"],"acf":[],"_links":{"self":[{"href":"https:\/\/kikaxdesign.hr\/en\/wp-json\/wp\/v2\/pages\/54","targetHints":{"allow":["GET"]}}],"collection":[{"href":"https:\/\/kikaxdesign.hr\/en\/wp-json\/wp\/v2\/pages"}],"about":[{"href":"https:\/\/kikaxdesign.hr\/en\/wp-json\/wp\/v2\/types\/page"}],"author":[{"embeddable":true,"href":"https:\/\/kikaxdesign.hr\/en\/wp-json\/wp\/v2\/users\/1"}],"replies":[{"embeddable":true,"href":"https:\/\/kikaxdesign.hr\/en\/wp-json\/wp\/v2\/comments?post=54"}],"version-history":[{"count":0,"href":"https:\/\/kikaxdesign.hr\/en\/wp-json\/wp\/v2\/pages\/54\/revisions"}],"wp:attachment":[{"href":"https:\/\/kikaxdesign.hr\/en\/wp-json\/wp\/v2\/media?parent=54"}],"curies":[{"name":"wp","href":"https:\/\/api.w.org\/{rel}","templated":true}]}}