{"id":6778,"date":"2026-04-09T22:06:52","date_gmt":"2026-04-09T20:06:52","guid":{"rendered":"https:\/\/kikaxdesign.hr\/?post_type=product&#038;p=6778"},"modified":"2026-04-09T22:08:22","modified_gmt":"2026-04-09T20:08:22","slug":"drvena-kutija-za-krsni-set-svileno-roza-km-411-3732r","status":"publish","type":"product","link":"https:\/\/kikaxdesign.hr\/de\/product\/drvena-kutija-za-krsni-set-svileno-roza-km-411-3732r\/","title":{"rendered":"Drvena kutija za krsni set svileno roza Km-411-3732R"},"content":{"rendered":"<p>Wei\u00df lackierte Schachteln f\u00fcr Taufsets und andere Anl\u00e4sse, mit oder ohne Trennw\u00e4nde, strahlen mit ihrer edlen Oberfl\u00e4che und den goldfarbenen Chrombeschl\u00e4gen einen Hauch von Luxus aus. Optional ist ein goldener Deckelhalter erh\u00e4ltlich, der den Deckel in halb ge\u00f6ffneter Position h\u00e4lt \u2013 ideal, wenn der Deckel innen verziert ist.<\/p>\n<p>&nbsp;<\/p>","protected":false},"excerpt":{"rendered":"<p>Nje\u017eno roza boje, drvena kutija za krsni set, sa srebrno kromiranim okovom.<\/p>\n<p>Option mit oder ohne Trennw\u00e4nde (bitte angeben)<\/p>","protected":false},"featured_media":6779,"template":"","meta":{"_acf_changed":false},"product_brand":[],"product_cat":[113],"product_tag":[],"class_list":{"0":"post-6778","1":"product","2":"type-product","3":"status-publish","4":"has-post-thumbnail","6":"product_cat-drvena-kutija-za-krsne-setove","8":"first","9":"instock","10":"taxable","11":"shipping-taxable","12":"purchasable","13":"product-type-bundle"},"bundled_by":[],"bundle_stock_status":"instock","bundle_stock_quantity":"","bundle_virtual":false,"bundle_layout":"default","bundle_add_to_cart_form_location":"default","bundle_editable_in_cart":false,"bundle_sold_individually_context":"product","bundle_item_grouping":"parent","bundle_min_size":"","bundle_max_size":"","bundle_price":{"price":{"min":{"incl_tax":"47.50","excl_tax":"38.00"},"max":{"incl_tax":"57.05","excl_tax":"45.64"}},"regular_price":{"min":{"incl_tax":"47.50","excl_tax":"38.00"},"max":{"incl_tax":"57.05","excl_tax":"45.64"}}},"bundled_items":[{"bundled_item_id":1285,"product_id":3515,"menu_order":0,"quantity_min":1,"quantity_max":1,"quantity_default":1,"priced_individually":true,"shipped_individually":true,"override_title":false,"title":"Lasergravur von Logos oder Inschriften","override_description":false,"description":"","optional":true,"hide_thumbnail":false,"discount":"","override_variations":false,"allowed_variations":[],"override_default_variation_attributes":false,"default_variation_attributes":[],"single_product_visibility":"visible","cart_visibility":"visible","order_visibility":"visible","single_product_price_visibility":"visible","cart_price_visibility":"visible","order_price_visibility":"visible","stock_status":"in_stock"},{"bundled_item_id":1286,"product_id":3513,"menu_order":1,"quantity_min":1,"quantity_max":1,"quantity_default":1,"priced_individually":true,"shipped_individually":false,"override_title":false,"title":"F\u00fcllung mit dekorativer Holzwolle","override_description":false,"description":"","optional":true,"hide_thumbnail":false,"discount":"","override_variations":false,"allowed_variations":[],"override_default_variation_attributes":false,"default_variation_attributes":[],"single_product_visibility":"visible","cart_visibility":"visible","order_visibility":"visible","single_product_price_visibility":"visible","cart_price_visibility":"visible","order_price_visibility":"visible","stock_status":"in_stock"}],"bundle_sell_ids":[],"exclude_global_add_ons":[],"addons":[],"acf":[],"_links":{"self":[{"href":"https:\/\/kikaxdesign.hr\/de\/wp-json\/wp\/v2\/product\/6778","targetHints":{"allow":["GET"]}}],"collection":[{"href":"https:\/\/kikaxdesign.hr\/de\/wp-json\/wp\/v2\/product"}],"about":[{"href":"https:\/\/kikaxdesign.hr\/de\/wp-json\/wp\/v2\/types\/product"}],"wp:featuredmedia":[{"embeddable":true,"href":"https:\/\/kikaxdesign.hr\/de\/wp-json\/wp\/v2\/media\/6779"}],"wp:attachment":[{"href":"https:\/\/kikaxdesign.hr\/de\/wp-json\/wp\/v2\/media?parent=6778"}],"wp:term":[{"taxonomy":"product_brand","embeddable":true,"href":"https:\/\/kikaxdesign.hr\/de\/wp-json\/wp\/v2\/product_brand?post=6778"},{"taxonomy":"product_cat","embeddable":true,"href":"https:\/\/kikaxdesign.hr\/de\/wp-json\/wp\/v2\/product_cat?post=6778"},{"taxonomy":"product_tag","embeddable":true,"href":"https:\/\/kikaxdesign.hr\/de\/wp-json\/wp\/v2\/product_tag?post=6778"}],"curies":[{"name":"wp","href":"https:\/\/api.w.org\/{rel}","templated":true}]}}