{"id":6692,"date":"2026-02-03T20:36:55","date_gmt":"2026-02-03T19:36:55","guid":{"rendered":"https:\/\/kikaxdesign.hr\/?post_type=product&#038;p=6692"},"modified":"2026-02-03T20:40:51","modified_gmt":"2026-02-03T19:40:51","slug":"paljena-drvena-kutija-za-2-butelje-kp-104-2","status":"publish","type":"product","link":"https:\/\/kikaxdesign.hr\/de\/product\/paljena-drvena-kutija-za-2-butelje-kp-104-2\/","title":{"rendered":"Verbrannte Holzkiste f\u00fcr 2 Flaschen Kp-104-2"},"content":{"rendered":"<p>Wir fertigen faltbare Flaschenkisten aus Holz in zwei Ausf\u00fchrungen: naturbelassen (Naturholz) und gebranntes Holz. Der Klappdeckel bietet die ideale Fl\u00e4che f\u00fcr Ihr Logo, das wir per Laser- oder CNC-Gravur anbringen. Die Kisten werden mit einem schwarzen oder silbernen Klickverschluss aus verchromtem Metall verschlossen. Sie sind in Gr\u00f6\u00dfen f\u00fcr ein, zwei, drei, sechs und neun Flaschen erh\u00e4ltlich. Modelle f\u00fcr zwei und drei Flaschen mit transparentem Deckel (Plexiglas) sind ebenfalls verf\u00fcgbar.<\/p>","protected":false},"excerpt":{"rendered":"<p>\u2013 ein Klappmodell in nat\u00fcrlicher, gebrannter Optik<\/p>","protected":false},"featured_media":5556,"template":"","meta":{"_acf_changed":false},"product_brand":[],"product_cat":[73,81],"product_tag":[],"class_list":{"0":"post-6692","1":"product","2":"type-product","3":"status-publish","4":"has-post-thumbnail","6":"product_cat-natur-drvene-kutije","7":"product_cat-preklopni-modeli","9":"first","10":"instock","11":"taxable","12":"shipping-taxable","13":"product-type-bundle"},"bundled_by":[],"bundle_stock_status":"instock","bundle_stock_quantity":"","bundle_virtual":false,"bundle_layout":"default","bundle_add_to_cart_form_location":"default","bundle_editable_in_cart":false,"bundle_sold_individually_context":"product","bundle_item_grouping":"parent","bundle_min_size":"","bundle_max_size":"","bundle_price":{"price":{"min":{"incl_tax":"9.60","excl_tax":"7.68"},"max":{"incl_tax":"19.15","excl_tax":"15.32"}},"regular_price":{"min":{"incl_tax":"9.60","excl_tax":"7.68"},"max":{"incl_tax":"19.15","excl_tax":"15.32"}}},"bundled_items":[{"bundled_item_id":1271,"product_id":3515,"menu_order":0,"quantity_min":1,"quantity_max":1,"quantity_default":1,"priced_individually":true,"shipped_individually":true,"override_title":false,"title":"Lasergravur von Logos oder Inschriften","override_description":false,"description":"","optional":true,"hide_thumbnail":false,"discount":"","override_variations":false,"allowed_variations":[],"override_default_variation_attributes":false,"default_variation_attributes":[],"single_product_visibility":"visible","cart_visibility":"visible","order_visibility":"visible","single_product_price_visibility":"visible","cart_price_visibility":"visible","order_price_visibility":"visible","stock_status":"in_stock"},{"bundled_item_id":1272,"product_id":3513,"menu_order":1,"quantity_min":1,"quantity_max":1,"quantity_default":1,"priced_individually":true,"shipped_individually":false,"override_title":false,"title":"F\u00fcllung mit dekorativer Holzwolle","override_description":false,"description":"","optional":true,"hide_thumbnail":false,"discount":"","override_variations":false,"allowed_variations":[],"override_default_variation_attributes":false,"default_variation_attributes":[],"single_product_visibility":"visible","cart_visibility":"visible","order_visibility":"visible","single_product_price_visibility":"visible","cart_price_visibility":"visible","order_price_visibility":"visible","stock_status":"in_stock"}],"bundle_sell_ids":[],"exclude_global_add_ons":[],"addons":[],"acf":[],"_links":{"self":[{"href":"https:\/\/kikaxdesign.hr\/de\/wp-json\/wp\/v2\/product\/6692","targetHints":{"allow":["GET"]}}],"collection":[{"href":"https:\/\/kikaxdesign.hr\/de\/wp-json\/wp\/v2\/product"}],"about":[{"href":"https:\/\/kikaxdesign.hr\/de\/wp-json\/wp\/v2\/types\/product"}],"wp:featuredmedia":[{"embeddable":true,"href":"https:\/\/kikaxdesign.hr\/de\/wp-json\/wp\/v2\/media\/5556"}],"wp:attachment":[{"href":"https:\/\/kikaxdesign.hr\/de\/wp-json\/wp\/v2\/media?parent=6692"}],"wp:term":[{"taxonomy":"product_brand","embeddable":true,"href":"https:\/\/kikaxdesign.hr\/de\/wp-json\/wp\/v2\/product_brand?post=6692"},{"taxonomy":"product_cat","embeddable":true,"href":"https:\/\/kikaxdesign.hr\/de\/wp-json\/wp\/v2\/product_cat?post=6692"},{"taxonomy":"product_tag","embeddable":true,"href":"https:\/\/kikaxdesign.hr\/de\/wp-json\/wp\/v2\/product_tag?post=6692"}],"curies":[{"name":"wp","href":"https:\/\/api.w.org\/{rel}","templated":true}]}}