{"id":6439,"date":"2025-12-30T13:13:02","date_gmt":"2025-12-30T12:13:02","guid":{"rendered":"https:\/\/kikaxdesign.hr\/?post_type=product&#038;p=6439"},"modified":"2025-12-30T13:20:28","modified_gmt":"2025-12-30T12:20:28","slug":"drvena-kutija-za-photobook-k-106pbm","status":"publish","type":"product","link":"https:\/\/kikaxdesign.hr\/de\/product\/drvena-kutija-za-photobook-k-106pbm\/","title":{"rendered":"Holzbox f\u00fcr Fotobuch K-106Pbm"},"content":{"rendered":"<p>Eine Variante einer Holzbox f\u00fcr Fotob\u00fccher mit Schiebedeckel, in zwei Gr\u00f6\u00dfen - f\u00fcr B\u00fccher 30*30 und 40*30 cm, und in zwei Verarbeitungstechniken - eine geb\u00fcrstete Naturvariante und eine braune Variante mit Palisanderglasur, die sich besonders f\u00fcr die 3D-CNC-Gravur von Logos oder Namen eignet.<\/p>","protected":false},"excerpt":{"rendered":"<p>-Box mit Schiebedeckel f\u00fcr Fotob\u00fccher 30\u00d730 cm<\/p>","protected":false},"featured_media":4092,"template":"","meta":{"_acf_changed":false},"product_brand":[],"product_cat":[140],"product_tag":[],"class_list":{"0":"post-6439","1":"product","2":"type-product","3":"status-publish","4":"has-post-thumbnail","6":"product_cat-klizne-drvene-kutije-za-photobookove-kutije-za-bookove-drveni-program-za-fotografe-veleprodaja","8":"first","9":"instock","10":"taxable","11":"shipping-taxable","12":"product-type-bundle"},"bundled_by":[],"bundle_stock_status":"instock","bundle_stock_quantity":"","bundle_virtual":false,"bundle_layout":"default","bundle_add_to_cart_form_location":"default","bundle_editable_in_cart":false,"bundle_sold_individually_context":"product","bundle_item_grouping":"parent","bundle_min_size":"","bundle_max_size":"","bundle_price":{"price":{"min":{"incl_tax":"16.44","excl_tax":"13.15"},"max":{"incl_tax":"24.74","excl_tax":"19.79"}},"regular_price":{"min":{"incl_tax":"16.44","excl_tax":"13.15"},"max":{"incl_tax":"24.74","excl_tax":"19.79"}}},"bundled_items":[{"bundled_item_id":1267,"product_id":3515,"menu_order":0,"quantity_min":1,"quantity_max":1,"quantity_default":1,"priced_individually":true,"shipped_individually":true,"override_title":false,"title":"Lasergravur von Logos oder Inschriften","override_description":false,"description":"","optional":true,"hide_thumbnail":false,"discount":"","override_variations":false,"allowed_variations":[],"override_default_variation_attributes":false,"default_variation_attributes":[],"single_product_visibility":"visible","cart_visibility":"visible","order_visibility":"visible","single_product_price_visibility":"visible","cart_price_visibility":"visible","order_price_visibility":"visible","stock_status":"in_stock"}],"bundle_sell_ids":[],"exclude_global_add_ons":[],"addons":[],"acf":[],"_links":{"self":[{"href":"https:\/\/kikaxdesign.hr\/de\/wp-json\/wp\/v2\/product\/6439","targetHints":{"allow":["GET"]}}],"collection":[{"href":"https:\/\/kikaxdesign.hr\/de\/wp-json\/wp\/v2\/product"}],"about":[{"href":"https:\/\/kikaxdesign.hr\/de\/wp-json\/wp\/v2\/types\/product"}],"wp:featuredmedia":[{"embeddable":true,"href":"https:\/\/kikaxdesign.hr\/de\/wp-json\/wp\/v2\/media\/4092"}],"wp:attachment":[{"href":"https:\/\/kikaxdesign.hr\/de\/wp-json\/wp\/v2\/media?parent=6439"}],"wp:term":[{"taxonomy":"product_brand","embeddable":true,"href":"https:\/\/kikaxdesign.hr\/de\/wp-json\/wp\/v2\/product_brand?post=6439"},{"taxonomy":"product_cat","embeddable":true,"href":"https:\/\/kikaxdesign.hr\/de\/wp-json\/wp\/v2\/product_cat?post=6439"},{"taxonomy":"product_tag","embeddable":true,"href":"https:\/\/kikaxdesign.hr\/de\/wp-json\/wp\/v2\/product_tag?post=6439"}],"curies":[{"name":"wp","href":"https:\/\/api.w.org\/{rel}","templated":true}]}}