{"id":6349,"date":"2025-12-23T19:08:56","date_gmt":"2025-12-23T18:08:56","guid":{"rendered":"https:\/\/kikaxdesign.hr\/?post_type=product&#038;p=6349"},"modified":"2026-01-29T21:27:07","modified_gmt":"2026-01-29T20:27:07","slug":"drvena-kutija-za-uljeocat-sol-ili-kruh-km-302xln-2","status":"publish","type":"product","link":"https:\/\/kikaxdesign.hr\/de\/product\/drvena-kutija-za-uljeocat-sol-ili-kruh-km-302xln-2\/","title":{"rendered":"Holzkiste f\u00fcr \u00d6l, Essig, Salz oder Brot Km-302xLn"},"content":{"rendered":"<p>Hochwertige, lackierte Holzk\u00e4stchen aus massiver Esche f\u00fcr \u00d6l, Essig, Salz oder sogar Brot sind \u00e4u\u00dferst robuste und langlebige Produkte.<\/p>\n<p>Handgebeizt, mit drei Schichten Renner&#039;s PU-Matt- oder Seidenmattlack, Zink-Eckverbindungen und einem laminierten Birkenboden garantieren sie Qualit\u00e4t und Langlebigkeit.<\/p>\n<p>Die Kartons sind mit dem Logo des Unternehmens versehen und k\u00f6nnen in gr\u00f6\u00dferen Mengen in einer vom Kunden gew\u00fcnschten Farbe hergestellt werden.<\/p>","protected":false},"excerpt":{"rendered":"<p>\u2013 Premium-Kleinbox f\u00fcr Cateringtische mit praktischen Tragegriffen<\/p>","protected":false},"featured_media":4174,"template":"","meta":{"_acf_changed":false},"product_brand":[],"product_cat":[93],"product_tag":[],"class_list":{"0":"post-6349","1":"product","2":"type-product","3":"status-publish","4":"has-post-thumbnail","6":"product_cat-kutije-za-kruhocat-i-sol","8":"first","9":"instock","10":"taxable","11":"shipping-taxable","12":"product-type-bundle"},"bundled_by":[],"bundle_stock_status":"instock","bundle_stock_quantity":"","bundle_virtual":false,"bundle_layout":"default","bundle_add_to_cart_form_location":"default","bundle_editable_in_cart":false,"bundle_sold_individually_context":"product","bundle_item_grouping":"parent","bundle_min_size":"","bundle_max_size":"","bundle_price":{"price":{"min":{"incl_tax":"13.70","excl_tax":"10.96"},"max":{"incl_tax":"22","excl_tax":"17.6"}},"regular_price":{"min":{"incl_tax":"13.70","excl_tax":"10.96"},"max":{"incl_tax":"22","excl_tax":"17.6"}}},"bundled_items":[{"bundled_item_id":1264,"product_id":3515,"menu_order":0,"quantity_min":1,"quantity_max":1,"quantity_default":1,"priced_individually":true,"shipped_individually":true,"override_title":false,"title":"Lasergravur von Logos oder Inschriften","override_description":false,"description":"","optional":true,"hide_thumbnail":false,"discount":"","override_variations":false,"allowed_variations":[],"override_default_variation_attributes":false,"default_variation_attributes":[],"single_product_visibility":"visible","cart_visibility":"visible","order_visibility":"visible","single_product_price_visibility":"visible","cart_price_visibility":"visible","order_price_visibility":"visible","stock_status":"in_stock"}],"bundle_sell_ids":[],"exclude_global_add_ons":[],"addons":[],"acf":[],"_links":{"self":[{"href":"https:\/\/kikaxdesign.hr\/de\/wp-json\/wp\/v2\/product\/6349","targetHints":{"allow":["GET"]}}],"collection":[{"href":"https:\/\/kikaxdesign.hr\/de\/wp-json\/wp\/v2\/product"}],"about":[{"href":"https:\/\/kikaxdesign.hr\/de\/wp-json\/wp\/v2\/types\/product"}],"wp:featuredmedia":[{"embeddable":true,"href":"https:\/\/kikaxdesign.hr\/de\/wp-json\/wp\/v2\/media\/4174"}],"wp:attachment":[{"href":"https:\/\/kikaxdesign.hr\/de\/wp-json\/wp\/v2\/media?parent=6349"}],"wp:term":[{"taxonomy":"product_brand","embeddable":true,"href":"https:\/\/kikaxdesign.hr\/de\/wp-json\/wp\/v2\/product_brand?post=6349"},{"taxonomy":"product_cat","embeddable":true,"href":"https:\/\/kikaxdesign.hr\/de\/wp-json\/wp\/v2\/product_cat?post=6349"},{"taxonomy":"product_tag","embeddable":true,"href":"https:\/\/kikaxdesign.hr\/de\/wp-json\/wp\/v2\/product_tag?post=6349"}],"curies":[{"name":"wp","href":"https:\/\/api.w.org\/{rel}","templated":true}]}}