{"id":5947,"date":"2025-12-10T12:40:18","date_gmt":"2025-12-10T11:40:18","guid":{"rendered":"https:\/\/kikaxdesign.hr\/?post_type=product&#038;p=5947"},"modified":"2026-01-27T22:55:59","modified_gmt":"2026-01-27T21:55:59","slug":"drvena-kutija-za-caj-k-311s-smeda","status":"publish","type":"product","link":"https:\/\/kikaxdesign.hr\/de\/product\/drvena-kutija-za-caj-k-311s-smeda\/","title":{"rendered":"Holz-Teebox K-311s braun"},"content":{"rendered":"<p>Die exklusive Linie lackierter Holzboxen f\u00fcr Werbegeschenke ist die prestigetr\u00e4chtigste Serie in unserem Sortiment. Diese Boxen werden aus massiver Esche in Kombination mit mehrschichtigem Birkenholz gefertigt. Die Veredelung beginnt mit dem Beizen von Hand, dem Airbrushing und einer abschlie\u00dfenden mehrschichtigen Lackierung in gl\u00e4nzender, matter oder seidenmatter Ausf\u00fchrung. Neben Boxen f\u00fcr 1 und 2 Flaschen geh\u00f6rt auch eine Box f\u00fcr Magnumflaschen zum festen Angebot. Andere Gr\u00f6\u00dfen sind auf Anfrage erh\u00e4ltlich, beispielsweise das Modell K-311, in verschiedenen Beizt\u00f6nen. Die 3D-CNC-Gravur verleiht den Boxen eine besonders hochwertige Optik und hebt die Qualit\u00e4t der aufbewahrten Produkte auf ein neues Niveau.<\/p>","protected":false},"excerpt":{"rendered":"<p>Die Teebox wird in zwei Gr\u00f6\u00dfen mit 9 bzw. 12 F\u00e4chern hergestellt, angepasst an die Standardbreite von Papierverpackungen f\u00fcr Teebeutel. Beide Varianten sind mit einem Glasdeckel versehen.<\/p>","protected":false},"featured_media":3711,"template":"","meta":{"_acf_changed":false},"product_brand":[],"product_cat":[99],"product_tag":[],"class_list":{"0":"post-5947","1":"product","2":"type-product","3":"status-publish","4":"has-post-thumbnail","6":"product_cat-drvene-kutije-za-cajeve-ostali-asortiman","8":"first","9":"instock","10":"taxable","11":"shipping-taxable","12":"product-type-bundle"},"bundled_by":[],"bundle_stock_status":"instock","bundle_stock_quantity":10,"bundle_virtual":false,"bundle_layout":"default","bundle_add_to_cart_form_location":"default","bundle_editable_in_cart":false,"bundle_sold_individually_context":"product","bundle_item_grouping":"parent","bundle_min_size":"","bundle_max_size":"","bundle_price":{"price":{"min":{"incl_tax":"16.28","excl_tax":"13.02"},"max":{"incl_tax":"24.58","excl_tax":"19.66"}},"regular_price":{"min":{"incl_tax":"16.28","excl_tax":"13.02"},"max":{"incl_tax":"24.58","excl_tax":"19.66"}}},"bundled_items":[{"bundled_item_id":1205,"product_id":3515,"menu_order":0,"quantity_min":1,"quantity_max":1,"quantity_default":1,"priced_individually":true,"shipped_individually":true,"override_title":false,"title":"Lasergravur von Logos oder Inschriften","override_description":false,"description":"","optional":true,"hide_thumbnail":false,"discount":"","override_variations":false,"allowed_variations":[],"override_default_variation_attributes":false,"default_variation_attributes":[],"single_product_visibility":"visible","cart_visibility":"visible","order_visibility":"visible","single_product_price_visibility":"visible","cart_price_visibility":"visible","order_price_visibility":"visible","stock_status":"in_stock"}],"bundle_sell_ids":[],"exclude_global_add_ons":[],"addons":[],"acf":[],"_links":{"self":[{"href":"https:\/\/kikaxdesign.hr\/de\/wp-json\/wp\/v2\/product\/5947","targetHints":{"allow":["GET"]}}],"collection":[{"href":"https:\/\/kikaxdesign.hr\/de\/wp-json\/wp\/v2\/product"}],"about":[{"href":"https:\/\/kikaxdesign.hr\/de\/wp-json\/wp\/v2\/types\/product"}],"wp:featuredmedia":[{"embeddable":true,"href":"https:\/\/kikaxdesign.hr\/de\/wp-json\/wp\/v2\/media\/3711"}],"wp:attachment":[{"href":"https:\/\/kikaxdesign.hr\/de\/wp-json\/wp\/v2\/media?parent=5947"}],"wp:term":[{"taxonomy":"product_brand","embeddable":true,"href":"https:\/\/kikaxdesign.hr\/de\/wp-json\/wp\/v2\/product_brand?post=5947"},{"taxonomy":"product_cat","embeddable":true,"href":"https:\/\/kikaxdesign.hr\/de\/wp-json\/wp\/v2\/product_cat?post=5947"},{"taxonomy":"product_tag","embeddable":true,"href":"https:\/\/kikaxdesign.hr\/de\/wp-json\/wp\/v2\/product_tag?post=5947"}],"curies":[{"name":"wp","href":"https:\/\/api.w.org\/{rel}","templated":true}]}}