{"id":5253,"date":"2025-11-06T23:29:30","date_gmt":"2025-11-06T22:29:30","guid":{"rendered":"https:\/\/kikaxdesign.hr\/?post_type=product&#038;p=5253"},"modified":"2025-12-12T12:21:42","modified_gmt":"2025-12-12T11:21:42","slug":"stalak-za-note-od-crnog-pleksiglasa-pst-103nc","status":"publish","type":"product","link":"https:\/\/kikaxdesign.hr\/de\/product\/stalak-za-note-od-crnog-pleksiglasa-pst-103nc\/","title":{"rendered":"Schwarzer Plexiglas-Notenst\u00e4nder PST-103NC"},"content":{"rendered":"<p>\u2013 mit F\u00fc\u00dfen, die verhindern, dass die Notenbl\u00e4tter umkippen<\/p>","protected":false},"excerpt":{"rendered":"<p>\u2013 mit F\u00fc\u00dfen, die verhindern, dass die Notenbl\u00e4tter umkippen<\/p>","protected":false},"featured_media":5254,"template":"","meta":{"_acf_changed":false},"product_brand":[],"product_cat":[110],"product_tag":[],"class_list":{"0":"post-5253","1":"product","2":"type-product","3":"status-publish","4":"has-post-thumbnail","6":"product_cat-pleksiglas-asortiman","8":"first","9":"instock","10":"taxable","11":"shipping-taxable","12":"product-type-bundle"},"bundled_by":[],"bundle_stock_status":"instock","bundle_stock_quantity":"","bundle_virtual":false,"bundle_layout":"default","bundle_add_to_cart_form_location":"default","bundle_editable_in_cart":false,"bundle_sold_individually_context":"product","bundle_item_grouping":"parent","bundle_min_size":"","bundle_max_size":"","bundle_price":{"price":{"min":{"incl_tax":"13.00","excl_tax":"10.40"},"max":{"incl_tax":"21.3","excl_tax":"17.04"}},"regular_price":{"min":{"incl_tax":"13.00","excl_tax":"10.40"},"max":{"incl_tax":"21.3","excl_tax":"17.04"}}},"bundled_items":[{"bundled_item_id":863,"product_id":3515,"menu_order":0,"quantity_min":1,"quantity_max":1,"quantity_default":1,"priced_individually":true,"shipped_individually":true,"override_title":false,"title":"Lasergravur von Logos oder Inschriften","override_description":false,"description":"","optional":true,"hide_thumbnail":false,"discount":"","override_variations":false,"allowed_variations":[],"override_default_variation_attributes":false,"default_variation_attributes":[],"single_product_visibility":"visible","cart_visibility":"visible","order_visibility":"visible","single_product_price_visibility":"visible","cart_price_visibility":"visible","order_price_visibility":"visible","stock_status":"in_stock"}],"bundle_sell_ids":[],"exclude_global_add_ons":[],"addons":[],"acf":[],"_links":{"self":[{"href":"https:\/\/kikaxdesign.hr\/de\/wp-json\/wp\/v2\/product\/5253","targetHints":{"allow":["GET"]}}],"collection":[{"href":"https:\/\/kikaxdesign.hr\/de\/wp-json\/wp\/v2\/product"}],"about":[{"href":"https:\/\/kikaxdesign.hr\/de\/wp-json\/wp\/v2\/types\/product"}],"wp:featuredmedia":[{"embeddable":true,"href":"https:\/\/kikaxdesign.hr\/de\/wp-json\/wp\/v2\/media\/5254"}],"wp:attachment":[{"href":"https:\/\/kikaxdesign.hr\/de\/wp-json\/wp\/v2\/media?parent=5253"}],"wp:term":[{"taxonomy":"product_brand","embeddable":true,"href":"https:\/\/kikaxdesign.hr\/de\/wp-json\/wp\/v2\/product_brand?post=5253"},{"taxonomy":"product_cat","embeddable":true,"href":"https:\/\/kikaxdesign.hr\/de\/wp-json\/wp\/v2\/product_cat?post=5253"},{"taxonomy":"product_tag","embeddable":true,"href":"https:\/\/kikaxdesign.hr\/de\/wp-json\/wp\/v2\/product_tag?post=5253"}],"curies":[{"name":"wp","href":"https:\/\/api.w.org\/{rel}","templated":true}]}}