{"id":5138,"date":"2025-11-02T13:34:56","date_gmt":"2025-11-02T12:34:56","guid":{"rendered":"https:\/\/kikaxdesign.hr\/?post_type=product&#038;p=5138"},"modified":"2025-12-12T11:34:17","modified_gmt":"2025-12-12T10:34:17","slug":"drveni-usb-stick-grancica-usb64fj","status":"publish","type":"product","link":"https:\/\/kikaxdesign.hr\/de\/product\/drveni-usb-stick-grancica-usb64fj\/","title":{"rendered":"USB-Stick aus Holz, Zweig, USB64FJ"},"content":{"rendered":"<p>Unsere USB-Sticks aus Holz werden aus hochwertigen Kingston 3.2-Speichern gefertigt, die in Holzh\u00fcllen mit USB-Sticks namhafter Hersteller verpackt sind. Sie zeichnen sich durch hohe \u00dcbertragungsgeschwindigkeiten und eine lebenslange Garantie aus. Neben den Bestsellern, den klassischen, quadratischen Modellen, die etwas breiter sind, um das lasergravierte Logo besser positionieren zu k\u00f6nnen, bieten wir auch herzf\u00f6rmige Modelle und USB-Sticks in einem echten Holzast an! F\u00fcr unsere klassischen USB64-Modelle fertigen wir zudem eine Holzbox mit einer weichen Aussparung f\u00fcr den Stick, die dem Design unserer Fotobuchboxen nachempfunden ist. Die neueste Serie von Sticks und Boxen ist mit einem zus\u00e4tzlichen \u201cL\u201d gekennzeichnet und zeichnet sich durch ihre braune Farbe aus.<\/p>","protected":false},"excerpt":{"rendered":"<p>Kingston 64 GB USB 3.2 Speicher in einem wilden Apfelzweig<\/p>","protected":false},"featured_media":4786,"template":"","meta":{"_acf_changed":false},"product_brand":[],"product_cat":[85],"product_tag":[],"class_list":{"0":"post-5138","1":"product","2":"type-product","3":"status-publish","4":"has-post-thumbnail","6":"product_cat-drveni-stickovi-i-usb-kutije","8":"first","9":"instock","10":"taxable","11":"shipping-taxable","12":"product-type-bundle"},"bundled_by":[],"bundle_stock_status":"instock","bundle_stock_quantity":"","bundle_virtual":false,"bundle_layout":"default","bundle_add_to_cart_form_location":"default","bundle_editable_in_cart":false,"bundle_sold_individually_context":"product","bundle_item_grouping":"parent","bundle_min_size":"","bundle_max_size":"","bundle_price":{"price":{"min":{"incl_tax":"16.75","excl_tax":"13.40"},"max":{"incl_tax":"25.05","excl_tax":"20.04"}},"regular_price":{"min":{"incl_tax":"16.75","excl_tax":"13.40"},"max":{"incl_tax":"25.05","excl_tax":"20.04"}}},"bundled_items":[{"bundled_item_id":845,"product_id":3515,"menu_order":0,"quantity_min":1,"quantity_max":1,"quantity_default":1,"priced_individually":true,"shipped_individually":true,"override_title":false,"title":"Lasergravur von Logos oder Inschriften","override_description":false,"description":"","optional":true,"hide_thumbnail":false,"discount":"","override_variations":false,"allowed_variations":[],"override_default_variation_attributes":false,"default_variation_attributes":[],"single_product_visibility":"visible","cart_visibility":"visible","order_visibility":"visible","single_product_price_visibility":"visible","cart_price_visibility":"visible","order_price_visibility":"visible","stock_status":"in_stock"}],"bundle_sell_ids":[],"exclude_global_add_ons":[],"addons":[],"acf":[],"_links":{"self":[{"href":"https:\/\/kikaxdesign.hr\/de\/wp-json\/wp\/v2\/product\/5138","targetHints":{"allow":["GET"]}}],"collection":[{"href":"https:\/\/kikaxdesign.hr\/de\/wp-json\/wp\/v2\/product"}],"about":[{"href":"https:\/\/kikaxdesign.hr\/de\/wp-json\/wp\/v2\/types\/product"}],"wp:featuredmedia":[{"embeddable":true,"href":"https:\/\/kikaxdesign.hr\/de\/wp-json\/wp\/v2\/media\/4786"}],"wp:attachment":[{"href":"https:\/\/kikaxdesign.hr\/de\/wp-json\/wp\/v2\/media?parent=5138"}],"wp:term":[{"taxonomy":"product_brand","embeddable":true,"href":"https:\/\/kikaxdesign.hr\/de\/wp-json\/wp\/v2\/product_brand?post=5138"},{"taxonomy":"product_cat","embeddable":true,"href":"https:\/\/kikaxdesign.hr\/de\/wp-json\/wp\/v2\/product_cat?post=5138"},{"taxonomy":"product_tag","embeddable":true,"href":"https:\/\/kikaxdesign.hr\/de\/wp-json\/wp\/v2\/product_tag?post=5138"}],"curies":[{"name":"wp","href":"https:\/\/api.w.org\/{rel}","templated":true}]}}