{"id":4752,"date":"2025-10-13T10:41:18","date_gmt":"2025-10-13T08:41:18","guid":{"rendered":"https:\/\/kikaxdesign.hr\/?post_type=product&#038;p=4752"},"modified":"2026-01-17T11:12:25","modified_gmt":"2026-01-17T10:12:25","slug":"drveni-stalak-za-2-o1-l-bocice-st-102-01-2","status":"publish","type":"product","link":"https:\/\/kikaxdesign.hr\/de\/product\/drveni-stalak-za-2-o1-l-bocice-st-102-01-2\/","title":{"rendered":"Holzst\u00e4nder f\u00fcr 2 Flaschen \u00e0 0,1 l ST-102-01"},"content":{"rendered":"","protected":false},"excerpt":{"rendered":"<p>\u2013 Halterung f\u00fcr 2 Flaschen mit praktischem Tragegriff<\/p>","protected":false},"featured_media":6545,"template":"","meta":{"_acf_changed":false},"product_brand":[],"product_cat":[83],"product_tag":[],"class_list":{"0":"post-4752","1":"product","2":"type-product","3":"status-publish","4":"has-post-thumbnail","6":"product_cat-stalci-i-nosiljke","8":"first","9":"instock","10":"taxable","11":"shipping-taxable","12":"product-type-bundle"},"bundled_by":[],"bundle_stock_status":"instock","bundle_stock_quantity":"","bundle_virtual":false,"bundle_layout":"default","bundle_add_to_cart_form_location":"default","bundle_editable_in_cart":false,"bundle_sold_individually_context":"product","bundle_item_grouping":"parent","bundle_min_size":"","bundle_max_size":"","bundle_price":{"price":{"min":{"incl_tax":"8.00","excl_tax":"6.40"},"max":{"incl_tax":"16.3","excl_tax":"13.04"}},"regular_price":{"min":{"incl_tax":"8.00","excl_tax":"6.40"},"max":{"incl_tax":"16.3","excl_tax":"13.04"}}},"bundled_items":[{"bundled_item_id":803,"product_id":3515,"menu_order":0,"quantity_min":1,"quantity_max":1,"quantity_default":1,"priced_individually":true,"shipped_individually":true,"override_title":false,"title":"Lasergravur von Logos oder Inschriften","override_description":false,"description":"","optional":true,"hide_thumbnail":false,"discount":"","override_variations":false,"allowed_variations":[],"override_default_variation_attributes":false,"default_variation_attributes":[],"single_product_visibility":"visible","cart_visibility":"visible","order_visibility":"visible","single_product_price_visibility":"visible","cart_price_visibility":"visible","order_price_visibility":"visible","stock_status":"in_stock"}],"bundle_sell_ids":[],"exclude_global_add_ons":[],"addons":[],"acf":[],"_links":{"self":[{"href":"https:\/\/kikaxdesign.hr\/de\/wp-json\/wp\/v2\/product\/4752","targetHints":{"allow":["GET"]}}],"collection":[{"href":"https:\/\/kikaxdesign.hr\/de\/wp-json\/wp\/v2\/product"}],"about":[{"href":"https:\/\/kikaxdesign.hr\/de\/wp-json\/wp\/v2\/types\/product"}],"wp:featuredmedia":[{"embeddable":true,"href":"https:\/\/kikaxdesign.hr\/de\/wp-json\/wp\/v2\/media\/6545"}],"wp:attachment":[{"href":"https:\/\/kikaxdesign.hr\/de\/wp-json\/wp\/v2\/media?parent=4752"}],"wp:term":[{"taxonomy":"product_brand","embeddable":true,"href":"https:\/\/kikaxdesign.hr\/de\/wp-json\/wp\/v2\/product_brand?post=4752"},{"taxonomy":"product_cat","embeddable":true,"href":"https:\/\/kikaxdesign.hr\/de\/wp-json\/wp\/v2\/product_cat?post=4752"},{"taxonomy":"product_tag","embeddable":true,"href":"https:\/\/kikaxdesign.hr\/de\/wp-json\/wp\/v2\/product_tag?post=4752"}],"curies":[{"name":"wp","href":"https:\/\/api.w.org\/{rel}","templated":true}]}}