{"id":4744,"date":"2025-10-13T10:35:47","date_gmt":"2025-10-13T08:35:47","guid":{"rendered":"https:\/\/kikaxdesign.hr\/?post_type=product&#038;p=4744"},"modified":"2026-01-14T12:56:37","modified_gmt":"2026-01-14T11:56:37","slug":"drvena-nosiljka-za-3-boce-nl-113-2","status":"publish","type":"product","link":"https:\/\/kikaxdesign.hr\/de\/product\/drvena-nosiljka-za-3-boce-nl-113-2\/","title":{"rendered":"Holzregal f\u00fcr 3 Flaschen NL-113"},"content":{"rendered":"<p>Holzflaschentr\u00e4ger sind eine praktische und kosteng\u00fcnstige L\u00f6sung, um drei oder sechs Flaschen zu transportieren, ohne den Inhalt zu verdecken. Durch die Kombination von Holz und Wein dienen die Tr\u00e4ger als einfache L\u00f6sung f\u00fcr den Transport von Flaschen oder als praktische Geschenkverpackung f\u00fcr mehrere Flaschen.<\/p>","protected":false},"excerpt":{"rendered":"<p>\u2013 ein praktischer Weintr\u00e4ger aus Holz f\u00fcr 3 Flaschen, mit einem nat\u00fcrlichen Griff<\/p>","protected":false},"featured_media":6543,"template":"","meta":{"_acf_changed":false},"product_brand":[],"product_cat":[83],"product_tag":[],"class_list":{"0":"post-4744","1":"product","2":"type-product","3":"status-publish","4":"has-post-thumbnail","6":"product_cat-stalci-i-nosiljke","8":"first","9":"instock","10":"taxable","11":"shipping-taxable","12":"product-type-bundle"},"bundled_by":[],"bundle_stock_status":"instock","bundle_stock_quantity":"","bundle_virtual":false,"bundle_layout":"default","bundle_add_to_cart_form_location":"default","bundle_editable_in_cart":false,"bundle_sold_individually_context":"product","bundle_item_grouping":"parent","bundle_min_size":"","bundle_max_size":"","bundle_price":{"price":{"min":{"incl_tax":"7.61","excl_tax":"6.09"},"max":{"incl_tax":"15.91","excl_tax":"12.73"}},"regular_price":{"min":{"incl_tax":"7.61","excl_tax":"6.09"},"max":{"incl_tax":"15.91","excl_tax":"12.73"}}},"bundled_items":[{"bundled_item_id":795,"product_id":3515,"menu_order":0,"quantity_min":1,"quantity_max":1,"quantity_default":1,"priced_individually":true,"shipped_individually":true,"override_title":false,"title":"Lasergravur von Logos oder Inschriften","override_description":false,"description":"","optional":true,"hide_thumbnail":false,"discount":"","override_variations":false,"allowed_variations":[],"override_default_variation_attributes":false,"default_variation_attributes":[],"single_product_visibility":"visible","cart_visibility":"visible","order_visibility":"visible","single_product_price_visibility":"visible","cart_price_visibility":"visible","order_price_visibility":"visible","stock_status":"in_stock"}],"bundle_sell_ids":[],"exclude_global_add_ons":[],"addons":[],"acf":[],"_links":{"self":[{"href":"https:\/\/kikaxdesign.hr\/de\/wp-json\/wp\/v2\/product\/4744","targetHints":{"allow":["GET"]}}],"collection":[{"href":"https:\/\/kikaxdesign.hr\/de\/wp-json\/wp\/v2\/product"}],"about":[{"href":"https:\/\/kikaxdesign.hr\/de\/wp-json\/wp\/v2\/types\/product"}],"wp:featuredmedia":[{"embeddable":true,"href":"https:\/\/kikaxdesign.hr\/de\/wp-json\/wp\/v2\/media\/6543"}],"wp:attachment":[{"href":"https:\/\/kikaxdesign.hr\/de\/wp-json\/wp\/v2\/media?parent=4744"}],"wp:term":[{"taxonomy":"product_brand","embeddable":true,"href":"https:\/\/kikaxdesign.hr\/de\/wp-json\/wp\/v2\/product_brand?post=4744"},{"taxonomy":"product_cat","embeddable":true,"href":"https:\/\/kikaxdesign.hr\/de\/wp-json\/wp\/v2\/product_cat?post=4744"},{"taxonomy":"product_tag","embeddable":true,"href":"https:\/\/kikaxdesign.hr\/de\/wp-json\/wp\/v2\/product_tag?post=4744"}],"curies":[{"name":"wp","href":"https:\/\/api.w.org\/{rel}","templated":true}]}}