{"id":4720,"date":"2025-10-13T10:18:28","date_gmt":"2025-10-13T08:18:28","guid":{"rendered":"https:\/\/kikaxdesign.hr\/?post_type=product&#038;p=4720"},"modified":"2026-01-14T12:43:59","modified_gmt":"2026-01-14T11:43:59","slug":"kutija-za-sampanjac-k-104sp","status":"publish","type":"product","link":"https:\/\/kikaxdesign.hr\/de\/product\/kutija-za-sampanjac-k-104sp\/","title":{"rendered":"Champagnerbox K-104Sp"},"content":{"rendered":"<p>Faltbare Holzkisten f\u00fcr Champagner, Brandy und Magnumflaschen (1,5 und 3 l, 5 l) stellen ein erweitertes Programm an Holzflaschenkisten dar, und die Abmessungen entsprechen den meisten der auf dem Markt erh\u00e4ltlichen Flaschen.<\/p>\n<p>F\u00fcr die 1,5-Liter-Magnumflasche ist auch ein Zweiflaschenmodell (K-104-2M) erh\u00e4ltlich.<\/p>\n<p>In der nat\u00fcrlichen Ausf\u00fchrung eignen sie sich f\u00fcr die Lasergravur von Logos durch Brennen oder f\u00fcr den mehrfarbigen direkten UV-Druck.<\/p>\n<p>Die neuesten Modelle im Angebot sind Boxen mit Schiebedeckeln f\u00fcr 9-Liter- (Salamanzar), 12-Liter- (Baltazar) und 15-Liter-Flaschen (Nebukadnezar).<\/p>","protected":false},"excerpt":{"rendered":"<p>\u2013 f\u00fcr 1,5-Liter-Champagnerflaschen, nat\u00fcrliches Faltmodell<\/p>","protected":false},"featured_media":4721,"template":"","meta":{"_acf_changed":false},"product_brand":[],"product_cat":[81],"product_tag":[],"class_list":{"0":"post-4720","1":"product","2":"type-product","3":"status-publish","4":"has-post-thumbnail","6":"product_cat-preklopni-modeli","8":"first","9":"instock","10":"taxable","11":"shipping-taxable","12":"product-type-bundle"},"bundled_by":[],"bundle_stock_status":"instock","bundle_stock_quantity":"","bundle_virtual":false,"bundle_layout":"default","bundle_add_to_cart_form_location":"default","bundle_editable_in_cart":false,"bundle_sold_individually_context":"product","bundle_item_grouping":"parent","bundle_min_size":"","bundle_max_size":"","bundle_price":{"price":{"min":{"incl_tax":"9.76","excl_tax":"7.81"},"max":{"incl_tax":"19.31","excl_tax":"15.45"}},"regular_price":{"min":{"incl_tax":"9.76","excl_tax":"7.81"},"max":{"incl_tax":"19.31","excl_tax":"15.45"}}},"bundled_items":[{"bundled_item_id":777,"product_id":3515,"menu_order":0,"quantity_min":1,"quantity_max":1,"quantity_default":1,"priced_individually":true,"shipped_individually":true,"override_title":false,"title":"Lasergravur von Logos oder Inschriften","override_description":false,"description":"","optional":true,"hide_thumbnail":false,"discount":"","override_variations":false,"allowed_variations":[],"override_default_variation_attributes":false,"default_variation_attributes":[],"single_product_visibility":"visible","cart_visibility":"visible","order_visibility":"visible","single_product_price_visibility":"visible","cart_price_visibility":"visible","order_price_visibility":"visible","stock_status":"in_stock"},{"bundled_item_id":778,"product_id":3513,"menu_order":1,"quantity_min":1,"quantity_max":1,"quantity_default":1,"priced_individually":true,"shipped_individually":false,"override_title":false,"title":"F\u00fcllung mit dekorativer Holzwolle","override_description":false,"description":"","optional":true,"hide_thumbnail":false,"discount":"","override_variations":false,"allowed_variations":[],"override_default_variation_attributes":false,"default_variation_attributes":[],"single_product_visibility":"visible","cart_visibility":"visible","order_visibility":"visible","single_product_price_visibility":"visible","cart_price_visibility":"visible","order_price_visibility":"visible","stock_status":"in_stock"}],"bundle_sell_ids":[],"exclude_global_add_ons":[],"addons":[],"acf":[],"_links":{"self":[{"href":"https:\/\/kikaxdesign.hr\/de\/wp-json\/wp\/v2\/product\/4720","targetHints":{"allow":["GET"]}}],"collection":[{"href":"https:\/\/kikaxdesign.hr\/de\/wp-json\/wp\/v2\/product"}],"about":[{"href":"https:\/\/kikaxdesign.hr\/de\/wp-json\/wp\/v2\/types\/product"}],"wp:featuredmedia":[{"embeddable":true,"href":"https:\/\/kikaxdesign.hr\/de\/wp-json\/wp\/v2\/media\/4721"}],"wp:attachment":[{"href":"https:\/\/kikaxdesign.hr\/de\/wp-json\/wp\/v2\/media?parent=4720"}],"wp:term":[{"taxonomy":"product_brand","embeddable":true,"href":"https:\/\/kikaxdesign.hr\/de\/wp-json\/wp\/v2\/product_brand?post=4720"},{"taxonomy":"product_cat","embeddable":true,"href":"https:\/\/kikaxdesign.hr\/de\/wp-json\/wp\/v2\/product_cat?post=4720"},{"taxonomy":"product_tag","embeddable":true,"href":"https:\/\/kikaxdesign.hr\/de\/wp-json\/wp\/v2\/product_tag?post=4720"}],"curies":[{"name":"wp","href":"https:\/\/api.w.org\/{rel}","templated":true}]}}