{"id":4659,"date":"2025-10-13T09:42:17","date_gmt":"2025-10-13T07:42:17","guid":{"rendered":"https:\/\/kikaxdesign.hr\/?post_type=product&#038;p=4659"},"modified":"2025-12-24T12:14:32","modified_gmt":"2025-12-24T11:14:32","slug":"drvena-rustikalna-kutija-k-304c-3","status":"publish","type":"product","link":"https:\/\/kikaxdesign.hr\/de\/product\/drvena-rustikalna-kutija-k-304c-3\/","title":{"rendered":"Rustikale Holzkiste K-304c"},"content":{"rendered":"<p>Rustikale Flaschenkisten aus Holz sind ein Produkt, das sich von allen anderen Holzverpackungen f\u00fcr Wein auf dem Markt abhebt. Es handelt sich um unsere originellen, exklusiven Designs f\u00fcr Kisten f\u00fcr 1 und 2 Flaschen, die mit Metallbeschl\u00e4gen versehen sind und sich ideal f\u00fcr die endg\u00fcltige CNC-Gravur eines Logos oder Textes eignen. Die 2-Flaschen-Holzkisten in Walnuss- und Rotweinfarben f\u00fchren wir als Teil unseres regul\u00e4ren Sortiments auf Lager, w\u00e4hrend die 1-Flaschen-Modelle nur f\u00fcr gr\u00f6\u00dfere Mengen auf Bestellung angefertigt werden.<\/p>","protected":false},"excerpt":{"rendered":"<ul>\n<li>Exklusive lackierte Schachtel, mit Metallb\u00e4ndern eingefasst, f\u00fcr zwei Flaschen geeignet<\/li>\n<\/ul>","protected":false},"featured_media":4660,"template":"","meta":{"_acf_changed":false},"product_brand":[],"product_cat":[72,80],"product_tag":[],"class_list":{"0":"post-4659","1":"product","2":"type-product","3":"status-publish","4":"has-post-thumbnail","6":"product_cat-exclusiv-lakirane-kutije","7":"product_cat-lakirane-i-rustikalne-drvene-kutije","9":"first","10":"instock","11":"taxable","12":"shipping-taxable","13":"product-type-bundle"},"bundled_by":[],"bundle_stock_status":"instock","bundle_stock_quantity":"","bundle_virtual":false,"bundle_layout":"default","bundle_add_to_cart_form_location":"default","bundle_editable_in_cart":false,"bundle_sold_individually_context":"product","bundle_item_grouping":"parent","bundle_min_size":"","bundle_max_size":"","bundle_price":{"price":{"min":{"incl_tax":"39.71","excl_tax":"31.77"},"max":{"incl_tax":"50.91","excl_tax":"40.73"}},"regular_price":{"min":{"incl_tax":"39.71","excl_tax":"31.77"},"max":{"incl_tax":"50.91","excl_tax":"40.73"}}},"bundled_items":[{"bundled_item_id":1244,"product_id":5943,"menu_order":0,"quantity_min":1,"quantity_max":1,"quantity_default":1,"priced_individually":true,"shipped_individually":true,"override_title":false,"title":"3D-CNC-Gravur","override_description":false,"description":"","optional":true,"hide_thumbnail":false,"discount":"","override_variations":false,"allowed_variations":[],"override_default_variation_attributes":false,"default_variation_attributes":[],"single_product_visibility":"visible","cart_visibility":"visible","order_visibility":"visible","single_product_price_visibility":"visible","cart_price_visibility":"visible","order_price_visibility":"visible","stock_status":"in_stock"},{"bundled_item_id":740,"product_id":3513,"menu_order":1,"quantity_min":1,"quantity_max":1,"quantity_default":1,"priced_individually":true,"shipped_individually":false,"override_title":false,"title":"F\u00fcllung mit dekorativer Holzwolle","override_description":false,"description":"","optional":true,"hide_thumbnail":false,"discount":"","override_variations":false,"allowed_variations":[],"override_default_variation_attributes":false,"default_variation_attributes":[],"single_product_visibility":"visible","cart_visibility":"visible","order_visibility":"visible","single_product_price_visibility":"visible","cart_price_visibility":"visible","order_price_visibility":"visible","stock_status":"in_stock"}],"bundle_sell_ids":[],"exclude_global_add_ons":[],"addons":[],"acf":[],"_links":{"self":[{"href":"https:\/\/kikaxdesign.hr\/de\/wp-json\/wp\/v2\/product\/4659","targetHints":{"allow":["GET"]}}],"collection":[{"href":"https:\/\/kikaxdesign.hr\/de\/wp-json\/wp\/v2\/product"}],"about":[{"href":"https:\/\/kikaxdesign.hr\/de\/wp-json\/wp\/v2\/types\/product"}],"wp:featuredmedia":[{"embeddable":true,"href":"https:\/\/kikaxdesign.hr\/de\/wp-json\/wp\/v2\/media\/4660"}],"wp:attachment":[{"href":"https:\/\/kikaxdesign.hr\/de\/wp-json\/wp\/v2\/media?parent=4659"}],"wp:term":[{"taxonomy":"product_brand","embeddable":true,"href":"https:\/\/kikaxdesign.hr\/de\/wp-json\/wp\/v2\/product_brand?post=4659"},{"taxonomy":"product_cat","embeddable":true,"href":"https:\/\/kikaxdesign.hr\/de\/wp-json\/wp\/v2\/product_cat?post=4659"},{"taxonomy":"product_tag","embeddable":true,"href":"https:\/\/kikaxdesign.hr\/de\/wp-json\/wp\/v2\/product_tag?post=4659"}],"curies":[{"name":"wp","href":"https:\/\/api.w.org\/{rel}","templated":true}]}}