{"id":4653,"date":"2025-10-13T09:38:44","date_gmt":"2025-10-13T07:38:44","guid":{"rendered":"https:\/\/kikaxdesign.hr\/?post_type=product&#038;p=4653"},"modified":"2026-01-12T09:00:21","modified_gmt":"2026-01-12T08:00:21","slug":"drvena-kutija-za-2-butelje-lakirana-k-323-2sm-2","status":"publish","type":"product","link":"https:\/\/kikaxdesign.hr\/de\/product\/drvena-kutija-za-2-butelje-lakirana-k-323-2sm-2\/","title":{"rendered":"Holzkiste f\u00fcr 2 Flaschen, lackiert K-323-2sm"},"content":{"rendered":"<p>Die exklusive Linie lackierter Holzflaschenkisten ist das Highlight unseres Weinkisten-Sortiments. Diese Kisten werden aus massiver Esche in Kombination mit mehrschichtigem Birkenholz gefertigt. Die Veredelung beginnt mit dem Beizen von Hand, dem Airbrushing und einer abschlie\u00dfenden mehrschichtigen Lackierung in gl\u00e4nzendem, mattem oder seidenmattem Finish. Neben Kisten f\u00fcr 1 und 2 Flaschen ist auch eine Kiste f\u00fcr Magnumflaschen erh\u00e4ltlich. Die 3D-CNC-Gravur hebt die Gesamtqualit\u00e4t des gelagerten Produkts auf ein ganz neues Niveau.<\/p>\n<p>&nbsp;<\/p>\n<p>&nbsp;<\/p>","protected":false},"excerpt":{"rendered":"<p>Hochwertige Holzbox f\u00fcr 2 Flaschen<\/p>","protected":false},"featured_media":4654,"template":"","meta":{"_acf_changed":false},"product_brand":[],"product_cat":[72,80],"product_tag":[],"class_list":{"0":"post-4653","1":"product","2":"type-product","3":"status-publish","4":"has-post-thumbnail","6":"product_cat-exclusiv-lakirane-kutije","7":"product_cat-lakirane-i-rustikalne-drvene-kutije","9":"first","10":"instock","11":"taxable","12":"shipping-taxable","13":"product-type-bundle"},"bundled_by":[],"bundle_stock_status":"instock","bundle_stock_quantity":"","bundle_virtual":false,"bundle_layout":"default","bundle_add_to_cart_form_location":"default","bundle_editable_in_cart":false,"bundle_sold_individually_context":"product","bundle_item_grouping":"parent","bundle_min_size":"","bundle_max_size":"","bundle_price":{"price":{"min":{"incl_tax":"20.23","excl_tax":"16.18"},"max":{"incl_tax":"31.43","excl_tax":"25.14"}},"regular_price":{"min":{"incl_tax":"20.23","excl_tax":"16.18"},"max":{"incl_tax":"31.43","excl_tax":"25.14"}}},"bundled_items":[{"bundled_item_id":1217,"product_id":5943,"menu_order":0,"quantity_min":1,"quantity_max":1,"quantity_default":1,"priced_individually":true,"shipped_individually":true,"override_title":false,"title":"3D-CNC-Gravur","override_description":false,"description":"","optional":true,"hide_thumbnail":false,"discount":"","override_variations":false,"allowed_variations":[],"override_default_variation_attributes":false,"default_variation_attributes":[],"single_product_visibility":"visible","cart_visibility":"visible","order_visibility":"visible","single_product_price_visibility":"visible","cart_price_visibility":"visible","order_price_visibility":"visible","stock_status":"in_stock"},{"bundled_item_id":736,"product_id":3513,"menu_order":1,"quantity_min":1,"quantity_max":1,"quantity_default":1,"priced_individually":true,"shipped_individually":false,"override_title":false,"title":"F\u00fcllung mit dekorativer Holzwolle","override_description":false,"description":"","optional":true,"hide_thumbnail":false,"discount":"","override_variations":false,"allowed_variations":[],"override_default_variation_attributes":false,"default_variation_attributes":[],"single_product_visibility":"visible","cart_visibility":"visible","order_visibility":"visible","single_product_price_visibility":"visible","cart_price_visibility":"visible","order_price_visibility":"visible","stock_status":"in_stock"}],"bundle_sell_ids":[],"exclude_global_add_ons":[],"addons":[],"acf":[],"_links":{"self":[{"href":"https:\/\/kikaxdesign.hr\/de\/wp-json\/wp\/v2\/product\/4653","targetHints":{"allow":["GET"]}}],"collection":[{"href":"https:\/\/kikaxdesign.hr\/de\/wp-json\/wp\/v2\/product"}],"about":[{"href":"https:\/\/kikaxdesign.hr\/de\/wp-json\/wp\/v2\/types\/product"}],"wp:featuredmedia":[{"embeddable":true,"href":"https:\/\/kikaxdesign.hr\/de\/wp-json\/wp\/v2\/media\/4654"}],"wp:attachment":[{"href":"https:\/\/kikaxdesign.hr\/de\/wp-json\/wp\/v2\/media?parent=4653"}],"wp:term":[{"taxonomy":"product_brand","embeddable":true,"href":"https:\/\/kikaxdesign.hr\/de\/wp-json\/wp\/v2\/product_brand?post=4653"},{"taxonomy":"product_cat","embeddable":true,"href":"https:\/\/kikaxdesign.hr\/de\/wp-json\/wp\/v2\/product_cat?post=4653"},{"taxonomy":"product_tag","embeddable":true,"href":"https:\/\/kikaxdesign.hr\/de\/wp-json\/wp\/v2\/product_tag?post=4653"}],"curies":[{"name":"wp","href":"https:\/\/api.w.org\/{rel}","templated":true}]}}