{"id":4600,"date":"2025-10-13T09:02:09","date_gmt":"2025-10-13T07:02:09","guid":{"rendered":"https:\/\/kikaxdesign.hr\/?post_type=product&#038;p=4600"},"modified":"2026-02-03T20:52:21","modified_gmt":"2026-02-03T19:52:21","slug":"drvena-kutija-za-1-butelju-klizni-k-106","status":"publish","type":"product","link":"https:\/\/kikaxdesign.hr\/de\/product\/drvena-kutija-za-1-butelju-klizni-k-106\/","title":{"rendered":"Holzkiste f\u00fcr 1 Flasche, verschiebbar K-106"},"content":{"rendered":"<p>Weinkisten aus Holz mit Schiebedeckel sind eine Alternative zu klassischen Kisten mit Klappdeckel. Der Vorteil liegt im Griff aus Naturmaterial (Sisal), der das Tragen der Holzkiste erleichtert. Die gr\u00f6\u00dferen Modelle f\u00fcr 6 und 12 Flaschen werden aufgrund ihrer hochwertigen Verarbeitung (allseitig geschliffen) neben dem Transport von Weinflaschen zunehmend auch mit Logogravur als Verpackung f\u00fcr Werbegeschenke eingesetzt.<\/p>\n<p>Das g\u00fcnstigere Segment der Kisten umfasst Kisten aus Birken- oder Pappel-Sperrholz mit einem Griff aus Kunststoff, Modelle KL-106 f\u00fcr eine, zwei oder drei Flaschen, ohne Trennw\u00e4nde.<\/p>","protected":false},"excerpt":{"rendered":"<p>\u2013 mit einem praktischen Tragegriff aus nat\u00fcrlichem Hanf<\/p>","protected":false},"featured_media":6536,"template":"","meta":{"_acf_changed":false},"product_brand":[],"product_cat":[78],"product_tag":[],"class_list":{"0":"post-4600","1":"product","2":"type-product","3":"status-publish","4":"has-post-thumbnail","6":"product_cat-drvene-kutije-i-sanduci-sa-kliznim-poklopcem","8":"first","9":"instock","10":"taxable","11":"shipping-taxable","12":"product-type-bundle"},"bundled_by":[],"bundle_stock_status":"instock","bundle_stock_quantity":"","bundle_virtual":false,"bundle_layout":"default","bundle_add_to_cart_form_location":"default","bundle_editable_in_cart":false,"bundle_sold_individually_context":"product","bundle_item_grouping":"parent","bundle_min_size":"","bundle_max_size":"","bundle_price":{"price":{"min":{"incl_tax":"7.23","excl_tax":"5.78"},"max":{"incl_tax":"16.78","excl_tax":"13.42"}},"regular_price":{"min":{"incl_tax":"7.23","excl_tax":"5.78"},"max":{"incl_tax":"16.78","excl_tax":"13.42"}}},"bundled_items":[{"bundled_item_id":703,"product_id":3515,"menu_order":0,"quantity_min":1,"quantity_max":1,"quantity_default":1,"priced_individually":true,"shipped_individually":true,"override_title":false,"title":"Lasergravur von Logos oder Inschriften","override_description":false,"description":"","optional":true,"hide_thumbnail":false,"discount":"","override_variations":false,"allowed_variations":[],"override_default_variation_attributes":false,"default_variation_attributes":[],"single_product_visibility":"visible","cart_visibility":"visible","order_visibility":"visible","single_product_price_visibility":"visible","cart_price_visibility":"visible","order_price_visibility":"visible","stock_status":"in_stock"},{"bundled_item_id":704,"product_id":3513,"menu_order":1,"quantity_min":1,"quantity_max":1,"quantity_default":1,"priced_individually":true,"shipped_individually":false,"override_title":false,"title":"F\u00fcllung mit dekorativer Holzwolle","override_description":false,"description":"","optional":true,"hide_thumbnail":false,"discount":"","override_variations":false,"allowed_variations":[],"override_default_variation_attributes":false,"default_variation_attributes":[],"single_product_visibility":"visible","cart_visibility":"visible","order_visibility":"visible","single_product_price_visibility":"visible","cart_price_visibility":"visible","order_price_visibility":"visible","stock_status":"in_stock"}],"bundle_sell_ids":[],"exclude_global_add_ons":[],"addons":[],"acf":[],"_links":{"self":[{"href":"https:\/\/kikaxdesign.hr\/de\/wp-json\/wp\/v2\/product\/4600","targetHints":{"allow":["GET"]}}],"collection":[{"href":"https:\/\/kikaxdesign.hr\/de\/wp-json\/wp\/v2\/product"}],"about":[{"href":"https:\/\/kikaxdesign.hr\/de\/wp-json\/wp\/v2\/types\/product"}],"wp:featuredmedia":[{"embeddable":true,"href":"https:\/\/kikaxdesign.hr\/de\/wp-json\/wp\/v2\/media\/6536"}],"wp:attachment":[{"href":"https:\/\/kikaxdesign.hr\/de\/wp-json\/wp\/v2\/media?parent=4600"}],"wp:term":[{"taxonomy":"product_brand","embeddable":true,"href":"https:\/\/kikaxdesign.hr\/de\/wp-json\/wp\/v2\/product_brand?post=4600"},{"taxonomy":"product_cat","embeddable":true,"href":"https:\/\/kikaxdesign.hr\/de\/wp-json\/wp\/v2\/product_cat?post=4600"},{"taxonomy":"product_tag","embeddable":true,"href":"https:\/\/kikaxdesign.hr\/de\/wp-json\/wp\/v2\/product_tag?post=4600"}],"curies":[{"name":"wp","href":"https:\/\/api.w.org\/{rel}","templated":true}]}}