{"id":4583,"date":"2025-10-13T08:49:48","date_gmt":"2025-10-13T06:49:48","guid":{"rendered":"https:\/\/kikaxdesign.hr\/?post_type=product&#038;p=4583"},"modified":"2026-01-17T11:02:39","modified_gmt":"2026-01-17T10:02:39","slug":"drveni-retro-sanduk-za-20-05-boca-k-505-2","status":"publish","type":"product","link":"https:\/\/kikaxdesign.hr\/de\/product\/drveni-retro-sanduk-za-20-05-boca-k-505-2\/","title":{"rendered":"Retro-Holzkiste f\u00fcr 20 Flaschen \u00e0 0,5 l K-505"},"content":{"rendered":"<p>Unsere neuesten Produkte aus dem breiten Sortiment sind Retro-Flaschenkisten aus Holz, die unsere eigene Designidee widerspiegeln. Sie dienen dazu, Produkte in einer Verpackung vergangener Zeiten zu pr\u00e4sentieren \u2013 sei es f\u00fcr Archivweine, die eine ansprechende Transportbox ben\u00f6tigen, oder f\u00fcr exklusive Werbegeschenke. Die Kisten zeichnen sich auch durch die Art der Beschriftung aus, die in verschiedenen Farben und mit einer speziellen Technik angebracht wird. Sie werden ausschlie\u00dflich aus Massivholz gefertigt.<\/p>","protected":false},"excerpt":{"rendered":"<p>Retro-Craft-Bierkiste mit optionalem Text<\/p>","protected":false},"featured_media":3828,"template":"","meta":{"_acf_changed":false},"product_brand":[],"product_cat":[76],"product_tag":[],"class_list":{"0":"post-4583","1":"product","2":"type-product","3":"status-publish","4":"has-post-thumbnail","6":"product_cat-retro-linija-drvenih-kutija","8":"first","9":"instock","10":"taxable","11":"shipping-taxable","12":"product-type-bundle"},"bundled_by":[],"bundle_stock_status":"instock","bundle_stock_quantity":"","bundle_virtual":false,"bundle_layout":"default","bundle_add_to_cart_form_location":"default","bundle_editable_in_cart":false,"bundle_sold_individually_context":"product","bundle_item_grouping":"parent","bundle_min_size":"","bundle_max_size":"","bundle_price":{"price":{"min":{"incl_tax":"25.00","excl_tax":"20.00"},"max":{"incl_tax":"34.55","excl_tax":"27.64"}},"regular_price":{"min":{"incl_tax":"25.00","excl_tax":"20.00"},"max":{"incl_tax":"34.55","excl_tax":"27.64"}}},"bundled_items":[{"bundled_item_id":1260,"product_id":5960,"menu_order":0,"quantity_min":1,"quantity_max":1,"quantity_default":1,"priced_individually":true,"shipped_individually":true,"override_title":false,"title":"Schabloneninschrift","override_description":false,"description":"","optional":true,"hide_thumbnail":false,"discount":"","override_variations":false,"allowed_variations":[],"override_default_variation_attributes":false,"default_variation_attributes":[],"single_product_visibility":"visible","cart_visibility":"visible","order_visibility":"visible","single_product_price_visibility":"visible","cart_price_visibility":"visible","order_price_visibility":"visible","stock_status":"in_stock"},{"bundled_item_id":692,"product_id":3513,"menu_order":1,"quantity_min":1,"quantity_max":1,"quantity_default":1,"priced_individually":true,"shipped_individually":false,"override_title":false,"title":"F\u00fcllung mit dekorativer Holzwolle","override_description":false,"description":"","optional":true,"hide_thumbnail":false,"discount":"","override_variations":false,"allowed_variations":[],"override_default_variation_attributes":false,"default_variation_attributes":[],"single_product_visibility":"visible","cart_visibility":"visible","order_visibility":"visible","single_product_price_visibility":"visible","cart_price_visibility":"visible","order_price_visibility":"visible","stock_status":"in_stock"}],"bundle_sell_ids":[],"exclude_global_add_ons":[],"addons":[],"acf":[],"_links":{"self":[{"href":"https:\/\/kikaxdesign.hr\/de\/wp-json\/wp\/v2\/product\/4583","targetHints":{"allow":["GET"]}}],"collection":[{"href":"https:\/\/kikaxdesign.hr\/de\/wp-json\/wp\/v2\/product"}],"about":[{"href":"https:\/\/kikaxdesign.hr\/de\/wp-json\/wp\/v2\/types\/product"}],"wp:featuredmedia":[{"embeddable":true,"href":"https:\/\/kikaxdesign.hr\/de\/wp-json\/wp\/v2\/media\/3828"}],"wp:attachment":[{"href":"https:\/\/kikaxdesign.hr\/de\/wp-json\/wp\/v2\/media?parent=4583"}],"wp:term":[{"taxonomy":"product_brand","embeddable":true,"href":"https:\/\/kikaxdesign.hr\/de\/wp-json\/wp\/v2\/product_brand?post=4583"},{"taxonomy":"product_cat","embeddable":true,"href":"https:\/\/kikaxdesign.hr\/de\/wp-json\/wp\/v2\/product_cat?post=4583"},{"taxonomy":"product_tag","embeddable":true,"href":"https:\/\/kikaxdesign.hr\/de\/wp-json\/wp\/v2\/product_tag?post=4583"}],"curies":[{"name":"wp","href":"https:\/\/api.w.org\/{rel}","templated":true}]}}