{"id":4578,"date":"2025-10-13T08:46:17","date_gmt":"2025-10-13T06:46:17","guid":{"rendered":"https:\/\/kikaxdesign.hr\/?post_type=product&#038;p=4578"},"modified":"2026-01-14T12:00:43","modified_gmt":"2026-01-14T11:00:43","slug":"drveni-retro-sanduk-k-502-2","status":"publish","type":"product","link":"https:\/\/kikaxdesign.hr\/de\/product\/drveni-retro-sanduk-k-502-2\/","title":{"rendered":"Retro-Truhe aus Holz K-502"},"content":{"rendered":"<p>Retro-Flaschenkisten sind das neueste Produkt in unserem umfangreichen Sortiment und spiegeln unser eigenes Design und Konzept wider. Sie dienen dazu, das Produkt durch eine Verpackung aus einer vergangenen Zeit zu pr\u00e4sentieren, sei es f\u00fcr Archivweine, die eine interessante Transportkiste erfordern, oder f\u00fcr einzigartige Verpackungen f\u00fcr Firmengeschenke. Die Kartons zeichnen sich auch durch ihre Etikettierung aus, die mit einer speziellen Technik in verschiedenen Farben hergestellt wird. Sie werden ausschlie\u00dflich aus Massivholz gefertigt.<\/p>","protected":false},"excerpt":{"rendered":"<p>Retro-Holzkiste f\u00fcr verschiedene Zwecke mit optionalem Schild.<\/p>","protected":false},"featured_media":3823,"template":"","meta":{"_acf_changed":false},"product_brand":[],"product_cat":[76],"product_tag":[],"class_list":{"0":"post-4578","1":"product","2":"type-product","3":"status-publish","4":"has-post-thumbnail","6":"product_cat-retro-linija-drvenih-kutija","8":"first","9":"instock","10":"taxable","11":"shipping-taxable","12":"product-type-bundle"},"bundled_by":[],"bundle_stock_status":"instock","bundle_stock_quantity":"","bundle_virtual":false,"bundle_layout":"default","bundle_add_to_cart_form_location":"default","bundle_editable_in_cart":false,"bundle_sold_individually_context":"product","bundle_item_grouping":"parent","bundle_min_size":"","bundle_max_size":"","bundle_price":{"price":{"min":{"incl_tax":"10.83","excl_tax":"8.66"},"max":{"incl_tax":"20.38","excl_tax":"16.3"}},"regular_price":{"min":{"incl_tax":"10.83","excl_tax":"8.66"},"max":{"incl_tax":"20.38","excl_tax":"16.3"}}},"bundled_items":[{"bundled_item_id":1256,"product_id":5960,"menu_order":0,"quantity_min":1,"quantity_max":1,"quantity_default":1,"priced_individually":true,"shipped_individually":true,"override_title":false,"title":"Schabloneninschrift","override_description":false,"description":"","optional":true,"hide_thumbnail":false,"discount":"","override_variations":false,"allowed_variations":[],"override_default_variation_attributes":false,"default_variation_attributes":[],"single_product_visibility":"visible","cart_visibility":"visible","order_visibility":"visible","single_product_price_visibility":"visible","cart_price_visibility":"visible","order_price_visibility":"visible","stock_status":"in_stock"},{"bundled_item_id":688,"product_id":3513,"menu_order":1,"quantity_min":1,"quantity_max":1,"quantity_default":1,"priced_individually":true,"shipped_individually":false,"override_title":false,"title":"F\u00fcllung mit dekorativer Holzwolle","override_description":false,"description":"","optional":true,"hide_thumbnail":false,"discount":"","override_variations":false,"allowed_variations":[],"override_default_variation_attributes":false,"default_variation_attributes":[],"single_product_visibility":"visible","cart_visibility":"visible","order_visibility":"visible","single_product_price_visibility":"visible","cart_price_visibility":"visible","order_price_visibility":"visible","stock_status":"in_stock"}],"bundle_sell_ids":[],"exclude_global_add_ons":[],"addons":[],"acf":[],"_links":{"self":[{"href":"https:\/\/kikaxdesign.hr\/de\/wp-json\/wp\/v2\/product\/4578","targetHints":{"allow":["GET"]}}],"collection":[{"href":"https:\/\/kikaxdesign.hr\/de\/wp-json\/wp\/v2\/product"}],"about":[{"href":"https:\/\/kikaxdesign.hr\/de\/wp-json\/wp\/v2\/types\/product"}],"wp:featuredmedia":[{"embeddable":true,"href":"https:\/\/kikaxdesign.hr\/de\/wp-json\/wp\/v2\/media\/3823"}],"wp:attachment":[{"href":"https:\/\/kikaxdesign.hr\/de\/wp-json\/wp\/v2\/media?parent=4578"}],"wp:term":[{"taxonomy":"product_brand","embeddable":true,"href":"https:\/\/kikaxdesign.hr\/de\/wp-json\/wp\/v2\/product_brand?post=4578"},{"taxonomy":"product_cat","embeddable":true,"href":"https:\/\/kikaxdesign.hr\/de\/wp-json\/wp\/v2\/product_cat?post=4578"},{"taxonomy":"product_tag","embeddable":true,"href":"https:\/\/kikaxdesign.hr\/de\/wp-json\/wp\/v2\/product_tag?post=4578"}],"curies":[{"name":"wp","href":"https:\/\/api.w.org\/{rel}","templated":true}]}}