{"id":4545,"date":"2025-10-13T08:21:51","date_gmt":"2025-10-13T06:21:51","guid":{"rendered":"https:\/\/kikaxdesign.hr\/?post_type=product&#038;p=4545"},"modified":"2026-01-14T11:42:09","modified_gmt":"2026-01-14T10:42:09","slug":"drvena-kistrica-k-118m-2","status":"publish","type":"product","link":"https:\/\/kikaxdesign.hr\/de\/product\/drvena-kistrica-k-118m-2\/","title":{"rendered":"Holzb\u00fcrste K-118m"},"content":{"rendered":"<p>B\u00fcrstenk\u00e4sten (Etuis) und dekorative Schachteln aus Holz sind vielseitige Verpackungen, die vorwiegend f\u00fcr verschiedene Werbegeschenke verwendet werden \u2013 von den gr\u00f6\u00dften (K-108v) bis zu den kleinsten (K-118m). Unser Bestseller-Modell K-108 ist auch als beleuchtete Version erh\u00e4ltlich und bietet Platz f\u00fcr bis zu f\u00fcnf Flaschen. Ausgestattet mit Bast oder Stroh, das auch in einer Schachtelverpackung geliefert werden kann, und mit Gravuren \u2013 in diesem Fall als separater Holzsockel mit unterschiedlichen Konturen \u2013 ist es ein wahrhaft einzigartiges Werbegeschenk.<\/p>","protected":false},"excerpt":{"rendered":"<p>\u2013 eine kleine Schachtel aus Birkensperrholz<\/p>","protected":false},"featured_media":4546,"template":"","meta":{"_acf_changed":false},"product_brand":[],"product_cat":[75],"product_tag":[],"class_list":{"0":"post-4545","1":"product","2":"type-product","3":"status-publish","4":"has-post-thumbnail","6":"product_cat-poklon-sanduci-i-kistrice","8":"first","9":"instock","10":"taxable","11":"shipping-taxable","12":"product-type-bundle"},"bundled_by":[],"bundle_stock_status":"instock","bundle_stock_quantity":"","bundle_virtual":false,"bundle_layout":"default","bundle_add_to_cart_form_location":"default","bundle_editable_in_cart":false,"bundle_sold_individually_context":"product","bundle_item_grouping":"parent","bundle_min_size":"","bundle_max_size":"","bundle_price":{"price":{"min":{"incl_tax":"3.30","excl_tax":"2.64"},"max":{"incl_tax":"12.85","excl_tax":"10.28"}},"regular_price":{"min":{"incl_tax":"3.30","excl_tax":"2.64"},"max":{"incl_tax":"12.85","excl_tax":"10.28"}}},"bundled_items":[{"bundled_item_id":665,"product_id":3515,"menu_order":0,"quantity_min":1,"quantity_max":1,"quantity_default":1,"priced_individually":true,"shipped_individually":true,"override_title":false,"title":"Lasergravur von Logos oder Inschriften","override_description":false,"description":"","optional":true,"hide_thumbnail":false,"discount":"","override_variations":false,"allowed_variations":[],"override_default_variation_attributes":false,"default_variation_attributes":[],"single_product_visibility":"visible","cart_visibility":"visible","order_visibility":"visible","single_product_price_visibility":"visible","cart_price_visibility":"visible","order_price_visibility":"visible","stock_status":"in_stock"},{"bundled_item_id":666,"product_id":3513,"menu_order":1,"quantity_min":1,"quantity_max":1,"quantity_default":1,"priced_individually":true,"shipped_individually":false,"override_title":false,"title":"F\u00fcllung mit dekorativer Holzwolle","override_description":false,"description":"","optional":true,"hide_thumbnail":false,"discount":"","override_variations":false,"allowed_variations":[],"override_default_variation_attributes":false,"default_variation_attributes":[],"single_product_visibility":"visible","cart_visibility":"visible","order_visibility":"visible","single_product_price_visibility":"visible","cart_price_visibility":"visible","order_price_visibility":"visible","stock_status":"in_stock"}],"bundle_sell_ids":[],"exclude_global_add_ons":[],"addons":[],"acf":[],"_links":{"self":[{"href":"https:\/\/kikaxdesign.hr\/de\/wp-json\/wp\/v2\/product\/4545","targetHints":{"allow":["GET"]}}],"collection":[{"href":"https:\/\/kikaxdesign.hr\/de\/wp-json\/wp\/v2\/product"}],"about":[{"href":"https:\/\/kikaxdesign.hr\/de\/wp-json\/wp\/v2\/types\/product"}],"wp:featuredmedia":[{"embeddable":true,"href":"https:\/\/kikaxdesign.hr\/de\/wp-json\/wp\/v2\/media\/4546"}],"wp:attachment":[{"href":"https:\/\/kikaxdesign.hr\/de\/wp-json\/wp\/v2\/media?parent=4545"}],"wp:term":[{"taxonomy":"product_brand","embeddable":true,"href":"https:\/\/kikaxdesign.hr\/de\/wp-json\/wp\/v2\/product_brand?post=4545"},{"taxonomy":"product_cat","embeddable":true,"href":"https:\/\/kikaxdesign.hr\/de\/wp-json\/wp\/v2\/product_cat?post=4545"},{"taxonomy":"product_tag","embeddable":true,"href":"https:\/\/kikaxdesign.hr\/de\/wp-json\/wp\/v2\/product_tag?post=4545"}],"curies":[{"name":"wp","href":"https:\/\/api.w.org\/{rel}","templated":true}]}}