{"id":4478,"date":"2025-10-13T00:44:22","date_gmt":"2025-10-12T22:44:22","guid":{"rendered":"https:\/\/kikaxdesign.hr\/?post_type=product&#038;p=4478"},"modified":"2026-01-27T21:28:28","modified_gmt":"2026-01-27T20:28:28","slug":"drvena-kutija-za-nakit-k-111na-2","status":"publish","type":"product","link":"https:\/\/kikaxdesign.hr\/de\/product\/drvena-kutija-za-nakit-k-111na-2\/","title":{"rendered":"Schmuckk\u00e4stchen aus Holz K-111na"},"content":{"rendered":"<p>Faltbare Schmuckschatulle aus Holz mit 16 F\u00e4chern<\/p>","protected":false},"excerpt":{"rendered":"<p>Holzk\u00e4stchen und Schmuckschr\u00e4nke werden durch zwei K\u00e4stchen mit Klappdeckel repr\u00e4sentiert: das kleinere Modell K-111n mit F\u00fc\u00dfen und vier F\u00e4chern sowie das gr\u00f6\u00dfere Modell K-111Na mit 15 oder mehr F\u00e4chern. Die Schr\u00e4nke werden durch den freistehenden Schrank K-124 mit vier Auszugsschubladen repr\u00e4sentiert. Die Kombination aus Schrank und K\u00e4stchen zeigt sich im Modell K-127n, das \u00fcber eine Auszugsschublade und einen Klappdeckel im oberen Teil des K\u00e4stchens verf\u00fcgt.<\/p>","protected":false},"featured_media":4479,"template":"","meta":{"_acf_changed":false},"product_brand":[],"product_cat":[73],"product_tag":[],"class_list":{"0":"post-4478","1":"product","2":"type-product","3":"status-publish","4":"has-post-thumbnail","6":"product_cat-natur-drvene-kutije","8":"first","9":"instock","10":"taxable","11":"shipping-taxable","12":"product-type-bundle"},"bundled_by":[],"bundle_stock_status":"instock","bundle_stock_quantity":"","bundle_virtual":false,"bundle_layout":"default","bundle_add_to_cart_form_location":"default","bundle_editable_in_cart":false,"bundle_sold_individually_context":"product","bundle_item_grouping":"parent","bundle_min_size":"","bundle_max_size":"","bundle_price":{"price":{"min":{"incl_tax":"11.10","excl_tax":"8.88"},"max":{"incl_tax":"20.65","excl_tax":"16.52"}},"regular_price":{"min":{"incl_tax":"11.10","excl_tax":"8.88"},"max":{"incl_tax":"20.65","excl_tax":"16.52"}}},"bundled_items":[{"bundled_item_id":615,"product_id":3515,"menu_order":0,"quantity_min":1,"quantity_max":1,"quantity_default":1,"priced_individually":true,"shipped_individually":true,"override_title":false,"title":"Lasergravur von Logos oder Inschriften","override_description":false,"description":"","optional":true,"hide_thumbnail":false,"discount":"","override_variations":false,"allowed_variations":[],"override_default_variation_attributes":false,"default_variation_attributes":[],"single_product_visibility":"visible","cart_visibility":"visible","order_visibility":"visible","single_product_price_visibility":"visible","cart_price_visibility":"visible","order_price_visibility":"visible","stock_status":"in_stock"},{"bundled_item_id":616,"product_id":3513,"menu_order":1,"quantity_min":1,"quantity_max":1,"quantity_default":1,"priced_individually":true,"shipped_individually":false,"override_title":false,"title":"F\u00fcllung mit dekorativer Holzwolle","override_description":false,"description":"","optional":true,"hide_thumbnail":false,"discount":"","override_variations":false,"allowed_variations":[],"override_default_variation_attributes":false,"default_variation_attributes":[],"single_product_visibility":"visible","cart_visibility":"visible","order_visibility":"visible","single_product_price_visibility":"visible","cart_price_visibility":"visible","order_price_visibility":"visible","stock_status":"in_stock"}],"bundle_sell_ids":[],"exclude_global_add_ons":[],"addons":[],"acf":[],"_links":{"self":[{"href":"https:\/\/kikaxdesign.hr\/de\/wp-json\/wp\/v2\/product\/4478","targetHints":{"allow":["GET"]}}],"collection":[{"href":"https:\/\/kikaxdesign.hr\/de\/wp-json\/wp\/v2\/product"}],"about":[{"href":"https:\/\/kikaxdesign.hr\/de\/wp-json\/wp\/v2\/types\/product"}],"wp:featuredmedia":[{"embeddable":true,"href":"https:\/\/kikaxdesign.hr\/de\/wp-json\/wp\/v2\/media\/4479"}],"wp:attachment":[{"href":"https:\/\/kikaxdesign.hr\/de\/wp-json\/wp\/v2\/media?parent=4478"}],"wp:term":[{"taxonomy":"product_brand","embeddable":true,"href":"https:\/\/kikaxdesign.hr\/de\/wp-json\/wp\/v2\/product_brand?post=4478"},{"taxonomy":"product_cat","embeddable":true,"href":"https:\/\/kikaxdesign.hr\/de\/wp-json\/wp\/v2\/product_cat?post=4478"},{"taxonomy":"product_tag","embeddable":true,"href":"https:\/\/kikaxdesign.hr\/de\/wp-json\/wp\/v2\/product_tag?post=4478"}],"curies":[{"name":"wp","href":"https:\/\/api.w.org\/{rel}","templated":true}]}}