{"id":4475,"date":"2025-10-13T00:43:11","date_gmt":"2025-10-12T22:43:11","guid":{"rendered":"https:\/\/kikaxdesign.hr\/?post_type=product&#038;p=4475"},"modified":"2026-01-14T09:48:36","modified_gmt":"2026-01-14T08:48:36","slug":"drvena-kutija-za-nakit-k-111n-2","status":"publish","type":"product","link":"https:\/\/kikaxdesign.hr\/de\/product\/drvena-kutija-za-nakit-k-111n-2\/","title":{"rendered":"Schmuckk\u00e4stchen aus Holz K-111n"},"content":{"rendered":"<p>Schmuckk\u00e4stchen aus Holz mit geschnitzten Beinen und optionaler 4-F\u00e4cher-Trennwand<\/p>","protected":false},"excerpt":{"rendered":"<p>Holzk\u00e4stchen und Schmuckschr\u00e4nke werden durch zwei K\u00e4stchen mit Klappdeckel repr\u00e4sentiert: das kleinere Modell K-111n mit F\u00fc\u00dfen und vier F\u00e4chern sowie das gr\u00f6\u00dfere Modell K-111Na mit 15 oder mehr F\u00e4chern. Die Schr\u00e4nke werden durch den freistehenden Schrank K-124 mit vier Auszugsschubladen repr\u00e4sentiert. Die Kombination aus Schrank und K\u00e4stchen zeigt sich im Modell K-127n, das \u00fcber eine Auszugsschublade und einen Klappdeckel im oberen Teil des K\u00e4stchens verf\u00fcgt.<\/p>","protected":false},"featured_media":4476,"template":"","meta":{"_acf_changed":false},"product_brand":[],"product_cat":[73],"product_tag":[],"class_list":{"0":"post-4475","1":"product","2":"type-product","3":"status-publish","4":"has-post-thumbnail","6":"product_cat-natur-drvene-kutije","8":"first","9":"instock","10":"taxable","11":"shipping-taxable","12":"product-type-bundle"},"bundled_by":[],"bundle_stock_status":"instock","bundle_stock_quantity":"","bundle_virtual":false,"bundle_layout":"default","bundle_add_to_cart_form_location":"default","bundle_editable_in_cart":false,"bundle_sold_individually_context":"product","bundle_item_grouping":"parent","bundle_min_size":"","bundle_max_size":"","bundle_price":{"price":{"min":{"incl_tax":"6.91","excl_tax":"5.53"},"max":{"incl_tax":"16.46","excl_tax":"13.17"}},"regular_price":{"min":{"incl_tax":"6.91","excl_tax":"5.53"},"max":{"incl_tax":"16.46","excl_tax":"13.17"}}},"bundled_items":[{"bundled_item_id":613,"product_id":3515,"menu_order":0,"quantity_min":1,"quantity_max":1,"quantity_default":1,"priced_individually":true,"shipped_individually":true,"override_title":false,"title":"Lasergravur von Logos oder Inschriften","override_description":false,"description":"","optional":true,"hide_thumbnail":false,"discount":"","override_variations":false,"allowed_variations":[],"override_default_variation_attributes":false,"default_variation_attributes":[],"single_product_visibility":"visible","cart_visibility":"visible","order_visibility":"visible","single_product_price_visibility":"visible","cart_price_visibility":"visible","order_price_visibility":"visible","stock_status":"in_stock"},{"bundled_item_id":614,"product_id":3513,"menu_order":1,"quantity_min":1,"quantity_max":1,"quantity_default":1,"priced_individually":true,"shipped_individually":false,"override_title":false,"title":"F\u00fcllung mit dekorativer Holzwolle","override_description":false,"description":"","optional":true,"hide_thumbnail":false,"discount":"","override_variations":false,"allowed_variations":[],"override_default_variation_attributes":false,"default_variation_attributes":[],"single_product_visibility":"visible","cart_visibility":"visible","order_visibility":"visible","single_product_price_visibility":"visible","cart_price_visibility":"visible","order_price_visibility":"visible","stock_status":"in_stock"}],"bundle_sell_ids":[],"exclude_global_add_ons":[],"addons":[],"acf":[],"_links":{"self":[{"href":"https:\/\/kikaxdesign.hr\/de\/wp-json\/wp\/v2\/product\/4475","targetHints":{"allow":["GET"]}}],"collection":[{"href":"https:\/\/kikaxdesign.hr\/de\/wp-json\/wp\/v2\/product"}],"about":[{"href":"https:\/\/kikaxdesign.hr\/de\/wp-json\/wp\/v2\/types\/product"}],"wp:featuredmedia":[{"embeddable":true,"href":"https:\/\/kikaxdesign.hr\/de\/wp-json\/wp\/v2\/media\/4476"}],"wp:attachment":[{"href":"https:\/\/kikaxdesign.hr\/de\/wp-json\/wp\/v2\/media?parent=4475"}],"wp:term":[{"taxonomy":"product_brand","embeddable":true,"href":"https:\/\/kikaxdesign.hr\/de\/wp-json\/wp\/v2\/product_brand?post=4475"},{"taxonomy":"product_cat","embeddable":true,"href":"https:\/\/kikaxdesign.hr\/de\/wp-json\/wp\/v2\/product_cat?post=4475"},{"taxonomy":"product_tag","embeddable":true,"href":"https:\/\/kikaxdesign.hr\/de\/wp-json\/wp\/v2\/product_tag?post=4475"}],"curies":[{"name":"wp","href":"https:\/\/api.w.org\/{rel}","templated":true}]}}