{"id":4415,"date":"2025-10-13T00:13:11","date_gmt":"2025-10-12T22:13:11","guid":{"rendered":"https:\/\/kikaxdesign.hr\/?post_type=product&#038;p=4415"},"modified":"2026-01-14T09:07:00","modified_gmt":"2026-01-14T08:07:00","slug":"drveni-pladanj-sa-ruckama-k-103-2","status":"publish","type":"product","link":"https:\/\/kikaxdesign.hr\/de\/product\/drveni-pladanj-sa-ruckama-k-103-2\/","title":{"rendered":"Holztablett mit Griffen K-103"},"content":{"rendered":"<p>Die Tabletts aus Naturholz werden in zwei Gr\u00f6\u00dfen seriell gefertigt. Mit ihren robusten Griffen aus Massivholz und dem Boden aus 4 mm Birkensperrholz k\u00f6nnen sie problemlos ein Gewicht von mehreren Kilogramm tragen.<\/p>","protected":false},"excerpt":{"rendered":"<p>Serviertablett aus Holz<\/p>","protected":false},"featured_media":4416,"template":"","meta":{"_acf_changed":false},"product_brand":[],"product_cat":[92,71],"product_tag":[],"class_list":{"0":"post-4415","1":"product","2":"type-product","3":"status-publish","4":"has-post-thumbnail","6":"product_cat-drveni-pladnjevi","7":"product_cat-drveni-pladnjevi-za-poklon-pakiranja","9":"first","10":"instock","11":"taxable","12":"shipping-taxable","13":"product-type-bundle"},"bundled_by":[],"bundle_stock_status":"instock","bundle_stock_quantity":"","bundle_virtual":false,"bundle_layout":"default","bundle_add_to_cart_form_location":"default","bundle_editable_in_cart":false,"bundle_sold_individually_context":"product","bundle_item_grouping":"parent","bundle_min_size":"","bundle_max_size":"","bundle_price":{"price":{"min":{"incl_tax":"6.53","excl_tax":"5.22"},"max":{"incl_tax":"16.08","excl_tax":"12.86"}},"regular_price":{"min":{"incl_tax":"6.53","excl_tax":"5.22"},"max":{"incl_tax":"16.08","excl_tax":"12.86"}}},"bundled_items":[{"bundled_item_id":581,"product_id":3515,"menu_order":0,"quantity_min":1,"quantity_max":1,"quantity_default":1,"priced_individually":true,"shipped_individually":true,"override_title":false,"title":"Lasergravur von Logos oder Inschriften","override_description":false,"description":"","optional":true,"hide_thumbnail":false,"discount":"","override_variations":false,"allowed_variations":[],"override_default_variation_attributes":false,"default_variation_attributes":[],"single_product_visibility":"visible","cart_visibility":"visible","order_visibility":"visible","single_product_price_visibility":"visible","cart_price_visibility":"visible","order_price_visibility":"visible","stock_status":"in_stock"},{"bundled_item_id":582,"product_id":3513,"menu_order":1,"quantity_min":1,"quantity_max":1,"quantity_default":1,"priced_individually":true,"shipped_individually":false,"override_title":false,"title":"F\u00fcllung mit dekorativer Holzwolle","override_description":false,"description":"","optional":true,"hide_thumbnail":false,"discount":"","override_variations":false,"allowed_variations":[],"override_default_variation_attributes":false,"default_variation_attributes":[],"single_product_visibility":"visible","cart_visibility":"visible","order_visibility":"visible","single_product_price_visibility":"visible","cart_price_visibility":"visible","order_price_visibility":"visible","stock_status":"in_stock"}],"bundle_sell_ids":[],"exclude_global_add_ons":[],"addons":[],"acf":[],"_links":{"self":[{"href":"https:\/\/kikaxdesign.hr\/de\/wp-json\/wp\/v2\/product\/4415","targetHints":{"allow":["GET"]}}],"collection":[{"href":"https:\/\/kikaxdesign.hr\/de\/wp-json\/wp\/v2\/product"}],"about":[{"href":"https:\/\/kikaxdesign.hr\/de\/wp-json\/wp\/v2\/types\/product"}],"wp:featuredmedia":[{"embeddable":true,"href":"https:\/\/kikaxdesign.hr\/de\/wp-json\/wp\/v2\/media\/4416"}],"wp:attachment":[{"href":"https:\/\/kikaxdesign.hr\/de\/wp-json\/wp\/v2\/media?parent=4415"}],"wp:term":[{"taxonomy":"product_brand","embeddable":true,"href":"https:\/\/kikaxdesign.hr\/de\/wp-json\/wp\/v2\/product_brand?post=4415"},{"taxonomy":"product_cat","embeddable":true,"href":"https:\/\/kikaxdesign.hr\/de\/wp-json\/wp\/v2\/product_cat?post=4415"},{"taxonomy":"product_tag","embeddable":true,"href":"https:\/\/kikaxdesign.hr\/de\/wp-json\/wp\/v2\/product_tag?post=4415"}],"curies":[{"name":"wp","href":"https:\/\/api.w.org\/{rel}","templated":true}]}}