{"id":4403,"date":"2025-10-13T00:04:09","date_gmt":"2025-10-12T22:04:09","guid":{"rendered":"https:\/\/kikaxdesign.hr\/?post_type=product&#038;p=4403"},"modified":"2026-01-14T08:24:34","modified_gmt":"2026-01-14T07:24:34","slug":"drvena-kutija-bez-poklopca-pladanj-k-102-1610-2","status":"publish","type":"product","link":"https:\/\/kikaxdesign.hr\/de\/product\/drvena-kutija-bez-poklopca-pladanj-k-102-1610-2\/","title":{"rendered":"Holzkiste ohne Deckel - Tablett K-102-1610"},"content":{"rendered":"<p>Deckellose Boxen sowie Gl\u00e4ser werden in denselben Abmessungen wie die Standard-Faltschachtelmodelle hergestellt, jedoch mit der halben H\u00f6he. Sie finden in verschiedenen Bereichen Verwendung \u2013 vom professionellen Catering als Unterlage f\u00fcr diverses Geschirr bis hin zu privaten R\u00e4umen, wo sie sich perfekt als Ordnungshelfer f\u00fcr unaufger\u00e4umte Schubladen und Tische eignen. In ihrer nat\u00fcrlichen Ausf\u00fchrung, hergestellt aus dem umweltfreundlichsten Rohstoff und lediglich w\u00e4rmebehandelt, dienen sie auch als Beh\u00e4lter f\u00fcr Snacks und Trockenfr\u00fcchte.<\/p>","protected":false},"excerpt":{"rendered":"<p>Kutije bez poklopca, kao i teglice rade se u istim dimenzijama kao i standardni modeli preklopnih kutija, prepolovljene visine. Svoju namjenu pronalate u razli\u010ditim podru\u010djima \u2013 od profesionalnog ugostiteljstva kao podloge za razni inventar na stolovima do privatnih soba gdje se sasvim dobro snalaze u ulozi organizatora pretrpanih ladica i stolova. U natur varijanti od [&hellip;]<\/p>","protected":false},"featured_media":4404,"template":"","meta":{"_acf_changed":false},"product_brand":[],"product_cat":[71],"product_tag":[],"class_list":{"0":"post-4403","1":"product","2":"type-product","3":"status-publish","4":"has-post-thumbnail","6":"product_cat-drveni-pladnjevi-za-poklon-pakiranja","8":"first","9":"instock","10":"taxable","11":"shipping-taxable","12":"product-type-bundle"},"bundled_by":[],"bundle_stock_status":"instock","bundle_stock_quantity":"","bundle_virtual":false,"bundle_layout":"default","bundle_add_to_cart_form_location":"default","bundle_editable_in_cart":false,"bundle_sold_individually_context":"product","bundle_item_grouping":"parent","bundle_min_size":"","bundle_max_size":"","bundle_price":{"price":{"min":{"incl_tax":"3.15","excl_tax":"2.52"},"max":{"incl_tax":"12.7","excl_tax":"10.16"}},"regular_price":{"min":{"incl_tax":"3.15","excl_tax":"2.52"},"max":{"incl_tax":"12.7","excl_tax":"10.16"}}},"bundled_items":[{"bundled_item_id":569,"product_id":3515,"menu_order":0,"quantity_min":1,"quantity_max":1,"quantity_default":1,"priced_individually":true,"shipped_individually":true,"override_title":false,"title":"Lasergravur von Logos oder Inschriften","override_description":false,"description":"","optional":true,"hide_thumbnail":false,"discount":"","override_variations":false,"allowed_variations":[],"override_default_variation_attributes":false,"default_variation_attributes":[],"single_product_visibility":"visible","cart_visibility":"visible","order_visibility":"visible","single_product_price_visibility":"visible","cart_price_visibility":"visible","order_price_visibility":"visible","stock_status":"in_stock"},{"bundled_item_id":570,"product_id":3513,"menu_order":1,"quantity_min":1,"quantity_max":1,"quantity_default":1,"priced_individually":true,"shipped_individually":false,"override_title":false,"title":"F\u00fcllung mit dekorativer Holzwolle","override_description":false,"description":"","optional":true,"hide_thumbnail":false,"discount":"","override_variations":false,"allowed_variations":[],"override_default_variation_attributes":false,"default_variation_attributes":[],"single_product_visibility":"visible","cart_visibility":"visible","order_visibility":"visible","single_product_price_visibility":"visible","cart_price_visibility":"visible","order_price_visibility":"visible","stock_status":"in_stock"}],"bundle_sell_ids":[],"exclude_global_add_ons":[],"addons":[],"acf":[],"_links":{"self":[{"href":"https:\/\/kikaxdesign.hr\/de\/wp-json\/wp\/v2\/product\/4403","targetHints":{"allow":["GET"]}}],"collection":[{"href":"https:\/\/kikaxdesign.hr\/de\/wp-json\/wp\/v2\/product"}],"about":[{"href":"https:\/\/kikaxdesign.hr\/de\/wp-json\/wp\/v2\/types\/product"}],"wp:featuredmedia":[{"embeddable":true,"href":"https:\/\/kikaxdesign.hr\/de\/wp-json\/wp\/v2\/media\/4404"}],"wp:attachment":[{"href":"https:\/\/kikaxdesign.hr\/de\/wp-json\/wp\/v2\/media?parent=4403"}],"wp:term":[{"taxonomy":"product_brand","embeddable":true,"href":"https:\/\/kikaxdesign.hr\/de\/wp-json\/wp\/v2\/product_brand?post=4403"},{"taxonomy":"product_cat","embeddable":true,"href":"https:\/\/kikaxdesign.hr\/de\/wp-json\/wp\/v2\/product_cat?post=4403"},{"taxonomy":"product_tag","embeddable":true,"href":"https:\/\/kikaxdesign.hr\/de\/wp-json\/wp\/v2\/product_tag?post=4403"}],"curies":[{"name":"wp","href":"https:\/\/api.w.org\/{rel}","templated":true}]}}