{"id":4401,"date":"2025-10-13T00:02:24","date_gmt":"2025-10-12T22:02:24","guid":{"rendered":"https:\/\/kikaxdesign.hr\/?post_type=product&#038;p=4401"},"modified":"2026-01-14T08:23:04","modified_gmt":"2026-01-14T07:23:04","slug":"drvena-casica-k-102-9x9","status":"publish","type":"product","link":"https:\/\/kikaxdesign.hr\/de\/product\/drvena-casica-k-102-9x9\/","title":{"rendered":"Holzbecher K-102-9\u00d79"},"content":{"rendered":"<p>Dosen ohne Deckel sowie Gl\u00e4ser werden in den gleichen Abmessungen wie handels\u00fcbliche Faltboxen, jedoch in halber H\u00f6he, hergestellt. Sie eignen sich f\u00fcr verschiedene Anwendungsbereiche \u2013 von der professionellen Gastronomie als Basis f\u00fcr diverse Waren auf Tischen bis hin zu privaten R\u00e4umen, wo sie sich hervorragend zur Organisation von Schubladen und Ablagen eignen. In der naturbelassenen Ausf\u00fchrung, hergestellt aus umweltfreundlichem, lediglich thermisch behandeltem Rohmaterial, dienen sie auch als Beh\u00e4lter f\u00fcr Snacks und Trockenfr\u00fcchte.<\/p>","protected":false},"excerpt":{"rendered":"<p>Kutije bez poklopca, kao i teglice rade se u istim dimenizjama kao i standardni modeli preklopnih kutija, prepolovljene visine. Svoju namjenu pronalate u razli\u010ditim podru\u010djima \u2013 od profesionalnog ugostiteljstva kao podloge za razni inventar na stolovima do privatnih soba gdje se sasvim dobro snalaze u ulozi organizatora pretrpanih ladica i stolova. U natur varijanti od [&hellip;]<\/p>","protected":false},"featured_media":4402,"template":"","meta":{"_acf_changed":false},"product_brand":[],"product_cat":[71],"product_tag":[],"class_list":{"0":"post-4401","1":"product","2":"type-product","3":"status-publish","4":"has-post-thumbnail","6":"product_cat-drveni-pladnjevi-za-poklon-pakiranja","8":"first","9":"instock","10":"taxable","11":"shipping-taxable","12":"product-type-bundle"},"bundled_by":[],"bundle_stock_status":"instock","bundle_stock_quantity":"","bundle_virtual":false,"bundle_layout":"default","bundle_add_to_cart_form_location":"default","bundle_editable_in_cart":false,"bundle_sold_individually_context":"product","bundle_item_grouping":"parent","bundle_min_size":"","bundle_max_size":"","bundle_price":{"price":{"min":{"incl_tax":"3.00","excl_tax":"2.40"},"max":{"incl_tax":"12.55","excl_tax":"10.04"}},"regular_price":{"min":{"incl_tax":"3.00","excl_tax":"2.40"},"max":{"incl_tax":"12.55","excl_tax":"10.04"}}},"bundled_items":[{"bundled_item_id":567,"product_id":3515,"menu_order":0,"quantity_min":1,"quantity_max":1,"quantity_default":1,"priced_individually":true,"shipped_individually":true,"override_title":false,"title":"Lasergravur von Logos oder Inschriften","override_description":false,"description":"","optional":true,"hide_thumbnail":false,"discount":"","override_variations":false,"allowed_variations":[],"override_default_variation_attributes":false,"default_variation_attributes":[],"single_product_visibility":"visible","cart_visibility":"visible","order_visibility":"visible","single_product_price_visibility":"visible","cart_price_visibility":"visible","order_price_visibility":"visible","stock_status":"in_stock"},{"bundled_item_id":568,"product_id":3513,"menu_order":1,"quantity_min":1,"quantity_max":1,"quantity_default":1,"priced_individually":true,"shipped_individually":false,"override_title":false,"title":"F\u00fcllung mit dekorativer Holzwolle","override_description":false,"description":"","optional":true,"hide_thumbnail":false,"discount":"","override_variations":false,"allowed_variations":[],"override_default_variation_attributes":false,"default_variation_attributes":[],"single_product_visibility":"visible","cart_visibility":"visible","order_visibility":"visible","single_product_price_visibility":"visible","cart_price_visibility":"visible","order_price_visibility":"visible","stock_status":"in_stock"}],"bundle_sell_ids":[],"exclude_global_add_ons":[],"addons":[],"acf":[],"_links":{"self":[{"href":"https:\/\/kikaxdesign.hr\/de\/wp-json\/wp\/v2\/product\/4401","targetHints":{"allow":["GET"]}}],"collection":[{"href":"https:\/\/kikaxdesign.hr\/de\/wp-json\/wp\/v2\/product"}],"about":[{"href":"https:\/\/kikaxdesign.hr\/de\/wp-json\/wp\/v2\/types\/product"}],"wp:featuredmedia":[{"embeddable":true,"href":"https:\/\/kikaxdesign.hr\/de\/wp-json\/wp\/v2\/media\/4402"}],"wp:attachment":[{"href":"https:\/\/kikaxdesign.hr\/de\/wp-json\/wp\/v2\/media?parent=4401"}],"wp:term":[{"taxonomy":"product_brand","embeddable":true,"href":"https:\/\/kikaxdesign.hr\/de\/wp-json\/wp\/v2\/product_brand?post=4401"},{"taxonomy":"product_cat","embeddable":true,"href":"https:\/\/kikaxdesign.hr\/de\/wp-json\/wp\/v2\/product_cat?post=4401"},{"taxonomy":"product_tag","embeddable":true,"href":"https:\/\/kikaxdesign.hr\/de\/wp-json\/wp\/v2\/product_tag?post=4401"}],"curies":[{"name":"wp","href":"https:\/\/api.w.org\/{rel}","templated":true}]}}