{"id":4374,"date":"2025-10-12T23:44:19","date_gmt":"2025-10-12T21:44:19","guid":{"rendered":"https:\/\/kikaxdesign.hr\/?post_type=product&#038;p=4374"},"modified":"2026-01-05T10:48:47","modified_gmt":"2026-01-05T09:48:47","slug":"drveni-svijecnjak-k-101kv","status":"publish","type":"product","link":"https:\/\/kikaxdesign.hr\/de\/product\/drveni-svijecnjak-k-101kv\/","title":{"rendered":"Kerzenst\u00e4nder aus Holz K-101kv"},"content":{"rendered":"<p>Teelichthalter werden in zwei Gr\u00f6\u00dfen hergestellt, quadratisch und flach, und sind einzeln oder als Adventsset mit einer Grundplatte in vier verschiedenen H\u00f6hen erh\u00e4ltlich. Sie bestehen aus Massivholz und haben eine \u00d6ffnung mit einem Durchmesser von 40 mm, in die Teelichter eingesetzt werden k\u00f6nnen.<\/p>","protected":false},"excerpt":{"rendered":"<p>\u2013 f\u00fcr den kleinen Hafen, H\u00f6he 12 cm<\/p>","protected":false},"featured_media":6524,"template":"","meta":{"_acf_changed":false},"product_brand":[],"product_cat":[109],"product_tag":[],"class_list":{"0":"post-4374","1":"product","2":"type-product","3":"status-publish","4":"has-post-thumbnail","6":"product_cat-ostale-drvene-kutije-i-proizvodi","8":"first","9":"instock","10":"taxable","11":"shipping-taxable","12":"product-type-bundle"},"bundled_by":[],"bundle_stock_status":"instock","bundle_stock_quantity":"","bundle_virtual":false,"bundle_layout":"default","bundle_add_to_cart_form_location":"default","bundle_editable_in_cart":false,"bundle_sold_individually_context":"product","bundle_item_grouping":"parent","bundle_min_size":"","bundle_max_size":"","bundle_price":{"price":{"min":{"incl_tax":"2.33","excl_tax":"1.86"},"max":{"incl_tax":"10.63","excl_tax":"8.5"}},"regular_price":{"min":{"incl_tax":"2.33","excl_tax":"1.86"},"max":{"incl_tax":"10.63","excl_tax":"8.5"}}},"bundled_items":[{"bundled_item_id":547,"product_id":3515,"menu_order":0,"quantity_min":1,"quantity_max":1,"quantity_default":1,"priced_individually":true,"shipped_individually":true,"override_title":false,"title":"Lasergravur von Logos oder Inschriften","override_description":false,"description":"","optional":true,"hide_thumbnail":false,"discount":"","override_variations":false,"allowed_variations":[],"override_default_variation_attributes":false,"default_variation_attributes":[],"single_product_visibility":"visible","cart_visibility":"visible","order_visibility":"visible","single_product_price_visibility":"visible","cart_price_visibility":"visible","order_price_visibility":"visible","stock_status":"in_stock"}],"bundle_sell_ids":[],"exclude_global_add_ons":[],"addons":[],"acf":[],"_links":{"self":[{"href":"https:\/\/kikaxdesign.hr\/de\/wp-json\/wp\/v2\/product\/4374","targetHints":{"allow":["GET"]}}],"collection":[{"href":"https:\/\/kikaxdesign.hr\/de\/wp-json\/wp\/v2\/product"}],"about":[{"href":"https:\/\/kikaxdesign.hr\/de\/wp-json\/wp\/v2\/types\/product"}],"wp:featuredmedia":[{"embeddable":true,"href":"https:\/\/kikaxdesign.hr\/de\/wp-json\/wp\/v2\/media\/6524"}],"wp:attachment":[{"href":"https:\/\/kikaxdesign.hr\/de\/wp-json\/wp\/v2\/media?parent=4374"}],"wp:term":[{"taxonomy":"product_brand","embeddable":true,"href":"https:\/\/kikaxdesign.hr\/de\/wp-json\/wp\/v2\/product_brand?post=4374"},{"taxonomy":"product_cat","embeddable":true,"href":"https:\/\/kikaxdesign.hr\/de\/wp-json\/wp\/v2\/product_cat?post=4374"},{"taxonomy":"product_tag","embeddable":true,"href":"https:\/\/kikaxdesign.hr\/de\/wp-json\/wp\/v2\/product_tag?post=4374"}],"curies":[{"name":"wp","href":"https:\/\/api.w.org\/{rel}","templated":true}]}}