{"id":4329,"date":"2025-10-12T23:05:35","date_gmt":"2025-10-12T21:05:35","guid":{"rendered":"https:\/\/kikaxdesign.hr\/?post_type=product&#038;p=4329"},"modified":"2025-12-03T12:47:54","modified_gmt":"2025-12-03T11:47:54","slug":"drvena-srkinjica-k-221nh","status":"publish","type":"product","link":"https:\/\/kikaxdesign.hr\/de\/product\/drvena-srkinjica-k-221nh\/","title":{"rendered":"Holzlattenrahmen K-221Nh"},"content":{"rendered":"<p>Holztruhen, insbesondere Modelle mit abgerundetem Deckel aus Eichenfurnier, sind ein einzigartiges Produkt auf dem Markt. Durch die Kombination verschiedener Gr\u00f6\u00dfen und Beschl\u00e4ge findet sich leicht das passende Modell f\u00fcr unterschiedliche Zwecke. Alternativ gibt es auch kleinere Truhen mit flachem Deckel, wie beispielsweise das Modell K-221 mit verschiedenen Beschl\u00e4gen. Seit Kurzem umfasst das Angebot auch Truhen mit Deckel aus Lindenfurnier, die sich zum Lackieren in hellen Farbt\u00f6nen eignen und durch den Zusatz \u201e-LP\u201c in der Produktnummer gekennzeichnet sind.<\/p>","protected":false},"excerpt":{"rendered":"<p>&#8211; sa kromiranom kukicom za zatvranje<\/p>","protected":false},"featured_media":4330,"template":"","meta":{"_acf_changed":false},"product_brand":[],"product_cat":[108],"product_tag":[],"class_list":{"0":"post-4329","1":"product","2":"type-product","3":"status-publish","4":"has-post-thumbnail","6":"product_cat-gusarske-i-natur-skrinje","8":"first","9":"instock","10":"taxable","11":"shipping-taxable","12":"product-type-bundle"},"bundled_by":[],"bundle_stock_status":"instock","bundle_stock_quantity":"","bundle_virtual":false,"bundle_layout":"default","bundle_add_to_cart_form_location":"default","bundle_editable_in_cart":false,"bundle_sold_individually_context":"product","bundle_item_grouping":"parent","bundle_min_size":"","bundle_max_size":"","bundle_price":{"price":{"min":{"incl_tax":"8.76","excl_tax":"7.01"},"max":{"incl_tax":"18.31","excl_tax":"14.65"}},"regular_price":{"min":{"incl_tax":"8.76","excl_tax":"7.01"},"max":{"incl_tax":"18.31","excl_tax":"14.65"}}},"bundled_items":[{"bundled_item_id":507,"product_id":3515,"menu_order":0,"quantity_min":1,"quantity_max":1,"quantity_default":1,"priced_individually":true,"shipped_individually":true,"override_title":false,"title":"Laserska gravura","override_description":false,"description":"","optional":true,"hide_thumbnail":false,"discount":"","override_variations":false,"allowed_variations":[],"override_default_variation_attributes":false,"default_variation_attributes":[],"single_product_visibility":"visible","cart_visibility":"visible","order_visibility":"visible","single_product_price_visibility":"visible","cart_price_visibility":"visible","order_price_visibility":"visible","stock_status":"in_stock"},{"bundled_item_id":508,"product_id":3513,"menu_order":1,"quantity_min":1,"quantity_max":1,"quantity_default":1,"priced_individually":true,"shipped_individually":false,"override_title":false,"title":"F\u00fcllung mit dekorativer Holzwolle","override_description":false,"description":"","optional":true,"hide_thumbnail":false,"discount":"","override_variations":false,"allowed_variations":[],"override_default_variation_attributes":false,"default_variation_attributes":[],"single_product_visibility":"visible","cart_visibility":"visible","order_visibility":"visible","single_product_price_visibility":"visible","cart_price_visibility":"visible","order_price_visibility":"visible","stock_status":"in_stock"}],"bundle_sell_ids":[],"exclude_global_add_ons":[],"addons":[],"acf":[],"_links":{"self":[{"href":"https:\/\/kikaxdesign.hr\/de\/wp-json\/wp\/v2\/product\/4329","targetHints":{"allow":["GET"]}}],"collection":[{"href":"https:\/\/kikaxdesign.hr\/de\/wp-json\/wp\/v2\/product"}],"about":[{"href":"https:\/\/kikaxdesign.hr\/de\/wp-json\/wp\/v2\/types\/product"}],"wp:featuredmedia":[{"embeddable":true,"href":"https:\/\/kikaxdesign.hr\/de\/wp-json\/wp\/v2\/media\/4330"}],"wp:attachment":[{"href":"https:\/\/kikaxdesign.hr\/de\/wp-json\/wp\/v2\/media?parent=4329"}],"wp:term":[{"taxonomy":"product_brand","embeddable":true,"href":"https:\/\/kikaxdesign.hr\/de\/wp-json\/wp\/v2\/product_brand?post=4329"},{"taxonomy":"product_cat","embeddable":true,"href":"https:\/\/kikaxdesign.hr\/de\/wp-json\/wp\/v2\/product_cat?post=4329"},{"taxonomy":"product_tag","embeddable":true,"href":"https:\/\/kikaxdesign.hr\/de\/wp-json\/wp\/v2\/product_tag?post=4329"}],"curies":[{"name":"wp","href":"https:\/\/api.w.org\/{rel}","templated":true}]}}