{"id":4300,"date":"2025-10-12T22:49:32","date_gmt":"2025-10-12T20:49:32","guid":{"rendered":"https:\/\/kikaxdesign.hr\/?post_type=product&#038;p=4300"},"modified":"2026-01-05T14:04:03","modified_gmt":"2026-01-05T13:04:03","slug":"drvena-gusarska-skrinjica-k-205c","status":"publish","type":"product","link":"https:\/\/kikaxdesign.hr\/de\/product\/drvena-gusarska-skrinjica-k-205c\/","title":{"rendered":"Piratentruhe aus Holz K-205c"},"content":{"rendered":"<p>Piratentruhen werden aus massivem Kiefernholz, kombiniert mit Kiefern- oder Birkensperrholz, gefertigt. Sie sind mit zwei Farbt\u00f6nen gebeizt und werden mit Metallbeschl\u00e4gen und Ziern\u00e4geln befestigt. Gr\u00f6\u00dfere Modelle dienen oft als zus\u00e4tzlicher rustikaler Kleiderschrank f\u00fcr Kleidung oder andere Gegenst\u00e4nde, w\u00e4hrend kleinere Modelle eher als originelles Geschenk f\u00fcr Geburtstage, Hochzeiten und andere Feierlichkeiten geeignet sind. Zu diesem Anlass k\u00f6nnen wir die Truhen gravieren (auf einer Platte aus dem gleichen Material, die auf den Deckel geklebt wird) und Widmungen einarbeiten \u2013 eine bleibende Erinnerung. Die Innenseiten der Truhe sind naturbelassen und unbemalt. Neben den Ma\u00dfen aus der Tabelle, die individuell bestellt werden k\u00f6nnen, fertigen wir die Truhen auch nach Kundenwunsch an, jedoch erst ab einer Bestellmenge von 30 St\u00fcck.<\/p>","protected":false},"excerpt":{"rendered":"<p>\u2013 Mittleres Modell einer Piratengeschenkkiste mit Schloss und Schl\u00fcssel<\/p>","protected":false},"featured_media":6562,"template":"","meta":{"_acf_changed":false},"product_brand":[],"product_cat":[108],"product_tag":[],"class_list":{"0":"post-4300","1":"product","2":"type-product","3":"status-publish","4":"has-post-thumbnail","6":"product_cat-gusarske-i-natur-skrinje","8":"first","9":"instock","10":"taxable","11":"shipping-taxable","12":"product-type-bundle"},"bundled_by":[],"bundle_stock_status":"instock","bundle_stock_quantity":"","bundle_virtual":false,"bundle_layout":"default","bundle_add_to_cart_form_location":"default","bundle_editable_in_cart":false,"bundle_sold_individually_context":"product","bundle_item_grouping":"parent","bundle_min_size":"","bundle_max_size":"","bundle_price":{"price":{"min":{"incl_tax":"85.98","excl_tax":"68.78"},"max":{"incl_tax":"95.53","excl_tax":"76.42"}},"regular_price":{"min":{"incl_tax":"85.98","excl_tax":"68.78"},"max":{"incl_tax":"95.53","excl_tax":"76.42"}}},"bundled_items":[{"bundled_item_id":487,"product_id":3515,"menu_order":0,"quantity_min":1,"quantity_max":1,"quantity_default":1,"priced_individually":true,"shipped_individually":true,"override_title":false,"title":"Lasergravur von Logos oder Inschriften","override_description":false,"description":"","optional":true,"hide_thumbnail":false,"discount":"","override_variations":false,"allowed_variations":[],"override_default_variation_attributes":false,"default_variation_attributes":[],"single_product_visibility":"visible","cart_visibility":"visible","order_visibility":"visible","single_product_price_visibility":"visible","cart_price_visibility":"visible","order_price_visibility":"visible","stock_status":"in_stock"},{"bundled_item_id":488,"product_id":3513,"menu_order":1,"quantity_min":1,"quantity_max":1,"quantity_default":1,"priced_individually":true,"shipped_individually":false,"override_title":false,"title":"F\u00fcllung mit dekorativer Holzwolle","override_description":false,"description":"","optional":true,"hide_thumbnail":false,"discount":"","override_variations":false,"allowed_variations":[],"override_default_variation_attributes":false,"default_variation_attributes":[],"single_product_visibility":"visible","cart_visibility":"visible","order_visibility":"visible","single_product_price_visibility":"visible","cart_price_visibility":"visible","order_price_visibility":"visible","stock_status":"in_stock"}],"bundle_sell_ids":[],"exclude_global_add_ons":[],"addons":[],"acf":[],"_links":{"self":[{"href":"https:\/\/kikaxdesign.hr\/de\/wp-json\/wp\/v2\/product\/4300","targetHints":{"allow":["GET"]}}],"collection":[{"href":"https:\/\/kikaxdesign.hr\/de\/wp-json\/wp\/v2\/product"}],"about":[{"href":"https:\/\/kikaxdesign.hr\/de\/wp-json\/wp\/v2\/types\/product"}],"wp:featuredmedia":[{"embeddable":true,"href":"https:\/\/kikaxdesign.hr\/de\/wp-json\/wp\/v2\/media\/6562"}],"wp:attachment":[{"href":"https:\/\/kikaxdesign.hr\/de\/wp-json\/wp\/v2\/media?parent=4300"}],"wp:term":[{"taxonomy":"product_brand","embeddable":true,"href":"https:\/\/kikaxdesign.hr\/de\/wp-json\/wp\/v2\/product_brand?post=4300"},{"taxonomy":"product_cat","embeddable":true,"href":"https:\/\/kikaxdesign.hr\/de\/wp-json\/wp\/v2\/product_cat?post=4300"},{"taxonomy":"product_tag","embeddable":true,"href":"https:\/\/kikaxdesign.hr\/de\/wp-json\/wp\/v2\/product_tag?post=4300"}],"curies":[{"name":"wp","href":"https:\/\/api.w.org\/{rel}","templated":true}]}}