{"id":4250,"date":"2025-10-12T21:22:17","date_gmt":"2025-10-12T19:22:17","guid":{"rendered":"https:\/\/kikaxdesign.hr\/?post_type=product&#038;p=4250"},"modified":"2025-12-12T12:12:01","modified_gmt":"2025-12-12T11:12:01","slug":"drveni-rever-bedz-za-iglom-pb-108","status":"publish","type":"product","link":"https:\/\/kikaxdesign.hr\/de\/product\/drveni-rever-bedz-za-iglom-pb-108\/","title":{"rendered":"Anstecknadel aus Holz Pb-108"},"content":{"rendered":"<p>Aus hochwertigem Birkensperrholz, mit Gravur und einer Nadel zum Tragen.<\/p>","protected":false},"excerpt":{"rendered":"<ul>\n<li>F\u00fcr Hochzeitsfeiern betr\u00e4gt die Mindestbestellmenge 50 St\u00fcck.<\/li>\n<\/ul>","protected":false},"featured_media":4251,"template":"","meta":{"_acf_changed":false},"product_brand":[],"product_cat":[104],"product_tag":[],"class_list":{"0":"post-4250","1":"product","2":"type-product","3":"status-publish","4":"has-post-thumbnail","6":"product_cat-drveni-asortiman-za-vjencanja-krstenja-pricesti-i-krizme","8":"first","9":"instock","10":"taxable","11":"shipping-taxable","12":"product-type-bundle"},"bundled_by":[],"bundle_stock_status":"instock","bundle_stock_quantity":"","bundle_virtual":false,"bundle_layout":"default","bundle_add_to_cart_form_location":"default","bundle_editable_in_cart":false,"bundle_sold_individually_context":"product","bundle_item_grouping":"parent","bundle_min_size":"","bundle_max_size":"","bundle_price":{"price":{"min":{"incl_tax":"1.00","excl_tax":"0.80"},"max":{"incl_tax":"9.3","excl_tax":"7.44"}},"regular_price":{"min":{"incl_tax":"1.00","excl_tax":"0.80"},"max":{"incl_tax":"9.3","excl_tax":"7.44"}}},"bundled_items":[{"bundled_item_id":455,"product_id":3515,"menu_order":0,"quantity_min":1,"quantity_max":1,"quantity_default":1,"priced_individually":true,"shipped_individually":true,"override_title":false,"title":"Lasergravur von Logos oder Inschriften","override_description":false,"description":"","optional":true,"hide_thumbnail":false,"discount":"","override_variations":false,"allowed_variations":[],"override_default_variation_attributes":false,"default_variation_attributes":[],"single_product_visibility":"visible","cart_visibility":"visible","order_visibility":"visible","single_product_price_visibility":"visible","cart_price_visibility":"visible","order_price_visibility":"visible","stock_status":"in_stock"}],"bundle_sell_ids":[],"exclude_global_add_ons":[],"addons":[],"acf":[],"_links":{"self":[{"href":"https:\/\/kikaxdesign.hr\/de\/wp-json\/wp\/v2\/product\/4250","targetHints":{"allow":["GET"]}}],"collection":[{"href":"https:\/\/kikaxdesign.hr\/de\/wp-json\/wp\/v2\/product"}],"about":[{"href":"https:\/\/kikaxdesign.hr\/de\/wp-json\/wp\/v2\/types\/product"}],"wp:featuredmedia":[{"embeddable":true,"href":"https:\/\/kikaxdesign.hr\/de\/wp-json\/wp\/v2\/media\/4251"}],"wp:attachment":[{"href":"https:\/\/kikaxdesign.hr\/de\/wp-json\/wp\/v2\/media?parent=4250"}],"wp:term":[{"taxonomy":"product_brand","embeddable":true,"href":"https:\/\/kikaxdesign.hr\/de\/wp-json\/wp\/v2\/product_brand?post=4250"},{"taxonomy":"product_cat","embeddable":true,"href":"https:\/\/kikaxdesign.hr\/de\/wp-json\/wp\/v2\/product_cat?post=4250"},{"taxonomy":"product_tag","embeddable":true,"href":"https:\/\/kikaxdesign.hr\/de\/wp-json\/wp\/v2\/product_tag?post=4250"}],"curies":[{"name":"wp","href":"https:\/\/api.w.org\/{rel}","templated":true}]}}