{"id":4231,"date":"2025-10-12T18:50:44","date_gmt":"2025-10-12T16:50:44","guid":{"rendered":"https:\/\/kikaxdesign.hr\/?post_type=product&#038;p=4231"},"modified":"2025-12-12T11:05:44","modified_gmt":"2025-12-12T10:05:44","slug":"drveni-stalak-za-meni-i-epruvete-st-101e","status":"publish","type":"product","link":"https:\/\/kikaxdesign.hr\/de\/product\/drveni-stalak-za-meni-i-epruvete-st-101e\/","title":{"rendered":"Holzst\u00e4nder f\u00fcr Men\u00fcs und Reagenzgl\u00e4ser St-101e"},"content":{"rendered":"<p>Mit \u00fcber 3.500 bisher gefertigten Preisschildern und Zuckerst\u00e4ndern f\u00fcr Gastronomietische, von denen einige die luxuri\u00f6sesten Restaurants und Bars Kroatiens schm\u00fccken, k\u00f6nnen wir innerhalb k\u00fcrzester Zeit gro\u00dfe Mengen individuell gestalteter St\u00e4nder liefern, die perfekt auf den Bestand Ihres Gastronomiebetriebs abgestimmt sind. Ob gl\u00e4nzend oder matt, mit UV-best\u00e4ndigem Lack f\u00fcr Au\u00dfenterrassen oder handgebeizt aus massiver Esche \u2013 unsere St\u00e4nder mit Ihrem Logo f\u00fcgen sich harmonisch in jedes Ambiente ein und verleihen ihm zus\u00e4tzlichen Luxus.<\/p>","protected":false},"excerpt":{"rendered":"<p>\u2013 f\u00fcr Cateringtische<\/p>\n<p>\u2013 Mindestbestellmenge 30 St\u00fcck<\/p>","protected":false},"featured_media":4232,"template":"","meta":{"_acf_changed":false},"product_brand":[],"product_cat":[95],"product_tag":[],"class_list":{"0":"post-4231","1":"product","2":"type-product","3":"status-publish","4":"has-post-thumbnail","6":"product_cat-stalci-za-cijenike","8":"first","9":"instock","10":"taxable","11":"shipping-taxable","12":"product-type-bundle"},"bundled_by":[],"bundle_stock_status":"instock","bundle_stock_quantity":"","bundle_virtual":false,"bundle_layout":"default","bundle_add_to_cart_form_location":"default","bundle_editable_in_cart":false,"bundle_sold_individually_context":"product","bundle_item_grouping":"parent","bundle_min_size":"","bundle_max_size":"","bundle_price":{"price":{"min":{"incl_tax":"8.00","excl_tax":"6.40"},"max":{"incl_tax":"16.3","excl_tax":"13.04"}},"regular_price":{"min":{"incl_tax":"8.00","excl_tax":"6.40"},"max":{"incl_tax":"16.3","excl_tax":"13.04"}}},"bundled_items":[{"bundled_item_id":441,"product_id":3515,"menu_order":0,"quantity_min":1,"quantity_max":1,"quantity_default":1,"priced_individually":true,"shipped_individually":true,"override_title":false,"title":"Lasergravur von Logos oder Inschriften","override_description":false,"description":"","optional":true,"hide_thumbnail":false,"discount":"","override_variations":false,"allowed_variations":[],"override_default_variation_attributes":false,"default_variation_attributes":[],"single_product_visibility":"visible","cart_visibility":"visible","order_visibility":"visible","single_product_price_visibility":"visible","cart_price_visibility":"visible","order_price_visibility":"visible","stock_status":"in_stock"}],"bundle_sell_ids":[],"exclude_global_add_ons":[],"addons":[],"acf":[],"_links":{"self":[{"href":"https:\/\/kikaxdesign.hr\/de\/wp-json\/wp\/v2\/product\/4231","targetHints":{"allow":["GET"]}}],"collection":[{"href":"https:\/\/kikaxdesign.hr\/de\/wp-json\/wp\/v2\/product"}],"about":[{"href":"https:\/\/kikaxdesign.hr\/de\/wp-json\/wp\/v2\/types\/product"}],"wp:featuredmedia":[{"embeddable":true,"href":"https:\/\/kikaxdesign.hr\/de\/wp-json\/wp\/v2\/media\/4232"}],"wp:attachment":[{"href":"https:\/\/kikaxdesign.hr\/de\/wp-json\/wp\/v2\/media?parent=4231"}],"wp:term":[{"taxonomy":"product_brand","embeddable":true,"href":"https:\/\/kikaxdesign.hr\/de\/wp-json\/wp\/v2\/product_brand?post=4231"},{"taxonomy":"product_cat","embeddable":true,"href":"https:\/\/kikaxdesign.hr\/de\/wp-json\/wp\/v2\/product_cat?post=4231"},{"taxonomy":"product_tag","embeddable":true,"href":"https:\/\/kikaxdesign.hr\/de\/wp-json\/wp\/v2\/product_tag?post=4231"}],"curies":[{"name":"wp","href":"https:\/\/api.w.org\/{rel}","templated":true}]}}