{"id":4221,"date":"2025-10-12T18:42:20","date_gmt":"2025-10-12T16:42:20","guid":{"rendered":"https:\/\/kikaxdesign.hr\/?post_type=product&#038;p=4221"},"modified":"2025-12-12T11:04:25","modified_gmt":"2025-12-12T10:04:25","slug":"drveni-stalak-za-cijenik-i-letke-k-331n","status":"publish","type":"product","link":"https:\/\/kikaxdesign.hr\/de\/product\/drveni-stalak-za-cijenik-i-letke-k-331n\/","title":{"rendered":"Holzst\u00e4nder f\u00fcr Preisliste und Prospekte K-331n"},"content":{"rendered":"<p>Mit \u00fcber 3.500 bisher gefertigten Preisschildern und Zuckerst\u00e4ndern f\u00fcr Gastronomietische, von denen einige die luxuri\u00f6sesten Restaurants und Bars Kroatiens schm\u00fccken, k\u00f6nnen wir innerhalb k\u00fcrzester Zeit gro\u00dfe Mengen individuell gestalteter St\u00e4nder liefern, die perfekt auf den Bestand Ihres Gastronomiebetriebs abgestimmt sind. Ob in gl\u00e4nzender oder matter Ausf\u00fchrung, mit UV-best\u00e4ndigem Lack f\u00fcr Au\u00dfenterrassen, handgebeizte St\u00e4nder aus massiver Esche oder mit Ihrem Logo \u2013 unsere St\u00e4nder f\u00fcgen sich m\u00fchelos in jedes Ambiente ein und verleihen ihm zus\u00e4tzlichen Luxus.<\/p>","protected":false},"excerpt":{"rendered":"<p>\u2013 wird auf Bestellung ab einer Mindestmenge von 30 St\u00fcck gefertigt.<\/p>","protected":false},"featured_media":4222,"template":"","meta":{"_acf_changed":false},"product_brand":[],"product_cat":[95],"product_tag":[],"class_list":{"0":"post-4221","1":"product","2":"type-product","3":"status-publish","4":"has-post-thumbnail","6":"product_cat-stalci-za-cijenike","8":"first","9":"instock","10":"taxable","11":"shipping-taxable","12":"product-type-bundle"},"bundled_by":[],"bundle_stock_status":"instock","bundle_stock_quantity":"","bundle_virtual":false,"bundle_layout":"default","bundle_add_to_cart_form_location":"default","bundle_editable_in_cart":false,"bundle_sold_individually_context":"product","bundle_item_grouping":"parent","bundle_min_size":"","bundle_max_size":"","bundle_price":{"price":{"min":{"incl_tax":"11.28","excl_tax":"9.02"},"max":{"incl_tax":"19.58","excl_tax":"15.66"}},"regular_price":{"min":{"incl_tax":"11.28","excl_tax":"9.02"},"max":{"incl_tax":"19.58","excl_tax":"15.66"}}},"bundled_items":[{"bundled_item_id":431,"product_id":3515,"menu_order":0,"quantity_min":1,"quantity_max":1,"quantity_default":1,"priced_individually":true,"shipped_individually":true,"override_title":false,"title":"Lasergravur von Logos oder Inschriften","override_description":false,"description":"","optional":true,"hide_thumbnail":false,"discount":"","override_variations":false,"allowed_variations":[],"override_default_variation_attributes":false,"default_variation_attributes":[],"single_product_visibility":"visible","cart_visibility":"visible","order_visibility":"visible","single_product_price_visibility":"visible","cart_price_visibility":"visible","order_price_visibility":"visible","stock_status":"in_stock"}],"bundle_sell_ids":[],"exclude_global_add_ons":[],"addons":[],"acf":[],"_links":{"self":[{"href":"https:\/\/kikaxdesign.hr\/de\/wp-json\/wp\/v2\/product\/4221","targetHints":{"allow":["GET"]}}],"collection":[{"href":"https:\/\/kikaxdesign.hr\/de\/wp-json\/wp\/v2\/product"}],"about":[{"href":"https:\/\/kikaxdesign.hr\/de\/wp-json\/wp\/v2\/types\/product"}],"wp:featuredmedia":[{"embeddable":true,"href":"https:\/\/kikaxdesign.hr\/de\/wp-json\/wp\/v2\/media\/4222"}],"wp:attachment":[{"href":"https:\/\/kikaxdesign.hr\/de\/wp-json\/wp\/v2\/media?parent=4221"}],"wp:term":[{"taxonomy":"product_brand","embeddable":true,"href":"https:\/\/kikaxdesign.hr\/de\/wp-json\/wp\/v2\/product_brand?post=4221"},{"taxonomy":"product_cat","embeddable":true,"href":"https:\/\/kikaxdesign.hr\/de\/wp-json\/wp\/v2\/product_cat?post=4221"},{"taxonomy":"product_tag","embeddable":true,"href":"https:\/\/kikaxdesign.hr\/de\/wp-json\/wp\/v2\/product_tag?post=4221"}],"curies":[{"name":"wp","href":"https:\/\/api.w.org\/{rel}","templated":true}]}}