{"id":4194,"date":"2025-10-12T17:48:33","date_gmt":"2025-10-12T15:48:33","guid":{"rendered":"https:\/\/kikaxdesign.hr\/?post_type=product&#038;p=4194"},"modified":"2026-01-05T13:05:49","modified_gmt":"2026-01-05T12:05:49","slug":"drveni-clipboard-za-meni-p-301a4","status":"publish","type":"product","link":"https:\/\/kikaxdesign.hr\/de\/product\/drveni-clipboard-za-meni-p-301a4\/","title":{"rendered":"Men\u00fc-Klemmbrett aus Holz P-301a4"},"content":{"rendered":"<p>Men\u00fc-Klemmbretter aus Holz werden in verschiedenen Formen und Ausf\u00fchrungen hergestellt und auf Bestellung ab einer Mindestmenge von 30 St\u00fcck gefertigt.<\/p>","protected":false},"excerpt":{"rendered":"<p>&#8211; A4 lakirani clipboard za kartu<\/p>\n<p>\u2013 wird auf Bestellung ab einer Mindestmenge von 30 St\u00fcck gefertigt.<\/p>","protected":false},"featured_media":6547,"template":"","meta":{"_acf_changed":false},"product_brand":[],"product_cat":[91],"product_tag":[],"class_list":{"0":"post-4194","1":"product","2":"type-product","3":"status-publish","4":"has-post-thumbnail","6":"product_cat-drvene-korice-za-meni-i-clipboardi","8":"first","9":"instock","10":"taxable","11":"shipping-taxable","12":"product-type-bundle"},"bundled_by":[],"bundle_stock_status":"instock","bundle_stock_quantity":"","bundle_virtual":false,"bundle_layout":"default","bundle_add_to_cart_form_location":"default","bundle_editable_in_cart":false,"bundle_sold_individually_context":"product","bundle_item_grouping":"parent","bundle_min_size":"","bundle_max_size":"","bundle_price":{"price":{"min":{"incl_tax":"13.00","excl_tax":"10.40"},"max":{"incl_tax":"21.3","excl_tax":"17.04"}},"regular_price":{"min":{"incl_tax":"13.00","excl_tax":"10.40"},"max":{"incl_tax":"21.3","excl_tax":"17.04"}}},"bundled_items":[{"bundled_item_id":415,"product_id":3515,"menu_order":0,"quantity_min":1,"quantity_max":1,"quantity_default":1,"priced_individually":true,"shipped_individually":true,"override_title":false,"title":"Lasergravur von Logos oder Inschriften","override_description":false,"description":"","optional":true,"hide_thumbnail":false,"discount":"","override_variations":false,"allowed_variations":[],"override_default_variation_attributes":false,"default_variation_attributes":[],"single_product_visibility":"visible","cart_visibility":"visible","order_visibility":"visible","single_product_price_visibility":"visible","cart_price_visibility":"visible","order_price_visibility":"visible","stock_status":"in_stock"}],"bundle_sell_ids":[],"exclude_global_add_ons":[],"addons":[],"acf":[],"_links":{"self":[{"href":"https:\/\/kikaxdesign.hr\/de\/wp-json\/wp\/v2\/product\/4194","targetHints":{"allow":["GET"]}}],"collection":[{"href":"https:\/\/kikaxdesign.hr\/de\/wp-json\/wp\/v2\/product"}],"about":[{"href":"https:\/\/kikaxdesign.hr\/de\/wp-json\/wp\/v2\/types\/product"}],"wp:featuredmedia":[{"embeddable":true,"href":"https:\/\/kikaxdesign.hr\/de\/wp-json\/wp\/v2\/media\/6547"}],"wp:attachment":[{"href":"https:\/\/kikaxdesign.hr\/de\/wp-json\/wp\/v2\/media?parent=4194"}],"wp:term":[{"taxonomy":"product_brand","embeddable":true,"href":"https:\/\/kikaxdesign.hr\/de\/wp-json\/wp\/v2\/product_brand?post=4194"},{"taxonomy":"product_cat","embeddable":true,"href":"https:\/\/kikaxdesign.hr\/de\/wp-json\/wp\/v2\/product_cat?post=4194"},{"taxonomy":"product_tag","embeddable":true,"href":"https:\/\/kikaxdesign.hr\/de\/wp-json\/wp\/v2\/product_tag?post=4194"}],"curies":[{"name":"wp","href":"https:\/\/api.w.org\/{rel}","templated":true}]}}