{"id":4186,"date":"2025-10-12T17:41:52","date_gmt":"2025-10-12T15:41:52","guid":{"rendered":"https:\/\/kikaxdesign.hr\/?post_type=product&#038;p=4186"},"modified":"2025-12-12T11:01:04","modified_gmt":"2025-12-12T10:01:04","slug":"drvene-korice-za-meni-p-361a4m2","status":"publish","type":"product","link":"https:\/\/kikaxdesign.hr\/de\/product\/drvene-korice-za-meni-p-361a4m2\/","title":{"rendered":"Men\u00fcdeckel aus Holz P-361a4m2 \u2013 lackiert"},"content":{"rendered":"<p>Holzklappmen\u00fckartenh\u00fcllen werden in verschiedenen Formen und Ausf\u00fchrungen auf Bestellung hergestellt, wobei die Mindestbestellmenge 30 St\u00fcck betr\u00e4gt.<\/p>","protected":false},"excerpt":{"rendered":"<p>Klappbare Holzdeckel, lackiert in altem Nussbaumfarbton, f\u00fcr A4-Format<\/p>\n<p>\u2013 wird auf Bestellung ab einer Mindestmenge von 30 St\u00fcck gefertigt.<\/p>","protected":false},"featured_media":4188,"template":"","meta":{"_acf_changed":false},"product_brand":[],"product_cat":[91],"product_tag":[],"class_list":{"0":"post-4186","1":"product","2":"type-product","3":"status-publish","4":"has-post-thumbnail","6":"product_cat-drvene-korice-za-meni-i-clipboardi","8":"first","9":"instock","10":"taxable","11":"shipping-taxable","12":"product-type-bundle"},"bundled_by":[],"bundle_stock_status":"instock","bundle_stock_quantity":"","bundle_virtual":false,"bundle_layout":"default","bundle_add_to_cart_form_location":"default","bundle_editable_in_cart":false,"bundle_sold_individually_context":"product","bundle_item_grouping":"parent","bundle_min_size":"","bundle_max_size":"","bundle_price":{"price":{"min":{"incl_tax":"15.00","excl_tax":"12.00"},"max":{"incl_tax":"23.3","excl_tax":"18.64"}},"regular_price":{"min":{"incl_tax":"15.00","excl_tax":"12.00"},"max":{"incl_tax":"23.3","excl_tax":"18.64"}}},"bundled_items":[{"bundled_item_id":409,"product_id":3515,"menu_order":0,"quantity_min":1,"quantity_max":1,"quantity_default":1,"priced_individually":true,"shipped_individually":true,"override_title":false,"title":"Lasergravur von Logos oder Inschriften","override_description":false,"description":"","optional":true,"hide_thumbnail":false,"discount":"","override_variations":false,"allowed_variations":[],"override_default_variation_attributes":false,"default_variation_attributes":[],"single_product_visibility":"visible","cart_visibility":"visible","order_visibility":"visible","single_product_price_visibility":"visible","cart_price_visibility":"visible","order_price_visibility":"visible","stock_status":"in_stock"}],"bundle_sell_ids":[],"exclude_global_add_ons":[],"addons":[],"acf":[],"_links":{"self":[{"href":"https:\/\/kikaxdesign.hr\/de\/wp-json\/wp\/v2\/product\/4186","targetHints":{"allow":["GET"]}}],"collection":[{"href":"https:\/\/kikaxdesign.hr\/de\/wp-json\/wp\/v2\/product"}],"about":[{"href":"https:\/\/kikaxdesign.hr\/de\/wp-json\/wp\/v2\/types\/product"}],"wp:featuredmedia":[{"embeddable":true,"href":"https:\/\/kikaxdesign.hr\/de\/wp-json\/wp\/v2\/media\/4188"}],"wp:attachment":[{"href":"https:\/\/kikaxdesign.hr\/de\/wp-json\/wp\/v2\/media?parent=4186"}],"wp:term":[{"taxonomy":"product_brand","embeddable":true,"href":"https:\/\/kikaxdesign.hr\/de\/wp-json\/wp\/v2\/product_brand?post=4186"},{"taxonomy":"product_cat","embeddable":true,"href":"https:\/\/kikaxdesign.hr\/de\/wp-json\/wp\/v2\/product_cat?post=4186"},{"taxonomy":"product_tag","embeddable":true,"href":"https:\/\/kikaxdesign.hr\/de\/wp-json\/wp\/v2\/product_tag?post=4186"}],"curies":[{"name":"wp","href":"https:\/\/api.w.org\/{rel}","templated":true}]}}