{"id":4135,"date":"2025-10-12T16:54:15","date_gmt":"2025-10-12T14:54:15","guid":{"rendered":"https:\/\/kikaxdesign.hr\/?post_type=product&#038;p=4135"},"modified":"2025-12-12T11:27:07","modified_gmt":"2025-12-12T10:27:07","slug":"drvena-kutija-za-fotke-18x13-i-stick-k-146pbf18","status":"publish","type":"product","link":"https:\/\/kikaxdesign.hr\/de\/product\/drvena-kutija-za-fotke-18x13-i-stick-k-146pbf18\/","title":{"rendered":"Holzfotobox 18\u00d713 und Klebestreifen K-146Pbf18"},"content":{"rendered":"<p>Holzboxen mit Schiebedeckel f\u00fcr USB-Sticks, Fotos und DVDs werden aus massivem Kiefernholz und mehrschichtigem Birkenholz gefertigt. Das naturbelassene, geschliffene Holz f\u00fchlt sich angenehm warm an und vermittelt ein Gef\u00fchl der Verbundenheit mit der Natur. Das Modell PBD ist in seinen Abmessungen \u2013 mit dem passenden Platz f\u00fcr unseren USB-Stick \u2013 an die Gr\u00f6\u00dfe einer DVD angepasst (selbstverst\u00e4ndlich ohne Plastikh\u00fclle). Die Modelle PBF und PBF18 verf\u00fcgen \u00fcber Fotof\u00e4cher mit den Ma\u00dfen 13 x 10 cm bzw. 18 x 13 cm. Seit Kurzem bieten wir auch 20 x 15 cm gro\u00dfe Fotoboxen an, das Modell K-106Pbf20. Verziert mit etwas Bast und einer Lasergravur des Fotostudios und\/oder der Namen des Brautpaares, bilden sie eine ideale, kleinere Geschenkverpackung.<\/p>\n<p>&nbsp;<\/p>\n<p>Die neueren Modelle K-146Pbf\/K-146Pbf18 sind mit Palisanderbeize impr\u00e4gniert und bilden zusammen mit den gleich behandelten Holzleisten ein exklusiveres Gesamtpaket.<\/p>","protected":false},"excerpt":{"rendered":"<p>\u2013 eine palisanderfarbene Holzkiste<\/p>","protected":false},"featured_media":4136,"template":"","meta":{"_acf_changed":false},"product_brand":[],"product_cat":[87],"product_tag":[],"class_list":{"0":"post-4135","1":"product","2":"type-product","3":"status-publish","4":"has-post-thumbnail","6":"product_cat-kutije-za-fotke-i-stickove","8":"first","9":"instock","10":"taxable","11":"shipping-taxable","12":"product-type-bundle"},"bundled_by":[],"bundle_stock_status":"instock","bundle_stock_quantity":"","bundle_virtual":false,"bundle_layout":"default","bundle_add_to_cart_form_location":"default","bundle_editable_in_cart":false,"bundle_sold_individually_context":"product","bundle_item_grouping":"parent","bundle_min_size":"","bundle_max_size":"","bundle_price":{"price":{"min":{"incl_tax":"12.60","excl_tax":"10.08"},"max":{"incl_tax":"22.55","excl_tax":"18.04"}},"regular_price":{"min":{"incl_tax":"12.60","excl_tax":"10.08"},"max":{"incl_tax":"22.55","excl_tax":"18.04"}}},"bundled_items":[{"bundled_item_id":1232,"product_id":5943,"menu_order":0,"quantity_min":1,"quantity_max":1,"quantity_default":1,"priced_individually":true,"shipped_individually":true,"override_title":false,"title":"3D-CNC-Gravur","override_description":false,"description":"","optional":true,"hide_thumbnail":false,"discount":"","override_variations":false,"allowed_variations":[],"override_default_variation_attributes":false,"default_variation_attributes":[],"single_product_visibility":"visible","cart_visibility":"visible","order_visibility":"visible","single_product_price_visibility":"visible","cart_price_visibility":"visible","order_price_visibility":"visible","stock_status":"in_stock"}],"bundle_sell_ids":[],"exclude_global_add_ons":[],"addons":[],"acf":[],"_links":{"self":[{"href":"https:\/\/kikaxdesign.hr\/de\/wp-json\/wp\/v2\/product\/4135","targetHints":{"allow":["GET"]}}],"collection":[{"href":"https:\/\/kikaxdesign.hr\/de\/wp-json\/wp\/v2\/product"}],"about":[{"href":"https:\/\/kikaxdesign.hr\/de\/wp-json\/wp\/v2\/types\/product"}],"wp:featuredmedia":[{"embeddable":true,"href":"https:\/\/kikaxdesign.hr\/de\/wp-json\/wp\/v2\/media\/4136"}],"wp:attachment":[{"href":"https:\/\/kikaxdesign.hr\/de\/wp-json\/wp\/v2\/media?parent=4135"}],"wp:term":[{"taxonomy":"product_brand","embeddable":true,"href":"https:\/\/kikaxdesign.hr\/de\/wp-json\/wp\/v2\/product_brand?post=4135"},{"taxonomy":"product_cat","embeddable":true,"href":"https:\/\/kikaxdesign.hr\/de\/wp-json\/wp\/v2\/product_cat?post=4135"},{"taxonomy":"product_tag","embeddable":true,"href":"https:\/\/kikaxdesign.hr\/de\/wp-json\/wp\/v2\/product_tag?post=4135"}],"curies":[{"name":"wp","href":"https:\/\/api.w.org\/{rel}","templated":true}]}}