{"id":4119,"date":"2025-10-12T16:39:38","date_gmt":"2025-10-12T14:39:38","guid":{"rendered":"https:\/\/kikaxdesign.hr\/?post_type=product&#038;p=4119"},"modified":"2025-12-12T11:24:40","modified_gmt":"2025-12-12T10:24:40","slug":"drvena-kutija-za-photobook-k-111pbm","status":"publish","type":"product","link":"https:\/\/kikaxdesign.hr\/de\/product\/drvena-kutija-za-photobook-k-111pbm\/","title":{"rendered":"Fotobuchbox aus Holz K-111Pbm"},"content":{"rendered":"<p>Die Holzboxen f\u00fcr B\u00fccher mit Klappdeckel sind im Standardsortiment in vier Gr\u00f6\u00dfen erh\u00e4ltlich: 21 x 21 cm, 20 x 30 cm, 30 x 30 cm und 40 x 30 cm. Die gr\u00f6\u00dfte Box bietet zus\u00e4tzlich 5 cm Platz an jeder Seite f\u00fcr einen USB-Stick oder \u00c4hnliches. Aufgrund ihres Verwendungszwecks ist die Verarbeitung etwas feiner als bei den klassischen K-111-Modellen. Die Boxen eignen sich f\u00fcr Lasergravuren.<\/p>\n<p>Neuere Modelle gibt es als Variante mit Schiebedeckel, in zwei Gr\u00f6\u00dfen \u2013 f\u00fcr B\u00fccher 30*30 und 40*30 cm \u2013 und in zwei Verarbeitungstechniken \u2013 einer geb\u00fcrsteten Naturvariante und einer braunen Variante mit Palisanderglasur, die sich besonders f\u00fcr die 3D-CNC-Gravur von Logos oder Namen eignet.<\/p>","protected":false},"excerpt":{"rendered":"<p>\u2013 Klappbare Holzkiste f\u00fcr ein 30\u00d730 cm gro\u00dfes Fotobuch<\/p>","protected":false},"featured_media":4120,"template":"","meta":{"_acf_changed":false},"product_brand":[],"product_cat":[144],"product_tag":[],"class_list":{"0":"post-4119","1":"product","2":"type-product","3":"status-publish","4":"has-post-thumbnail","6":"product_cat-preklopne-drvene-kutije-za-photobookove-kutije-za-bookove-drveni-program-za-fotografe-veleprodaja","8":"first","9":"instock","10":"taxable","11":"shipping-taxable","12":"product-type-bundle"},"bundled_by":[],"bundle_stock_status":"instock","bundle_stock_quantity":"","bundle_virtual":false,"bundle_layout":"default","bundle_add_to_cart_form_location":"default","bundle_editable_in_cart":false,"bundle_sold_individually_context":"product","bundle_item_grouping":"parent","bundle_min_size":"","bundle_max_size":"","bundle_price":{"price":{"min":{"incl_tax":"14.31","excl_tax":"11.45"},"max":{"incl_tax":"22.61","excl_tax":"18.09"}},"regular_price":{"min":{"incl_tax":"14.31","excl_tax":"11.45"},"max":{"incl_tax":"22.61","excl_tax":"18.09"}}},"bundled_items":[{"bundled_item_id":369,"product_id":3515,"menu_order":0,"quantity_min":1,"quantity_max":1,"quantity_default":1,"priced_individually":true,"shipped_individually":true,"override_title":false,"title":"Lasergravur von Logos oder Inschriften","override_description":false,"description":"","optional":true,"hide_thumbnail":false,"discount":"","override_variations":false,"allowed_variations":[],"override_default_variation_attributes":false,"default_variation_attributes":[],"single_product_visibility":"visible","cart_visibility":"visible","order_visibility":"visible","single_product_price_visibility":"visible","cart_price_visibility":"visible","order_price_visibility":"visible","stock_status":"in_stock"}],"bundle_sell_ids":[],"exclude_global_add_ons":[],"addons":[],"acf":[],"_links":{"self":[{"href":"https:\/\/kikaxdesign.hr\/de\/wp-json\/wp\/v2\/product\/4119","targetHints":{"allow":["GET"]}}],"collection":[{"href":"https:\/\/kikaxdesign.hr\/de\/wp-json\/wp\/v2\/product"}],"about":[{"href":"https:\/\/kikaxdesign.hr\/de\/wp-json\/wp\/v2\/types\/product"}],"wp:featuredmedia":[{"embeddable":true,"href":"https:\/\/kikaxdesign.hr\/de\/wp-json\/wp\/v2\/media\/4120"}],"wp:attachment":[{"href":"https:\/\/kikaxdesign.hr\/de\/wp-json\/wp\/v2\/media?parent=4119"}],"wp:term":[{"taxonomy":"product_brand","embeddable":true,"href":"https:\/\/kikaxdesign.hr\/de\/wp-json\/wp\/v2\/product_brand?post=4119"},{"taxonomy":"product_cat","embeddable":true,"href":"https:\/\/kikaxdesign.hr\/de\/wp-json\/wp\/v2\/product_cat?post=4119"},{"taxonomy":"product_tag","embeddable":true,"href":"https:\/\/kikaxdesign.hr\/de\/wp-json\/wp\/v2\/product_tag?post=4119"}],"curies":[{"name":"wp","href":"https:\/\/api.w.org\/{rel}","templated":true}]}}