{"id":4107,"date":"2025-10-12T16:29:33","date_gmt":"2025-10-12T14:29:33","guid":{"rendered":"https:\/\/kikaxdesign.hr\/?post_type=product&#038;p=4107"},"modified":"2025-12-12T11:23:13","modified_gmt":"2025-12-12T10:23:13","slug":"drveni-kovceg-bijelo-lakirani-kr-411pbm","status":"publish","type":"product","link":"https:\/\/kikaxdesign.hr\/de\/product\/drveni-kovceg-bijelo-lakirani-kr-411pbm\/","title":{"rendered":"Holztruhe, wei\u00df lackiert KR-411Pbm"},"content":{"rendered":"<p>Exklusive lackierte Boxen f\u00fcr Fotob\u00fccher stellen die hochwertigste Variante von Boxen f\u00fcr Fotob\u00fccher dar. Sie sind in zwei Gr\u00f6\u00dfen erh\u00e4ltlich und verf\u00fcgen \u00fcber einen praktischen Tragegriff. Das schwarze Modell aus dem Standardsortiment ist mit einem matten schwarzen Lack versehen, w\u00e4hrend die wei\u00dfe Variante mit einem mehrschichtigen Glanzlack \u00fcberzogen ist. Die Boxen sind standardm\u00e4\u00dfig mit einem Innenfutter aus Samt in Wildlederoptik ausgestattet, das den Boden und den Deckel der Box bedeckt. Die Boxen sind mit hochwertigen Beschl\u00e4gen, hochgl\u00e4nzenden Rei\u00dfverschl\u00fcssen und einem verchromten Scharnier ausgestattet, das den Deckel im ge\u00f6ffneten Zustand in einem Winkel von ca. 110 Grad h\u00e4lt. Zus\u00e4tzlich zur Laser- oder CNC-Gravur ist es auch m\u00f6glich, ein Vollfarb- oder Schwarz-Wei\u00df-Foto des Paares im UV-Druckverfahren auf die Boxen zu drucken.<\/p>","protected":false},"excerpt":{"rendered":"<p>-Hochwertige lackierte Holzbox-Schatulle f\u00fcr ein 30\u00d730 cm gro\u00dfes Fotobuch<\/p>","protected":false},"featured_media":4108,"template":"","meta":{"_acf_changed":false},"product_brand":[],"product_cat":[141],"product_tag":[],"class_list":{"0":"post-4107","1":"product","2":"type-product","3":"status-publish","4":"has-post-thumbnail","6":"product_cat-lakirane-drvene-kutije-za-photobookove-kutije-za-bookove-drveni-program-za-fotografe-veleprodaja","8":"first","9":"instock","10":"taxable","11":"shipping-taxable","12":"product-type-bundle"},"bundled_by":[],"bundle_stock_status":"instock","bundle_stock_quantity":"","bundle_virtual":false,"bundle_layout":"default","bundle_add_to_cart_form_location":"default","bundle_editable_in_cart":false,"bundle_sold_individually_context":"product","bundle_item_grouping":"parent","bundle_min_size":"","bundle_max_size":"","bundle_price":{"price":{"min":{"incl_tax":"40.88","excl_tax":"32.70"},"max":{"incl_tax":"49.18","excl_tax":"39.34"}},"regular_price":{"min":{"incl_tax":"40.88","excl_tax":"32.70"},"max":{"incl_tax":"49.18","excl_tax":"39.34"}}},"bundled_items":[{"bundled_item_id":361,"product_id":3515,"menu_order":0,"quantity_min":1,"quantity_max":1,"quantity_default":1,"priced_individually":true,"shipped_individually":true,"override_title":false,"title":"Lasergravur von Logos oder Inschriften","override_description":false,"description":"","optional":true,"hide_thumbnail":false,"discount":"","override_variations":false,"allowed_variations":[],"override_default_variation_attributes":false,"default_variation_attributes":[],"single_product_visibility":"visible","cart_visibility":"visible","order_visibility":"visible","single_product_price_visibility":"visible","cart_price_visibility":"visible","order_price_visibility":"visible","stock_status":"in_stock"}],"bundle_sell_ids":[],"exclude_global_add_ons":[],"addons":[],"acf":[],"_links":{"self":[{"href":"https:\/\/kikaxdesign.hr\/de\/wp-json\/wp\/v2\/product\/4107","targetHints":{"allow":["GET"]}}],"collection":[{"href":"https:\/\/kikaxdesign.hr\/de\/wp-json\/wp\/v2\/product"}],"about":[{"href":"https:\/\/kikaxdesign.hr\/de\/wp-json\/wp\/v2\/types\/product"}],"wp:featuredmedia":[{"embeddable":true,"href":"https:\/\/kikaxdesign.hr\/de\/wp-json\/wp\/v2\/media\/4108"}],"wp:attachment":[{"href":"https:\/\/kikaxdesign.hr\/de\/wp-json\/wp\/v2\/media?parent=4107"}],"wp:term":[{"taxonomy":"product_brand","embeddable":true,"href":"https:\/\/kikaxdesign.hr\/de\/wp-json\/wp\/v2\/product_brand?post=4107"},{"taxonomy":"product_cat","embeddable":true,"href":"https:\/\/kikaxdesign.hr\/de\/wp-json\/wp\/v2\/product_cat?post=4107"},{"taxonomy":"product_tag","embeddable":true,"href":"https:\/\/kikaxdesign.hr\/de\/wp-json\/wp\/v2\/product_tag?post=4107"}],"curies":[{"name":"wp","href":"https:\/\/api.w.org\/{rel}","templated":true}]}}