{"id":4085,"date":"2025-10-12T16:01:45","date_gmt":"2025-10-12T14:01:45","guid":{"rendered":"https:\/\/kikaxdesign.hr\/?post_type=product&#038;p=4085"},"modified":"2025-12-12T11:18:59","modified_gmt":"2025-12-12T10:18:59","slug":"kovceg-za-photobook-kr-111pbm","status":"publish","type":"product","link":"https:\/\/kikaxdesign.hr\/de\/product\/kovceg-za-photobook-kr-111pbm\/","title":{"rendered":"Fotobuchh\u00fclle KR-111pbm"},"content":{"rendered":"<p>B\u00fccherboxen aus Holz mit Griff, gefertigt aus nat\u00fcrlichem Flechtmaterial, sind dauerhaft in zwei Gr\u00f6\u00dfen erh\u00e4ltlich: f\u00fcr B\u00fccher der Formate 30 x 30 cm und 40 x 30 cm. Die KR-Modelle mit Griff sind besonders praktisch f\u00fcr Hochzeitsb\u00fccher, da keine zus\u00e4tzliche Tasche ben\u00f6tigt wird, um Buch und Box zu transportieren. Die Box dient gleichzeitig als Tragetasche. Im Gegensatz zu klassischen Boxen verf\u00fcgt sie \u00fcber zwei stabile Haken anstelle eines Klickverschlusses, die ein versehentliches \u00d6ffnen beim Tragen verhindern. Wie bei anderen Naturholzmodellen empfiehlt sich auch hier eine Lasergravur.<\/p>","protected":false},"excerpt":{"rendered":"<p>Klappbare Holzkiste f\u00fcr ein Buch, 30 \u00d7 30 cm<\/p>","protected":false},"featured_media":5147,"template":"","meta":{"_acf_changed":false},"product_brand":[],"product_cat":[139],"product_tag":[],"class_list":{"0":"post-4085","1":"product","2":"type-product","3":"status-publish","4":"has-post-thumbnail","6":"product_cat-drvene-kutije-sa-ruckom-za-nosenje-kovcezi-kutije-za-bookove-drveni-program-za-fotografe-veleprodaja","8":"first","9":"instock","10":"taxable","11":"shipping-taxable","12":"product-type-bundle"},"bundled_by":[],"bundle_stock_status":"instock","bundle_stock_quantity":"","bundle_virtual":false,"bundle_layout":"default","bundle_add_to_cart_form_location":"default","bundle_editable_in_cart":false,"bundle_sold_individually_context":"product","bundle_item_grouping":"parent","bundle_min_size":"","bundle_max_size":"","bundle_price":{"price":{"min":{"incl_tax":"14.31","excl_tax":"11.45"},"max":{"incl_tax":"22.61","excl_tax":"18.09"}},"regular_price":{"min":{"incl_tax":"14.31","excl_tax":"11.45"},"max":{"incl_tax":"22.61","excl_tax":"18.09"}}},"bundled_items":[{"bundled_item_id":347,"product_id":3515,"menu_order":0,"quantity_min":1,"quantity_max":1,"quantity_default":1,"priced_individually":true,"shipped_individually":true,"override_title":false,"title":"Lasergravur von Logos oder Inschriften","override_description":false,"description":"","optional":true,"hide_thumbnail":false,"discount":"","override_variations":false,"allowed_variations":[],"override_default_variation_attributes":false,"default_variation_attributes":[],"single_product_visibility":"visible","cart_visibility":"visible","order_visibility":"visible","single_product_price_visibility":"visible","cart_price_visibility":"visible","order_price_visibility":"visible","stock_status":"in_stock"}],"bundle_sell_ids":[],"exclude_global_add_ons":[],"addons":[],"acf":[],"_links":{"self":[{"href":"https:\/\/kikaxdesign.hr\/de\/wp-json\/wp\/v2\/product\/4085","targetHints":{"allow":["GET"]}}],"collection":[{"href":"https:\/\/kikaxdesign.hr\/de\/wp-json\/wp\/v2\/product"}],"about":[{"href":"https:\/\/kikaxdesign.hr\/de\/wp-json\/wp\/v2\/types\/product"}],"wp:featuredmedia":[{"embeddable":true,"href":"https:\/\/kikaxdesign.hr\/de\/wp-json\/wp\/v2\/media\/5147"}],"wp:attachment":[{"href":"https:\/\/kikaxdesign.hr\/de\/wp-json\/wp\/v2\/media?parent=4085"}],"wp:term":[{"taxonomy":"product_brand","embeddable":true,"href":"https:\/\/kikaxdesign.hr\/de\/wp-json\/wp\/v2\/product_brand?post=4085"},{"taxonomy":"product_cat","embeddable":true,"href":"https:\/\/kikaxdesign.hr\/de\/wp-json\/wp\/v2\/product_cat?post=4085"},{"taxonomy":"product_tag","embeddable":true,"href":"https:\/\/kikaxdesign.hr\/de\/wp-json\/wp\/v2\/product_tag?post=4085"}],"curies":[{"name":"wp","href":"https:\/\/api.w.org\/{rel}","templated":true}]}}