{"id":3963,"date":"2025-10-12T09:46:01","date_gmt":"2025-10-12T07:46:01","guid":{"rendered":"https:\/\/kikaxdesign.hr\/?post_type=product&#038;p=3963"},"modified":"2025-12-12T12:09:40","modified_gmt":"2025-12-12T11:09:40","slug":"drvena-natpisna-ploca","status":"publish","type":"product","link":"https:\/\/kikaxdesign.hr\/de\/product\/drvena-natpisna-ploca\/","title":{"rendered":"Holzschild P-101x"},"content":{"rendered":"<p>Drvene natpisne plo\u010de izra\u0111ujemo u raznim debljinama sa laserskom gravurom do veli\u010dine 1525&#215;1200 mm, ili cnc gravurom na tamnijim podlogma do veli\u010dine 800&#215;700 mm.<\/p>\n<p>Na plo\u010de se mogu montirati i nosa\u010di za vje\u0161anje.<\/p>","protected":false},"excerpt":{"rendered":"<p>Drvena natpisna plo\u010da po mjeri 60&#215;40 cm, mogu\u0107a izrada i u drugim dimenzijama.<\/p>","protected":false},"featured_media":3964,"template":"","meta":{"_acf_changed":false},"product_brand":[],"product_cat":[103],"product_tag":[],"class_list":{"0":"post-3963","1":"product","2":"type-product","3":"status-publish","4":"has-post-thumbnail","6":"product_cat-drvene-zidne-karte-i-natpisne-ploce-i-zahvalnice","8":"first","9":"instock","10":"taxable","11":"shipping-taxable","12":"product-type-bundle"},"bundled_by":[],"bundle_stock_status":"instock","bundle_stock_quantity":"","bundle_virtual":false,"bundle_layout":"default","bundle_add_to_cart_form_location":"default","bundle_editable_in_cart":false,"bundle_sold_individually_context":"product","bundle_item_grouping":"parent","bundle_min_size":"","bundle_max_size":"","bundle_price":{"price":{"min":{"incl_tax":"40.00","excl_tax":"32.00"},"max":{"incl_tax":"48.3","excl_tax":"38.64"}},"regular_price":{"min":{"incl_tax":"40.00","excl_tax":"32.00"},"max":{"incl_tax":"48.3","excl_tax":"38.64"}}},"bundled_items":[{"bundled_item_id":287,"product_id":3515,"menu_order":0,"quantity_min":1,"quantity_max":1,"quantity_default":1,"priced_individually":true,"shipped_individually":true,"override_title":false,"title":"Lasergravur von Logos oder Inschriften","override_description":false,"description":"","optional":true,"hide_thumbnail":false,"discount":"","override_variations":false,"allowed_variations":[],"override_default_variation_attributes":false,"default_variation_attributes":[],"single_product_visibility":"visible","cart_visibility":"visible","order_visibility":"visible","single_product_price_visibility":"visible","cart_price_visibility":"visible","order_price_visibility":"visible","stock_status":"in_stock"}],"bundle_sell_ids":[],"exclude_global_add_ons":[],"addons":[],"acf":[],"_links":{"self":[{"href":"https:\/\/kikaxdesign.hr\/de\/wp-json\/wp\/v2\/product\/3963","targetHints":{"allow":["GET"]}}],"collection":[{"href":"https:\/\/kikaxdesign.hr\/de\/wp-json\/wp\/v2\/product"}],"about":[{"href":"https:\/\/kikaxdesign.hr\/de\/wp-json\/wp\/v2\/types\/product"}],"wp:featuredmedia":[{"embeddable":true,"href":"https:\/\/kikaxdesign.hr\/de\/wp-json\/wp\/v2\/media\/3964"}],"wp:attachment":[{"href":"https:\/\/kikaxdesign.hr\/de\/wp-json\/wp\/v2\/media?parent=3963"}],"wp:term":[{"taxonomy":"product_brand","embeddable":true,"href":"https:\/\/kikaxdesign.hr\/de\/wp-json\/wp\/v2\/product_brand?post=3963"},{"taxonomy":"product_cat","embeddable":true,"href":"https:\/\/kikaxdesign.hr\/de\/wp-json\/wp\/v2\/product_cat?post=3963"},{"taxonomy":"product_tag","embeddable":true,"href":"https:\/\/kikaxdesign.hr\/de\/wp-json\/wp\/v2\/product_tag?post=3963"}],"curies":[{"name":"wp","href":"https:\/\/api.w.org\/{rel}","templated":true}]}}