{"id":3961,"date":"2025-10-12T09:44:26","date_gmt":"2025-10-12T07:44:26","guid":{"rendered":"https:\/\/kikaxdesign.hr\/?post_type=product&#038;p=3961"},"modified":"2025-12-12T12:09:29","modified_gmt":"2025-12-12T11:09:29","slug":"drvena-karta-zidna-wm250","status":"publish","type":"product","link":"https:\/\/kikaxdesign.hr\/de\/product\/drvena-karta-zidna-wm250\/","title":{"rendered":"Holzwandkarte WM250"},"content":{"rendered":"<p>Die zusammengesetzte Weltkarte f\u00fcr die Wand wird in verschiedenen Gr\u00f6\u00dfen und Ausf\u00fchrungen hergestellt, von 126\u00d787 cm bis 250\u00d7160 cm, in einer nat\u00fcrlichen oder mehrfarbigen Version.<\/p>\n<p>Allen Modellen gemeinsam ist, dass sie in einer h\u00f6lzernen Geschenkbox geliefert werden, zusammen mit einer Montageanleitung und doppelseitigem DSA-Montageklebeband.<\/p>\n<p>Die h\u00f6lzernen Wappen werden in zwei Ausf\u00fchrungen gefertigt: als gr\u00f6\u00dferes, wandmontiertes Modell oder als kleineres, freistehendes Tischmodell. Dank der zwei Beizt\u00f6ne \u2013 Braun (Veccio Noce) und Rot (Vino Rosso) \u2013 f\u00fcgen sie sich harmonisch in die \u00fcbrige B\u00fcroeinrichtung ein.<\/p>","protected":false},"excerpt":{"rendered":"<p>Gro\u00dfe 3D-Weltwandkarte, 2,5 m breit, in einer Geschenkbox.<\/p>","protected":false},"featured_media":3978,"template":"","meta":{"_acf_changed":false},"product_brand":[],"product_cat":[103],"product_tag":[],"class_list":{"0":"post-3961","1":"product","2":"type-product","3":"status-publish","4":"has-post-thumbnail","6":"product_cat-drvene-zidne-karte-i-natpisne-ploce-i-zahvalnice","8":"first","9":"instock","10":"taxable","11":"shipping-taxable","12":"product-type-bundle"},"bundled_by":[],"bundle_stock_status":"instock","bundle_stock_quantity":"","bundle_virtual":false,"bundle_layout":"default","bundle_add_to_cart_form_location":"default","bundle_editable_in_cart":false,"bundle_sold_individually_context":"product","bundle_item_grouping":"parent","bundle_min_size":"","bundle_max_size":"","bundle_price":{"price":{"min":{"incl_tax":"383.24","excl_tax":"306.59"},"max":{"incl_tax":"391.54","excl_tax":"313.23"}},"regular_price":{"min":{"incl_tax":"383.24","excl_tax":"306.59"},"max":{"incl_tax":"391.54","excl_tax":"313.23"}}},"bundled_items":[{"bundled_item_id":285,"product_id":3515,"menu_order":0,"quantity_min":1,"quantity_max":1,"quantity_default":1,"priced_individually":true,"shipped_individually":true,"override_title":false,"title":"Lasergravur von Logos oder Inschriften","override_description":false,"description":"","optional":true,"hide_thumbnail":false,"discount":"","override_variations":false,"allowed_variations":[],"override_default_variation_attributes":false,"default_variation_attributes":[],"single_product_visibility":"visible","cart_visibility":"visible","order_visibility":"visible","single_product_price_visibility":"visible","cart_price_visibility":"visible","order_price_visibility":"visible","stock_status":"in_stock"}],"bundle_sell_ids":[],"exclude_global_add_ons":[],"addons":[],"acf":[],"_links":{"self":[{"href":"https:\/\/kikaxdesign.hr\/de\/wp-json\/wp\/v2\/product\/3961","targetHints":{"allow":["GET"]}}],"collection":[{"href":"https:\/\/kikaxdesign.hr\/de\/wp-json\/wp\/v2\/product"}],"about":[{"href":"https:\/\/kikaxdesign.hr\/de\/wp-json\/wp\/v2\/types\/product"}],"wp:featuredmedia":[{"embeddable":true,"href":"https:\/\/kikaxdesign.hr\/de\/wp-json\/wp\/v2\/media\/3978"}],"wp:attachment":[{"href":"https:\/\/kikaxdesign.hr\/de\/wp-json\/wp\/v2\/media?parent=3961"}],"wp:term":[{"taxonomy":"product_brand","embeddable":true,"href":"https:\/\/kikaxdesign.hr\/de\/wp-json\/wp\/v2\/product_brand?post=3961"},{"taxonomy":"product_cat","embeddable":true,"href":"https:\/\/kikaxdesign.hr\/de\/wp-json\/wp\/v2\/product_cat?post=3961"},{"taxonomy":"product_tag","embeddable":true,"href":"https:\/\/kikaxdesign.hr\/de\/wp-json\/wp\/v2\/product_tag?post=3961"}],"curies":[{"name":"wp","href":"https:\/\/api.w.org\/{rel}","templated":true}]}}